{"id":114,"date":"2024-03-21T09:30:23","date_gmt":"2024-03-21T12:30:23","guid":{"rendered":"https:\/\/acho2.dev.emerald.studio\/?page_id=114"},"modified":"2025-12-03T13:17:40","modified_gmt":"2025-12-03T16:17:40","slug":"recertificacion-medica-voluntaria","status":"publish","type":"page","link":"https:\/\/acho.com.co\/en\/recertificacion-medica-voluntaria\/","title":{"rendered":"Recertificaci\u00f3n Medica Voluntaria"},"content":{"rendered":"<div data-elementor-type=\"wp-page\" data-elementor-id=\"114\" class=\"elementor elementor-114\" data-elementor-post-type=\"page\">\n\t\t\t\t<div class=\"elementor-element elementor-element-1e82e75 e-con-full elementor-hidden-tablet elementor-hidden-mobile e-flex e-con e-child\" data-id=\"1e82e75\" data-element_type=\"container\" data-settings=\"{&quot;background_background&quot;:&quot;classic&quot;}\">\n\t\t\t\t<div class=\"elementor-element elementor-element-4a71185 elementor-widget elementor-widget-heading\" data-id=\"4a71185\" data-element_type=\"widget\" data-widget_type=\"heading.default\">\n\t\t\t\t<div class=\"elementor-widget-container\">\n\t\t\t<style>\/*! elementor - v3.23.0 - 05-08-2024 *\/\n.elementor-heading-title{padding:0;margin:0;line-height:1}.elementor-widget-heading .elementor-heading-title[class*=elementor-size-]>a{color:inherit;font-size:inherit;line-height:inherit}.elementor-widget-heading .elementor-heading-title.elementor-size-small{font-size:15px}.elementor-widget-heading .elementor-heading-title.elementor-size-medium{font-size:19px}.elementor-widget-heading .elementor-heading-title.elementor-size-large{font-size:29px}.elementor-widget-heading .elementor-heading-title.elementor-size-xl{font-size:39px}.elementor-widget-heading .elementor-heading-title.elementor-size-xxl{font-size:59px}<\/style><h2 class=\"elementor-heading-title elementor-size-xl\">Recertificaci\u00f3n M\u00e9dica Voluntaria<\/h2>\t\t<\/div>\n\t\t\t\t<\/div>\n\t\t\t\t<\/div>\n\t\t<div class=\"elementor-element elementor-element-00f9bb8 e-con-full elementor-hidden-desktop e-flex e-con e-child\" data-id=\"00f9bb8\" data-element_type=\"container\" data-settings=\"{&quot;background_background&quot;:&quot;classic&quot;}\">\n\t\t\t\t<div class=\"elementor-element elementor-element-934e720 elementor-widget elementor-widget-heading\" data-id=\"934e720\" data-element_type=\"widget\" data-widget_type=\"heading.default\">\n\t\t\t\t<div class=\"elementor-widget-container\">\n\t\t\t<h2 class=\"elementor-heading-title elementor-size-xl\">Recertificaci\u00f3n M\u00e9dica Voluntaria<\/h2>\t\t<\/div>\n\t\t\t\t<\/div>\n\t\t\t\t<\/div>\n\t\t<div class=\"elementor-element elementor-element-853eeaf elementor-hidden-tablet elementor-hidden-mobile e-flex e-con-boxed e-con e-parent\" data-id=\"853eeaf\" data-element_type=\"container\">\n\t\t\t\t\t<div class=\"e-con-inner\">\n\t\t<div class=\"elementor-element elementor-element-3f4c7c1 e-con-full e-flex e-con e-child\" data-id=\"3f4c7c1\" data-element_type=\"container\">\n\t\t\t\t<div class=\"elementor-element elementor-element-f9a2b08 elementor-widget__width-initial elementor-widget elementor-widget-image\" data-id=\"f9a2b08\" data-element_type=\"widget\" data-widget_type=\"image.default\">\n\t\t\t\t<div class=\"elementor-widget-container\">\n\t\t\t<style>\/*! elementor - v3.23.0 - 05-08-2024 *\/\n.elementor-widget-image{text-align:center}.elementor-widget-image a{display:inline-block}.elementor-widget-image a img[src$=\".svg\"]{width:48px}.elementor-widget-image img{vertical-align:middle;display:inline-block}<\/style>\t\t\t\t\t\t\t\t\t\t<img fetchpriority=\"high\" decoding=\"async\" width=\"448\" height=\"433\" src=\"https:\/\/acho.com.co\/wp-content\/uploads\/2025\/12\/recertificado-1.png\" class=\"attachment-large size-large wp-image-9549\" alt=\"\" srcset=\"https:\/\/acho.com.co\/wp-content\/uploads\/2025\/12\/recertificado-1.png 448w, https:\/\/acho.com.co\/wp-content\/uploads\/2025\/12\/recertificado-1-300x290.png 300w, https:\/\/acho.com.co\/wp-content\/uploads\/2025\/12\/recertificado-1-12x12.png 12w\" sizes=\"(max-width: 448px) 100vw, 448px\" \/>\t\t\t\t\t\t\t\t\t\t\t\t\t<\/div>\n\t\t\t\t<\/div>\n\t\t\t\t<\/div>\n\t\t<div class=\"elementor-element elementor-element-0f9f219 e-con-full e-flex e-con e-child\" data-id=\"0f9f219\" data-element_type=\"container\">\n\t\t\t\t<div class=\"elementor-element elementor-element-6967793 elementor-widget elementor-widget-heading\" data-id=\"6967793\" data-element_type=\"widget\" data-widget_type=\"heading.default\">\n\t\t\t\t<div class=\"elementor-widget-container\">\n\t\t\t<h2 class=\"elementor-heading-title elementor-size-default\">\u00bfQu\u00e9 es la Recertificaci\u00f3n?<\/h2>\t\t<\/div>\n\t\t\t\t<\/div>\n\t\t\t\t<div class=\"elementor-element elementor-element-e9f2eb1 elementor-widget elementor-widget-heading\" data-id=\"e9f2eb1\" data-element_type=\"widget\" data-widget_type=\"heading.default\">\n\t\t\t\t<div class=\"elementor-widget-container\">\n\t\t\t<h2 class=\"elementor-heading-title elementor-size-default\">La RECERTIFICACI\u00d3N M\u00c9DICA VOLUNTARIA es el proceso a trav\u00e9s del cual se aseguran las competencias y habilidades del talento humano en salud.\u00a0\n\nEs un proceso continuo en el que el profesional y especialista demuestra que cuenta con conocimientos, habilidades y destrezas actualizadas.\u00a0\n\nEl sistema establecido por el CAMEC para otorgar la RCMV establece que el profesional debe obtener un total de 1000 PUNTOS durante un per\u00edodo de 5 a\u00f1os divididos en 500 PUNTOS mediante el Ejercicio Profesional y 500 PUNTOS en Educaci\u00f3n Continua, Desarrollo Acad\u00e9mico, Instrucci\u00f3n, suficiencia Mediante ex\u00e1menes y combinaciones de los anteriores.<\/h2>\t\t<\/div>\n\t\t\t\t<\/div>\n\t\t<div class=\"elementor-element elementor-element-eebd48d e-flex e-con-boxed e-con e-child\" data-id=\"eebd48d\" data-element_type=\"container\">\n\t\t\t\t\t<div class=\"e-con-inner\">\n\t\t\t\t<div class=\"elementor-element elementor-element-4edbc49 elementor-widget elementor-widget-image\" data-id=\"4edbc49\" data-element_type=\"widget\" data-widget_type=\"image.default\">\n\t\t\t\t<div class=\"elementor-widget-container\">\n\t\t\t\t\t\t\t\t\t\t\t\t\t<img decoding=\"async\" width=\"1165\" height=\"348\" src=\"https:\/\/acho.com.co\/wp-content\/uploads\/2024\/03\/Diseno-Web-ACHO-\u2013-Figma-Google-Chrome-15_2_2024-09_35_23.png\" class=\"attachment-full size-full wp-image-117\" alt=\"\" srcset=\"https:\/\/acho.com.co\/wp-content\/uploads\/2024\/03\/Diseno-Web-ACHO-\u2013-Figma-Google-Chrome-15_2_2024-09_35_23.png 1165w, https:\/\/acho.com.co\/wp-content\/uploads\/2024\/03\/Diseno-Web-ACHO-\u2013-Figma-Google-Chrome-15_2_2024-09_35_23-300x90.png 300w, https:\/\/acho.com.co\/wp-content\/uploads\/2024\/03\/Diseno-Web-ACHO-\u2013-Figma-Google-Chrome-15_2_2024-09_35_23-1024x306.png 1024w, https:\/\/acho.com.co\/wp-content\/uploads\/2024\/03\/Diseno-Web-ACHO-\u2013-Figma-Google-Chrome-15_2_2024-09_35_23-768x229.png 768w\" sizes=\"(max-width: 1165px) 100vw, 1165px\" \/>\t\t\t\t\t\t\t\t\t\t\t\t\t<\/div>\n\t\t\t\t<\/div>\n\t\t\t\t\t<\/div>\n\t\t\t\t<\/div>\n\t\t\t\t<\/div>\n\t\t\t\t\t<\/div>\n\t\t\t\t<\/div>\n\t\t<div class=\"elementor-element elementor-element-0617b4f elementor-hidden-desktop e-flex e-con-boxed e-con e-parent\" data-id=\"0617b4f\" data-element_type=\"container\">\n\t\t\t\t\t<div class=\"e-con-inner\">\n\t\t<div class=\"elementor-element elementor-element-2949a75 e-con-full e-flex e-con e-child\" data-id=\"2949a75\" data-element_type=\"container\">\n\t\t\t\t<div class=\"elementor-element elementor-element-6fb5188 elementor-widget__width-initial elementor-widget elementor-widget-image\" data-id=\"6fb5188\" data-element_type=\"widget\" data-widget_type=\"image.default\">\n\t\t\t\t<div class=\"elementor-widget-container\">\n\t\t\t\t\t\t\t\t\t\t\t\t\t<img decoding=\"async\" width=\"448\" height=\"433\" src=\"https:\/\/acho.com.co\/wp-content\/uploads\/2025\/12\/recertificado-1.png\" class=\"attachment-2048x2048 size-2048x2048 wp-image-9549\" alt=\"\" srcset=\"https:\/\/acho.com.co\/wp-content\/uploads\/2025\/12\/recertificado-1.png 448w, https:\/\/acho.com.co\/wp-content\/uploads\/2025\/12\/recertificado-1-300x290.png 300w, https:\/\/acho.com.co\/wp-content\/uploads\/2025\/12\/recertificado-1-12x12.png 12w\" sizes=\"(max-width: 448px) 100vw, 448px\" \/>\t\t\t\t\t\t\t\t\t\t\t\t\t<\/div>\n\t\t\t\t<\/div>\n\t\t\t\t<\/div>\n\t\t<div class=\"elementor-element elementor-element-5e188a3 e-con-full e-flex e-con e-child\" data-id=\"5e188a3\" data-element_type=\"container\">\n\t\t\t\t<div class=\"elementor-element elementor-element-80908d6 elementor-widget elementor-widget-heading\" data-id=\"80908d6\" data-element_type=\"widget\" data-widget_type=\"heading.default\">\n\t\t\t\t<div class=\"elementor-widget-container\">\n\t\t\t<h2 class=\"elementor-heading-title elementor-size-default\">\u00bfQu\u00e9 es la Recertificaci\u00f3n?<\/h2>\t\t<\/div>\n\t\t\t\t<\/div>\n\t\t\t\t<div class=\"elementor-element elementor-element-2835e5e elementor-widget elementor-widget-heading\" data-id=\"2835e5e\" data-element_type=\"widget\" data-widget_type=\"heading.default\">\n\t\t\t\t<div class=\"elementor-widget-container\">\n\t\t\t<h2 class=\"elementor-heading-title elementor-size-default\">La RECERTIFICACI\u00d3N M\u00c9DICA VOLUNTARIA es el proceso a trav\u00e9s del cual se aseguran las competencias y habilidades del talento humano en salud.\u00a0\n\nEs un proceso continuo en el que el profesional y especialista demuestra que cuenta con conocimientos, habilidades y destrezas actualizadas.\u00a0\n\nEl sistema establecido por el CAMEC para otorgar la RCMV establece que el profesional debe obtener un total de 1000 PUNTOS durante un per\u00edodo de 5 a\u00f1os divididos en 500 PUNTOS mediante el Ejercicio Profesional y 500 PUNTOS en Educaci\u00f3n Continua, Desarrollo Acad\u00e9mico, Instrucci\u00f3n, suficiencia Mediante ex\u00e1menes y combinaciones de los anteriores.<\/h2>\t\t<\/div>\n\t\t\t\t<\/div>\n\t\t<div class=\"elementor-element elementor-element-0b047f4 e-flex e-con-boxed e-con e-child\" data-id=\"0b047f4\" data-element_type=\"container\">\n\t\t\t\t\t<div class=\"e-con-inner\">\n\t\t\t\t<div class=\"elementor-element elementor-element-6dfc869 elementor-widget elementor-widget-image\" data-id=\"6dfc869\" data-element_type=\"widget\" data-widget_type=\"image.default\">\n\t\t\t\t<div class=\"elementor-widget-container\">\n\t\t\t\t\t\t\t\t\t\t\t\t\t<img decoding=\"async\" width=\"1165\" height=\"348\" src=\"https:\/\/acho.com.co\/wp-content\/uploads\/2024\/03\/Diseno-Web-ACHO-\u2013-Figma-Google-Chrome-15_2_2024-09_35_23.png\" class=\"attachment-full size-full wp-image-117\" alt=\"\" srcset=\"https:\/\/acho.com.co\/wp-content\/uploads\/2024\/03\/Diseno-Web-ACHO-\u2013-Figma-Google-Chrome-15_2_2024-09_35_23.png 1165w, https:\/\/acho.com.co\/wp-content\/uploads\/2024\/03\/Diseno-Web-ACHO-\u2013-Figma-Google-Chrome-15_2_2024-09_35_23-300x90.png 300w, https:\/\/acho.com.co\/wp-content\/uploads\/2024\/03\/Diseno-Web-ACHO-\u2013-Figma-Google-Chrome-15_2_2024-09_35_23-1024x306.png 1024w, https:\/\/acho.com.co\/wp-content\/uploads\/2024\/03\/Diseno-Web-ACHO-\u2013-Figma-Google-Chrome-15_2_2024-09_35_23-768x229.png 768w\" sizes=\"(max-width: 1165px) 100vw, 1165px\" \/>\t\t\t\t\t\t\t\t\t\t\t\t\t<\/div>\n\t\t\t\t<\/div>\n\t\t\t\t\t<\/div>\n\t\t\t\t<\/div>\n\t\t\t\t<\/div>\n\t\t\t\t\t<\/div>\n\t\t\t\t<\/div>\n\t\t<div class=\"elementor-element elementor-element-eceff75 elementor-hidden-tablet elementor-hidden-mobile e-flex e-con-boxed e-con e-parent\" data-id=\"eceff75\" data-element_type=\"container\">\n\t\t\t\t\t<div class=\"e-con-inner\">\n\t\t\t\t<div class=\"elementor-element elementor-element-5d96e77 elementor-widget elementor-widget-heading\" data-id=\"5d96e77\" data-element_type=\"widget\" data-widget_type=\"heading.default\">\n\t\t\t\t<div class=\"elementor-widget-container\">\n\t\t\t<h2 class=\"elementor-heading-title elementor-size-default\">Proceso de Recertificaci\u00f3n Voluntaria<\/h2>\t\t<\/div>\n\t\t\t\t<\/div>\n\t\t\t\t\t<\/div>\n\t\t\t\t<\/div>\n\t\t<div class=\"elementor-element elementor-element-2d3b02a elementor-hidden-desktop e-flex e-con-boxed e-con e-parent\" data-id=\"2d3b02a\" data-element_type=\"container\">\n\t\t\t\t\t<div class=\"e-con-inner\">\n\t\t\t\t<div class=\"elementor-element elementor-element-9e1b88c elementor-widget elementor-widget-heading\" data-id=\"9e1b88c\" data-element_type=\"widget\" data-widget_type=\"heading.default\">\n\t\t\t\t<div class=\"elementor-widget-container\">\n\t\t\t<h2 class=\"elementor-heading-title elementor-size-default\">Proceso de Recertificaci\u00f3n Voluntaria<\/h2>\t\t<\/div>\n\t\t\t\t<\/div>\n\t\t\t\t\t<\/div>\n\t\t\t\t<\/div>\n\t\t<div class=\"elementor-element elementor-element-e1a795e elementor-hidden-tablet elementor-hidden-mobile e-flex e-con-boxed e-con e-parent\" data-id=\"e1a795e\" data-element_type=\"container\">\n\t\t\t\t\t<div class=\"e-con-inner\">\n\t\t\t\t<div class=\"elementor-element elementor-element-459367d elementor-widget elementor-widget-heading\" data-id=\"459367d\" data-element_type=\"widget\" data-widget_type=\"heading.default\">\n\t\t\t\t<div class=\"elementor-widget-container\">\n\t\t\t<h2 class=\"elementor-heading-title elementor-size-default\">Aqu\u00ed encontrar\u00e1 toda la informaci\u00f3n relacionada con el proceso de Recertificaci\u00f3n M\u00e9dica Voluntaria y podr\u00e1 descargar y diligenciar el formato de inscripci\u00f3n.\nSi tiene alguna inquietud, comun\u00edquese con <a href=\"\" style=\"color: #00a6ce;\">recertificacion@acho.com.co <\/a> <\/h2>\t\t<\/div>\n\t\t\t\t<\/div>\n\t\t\t\t\t<\/div>\n\t\t\t\t<\/div>\n\t\t<div class=\"elementor-element elementor-element-c07d4d1 elementor-hidden-desktop e-flex e-con-boxed e-con e-parent\" data-id=\"c07d4d1\" data-element_type=\"container\">\n\t\t\t\t\t<div class=\"e-con-inner\">\n\t\t\t\t<div class=\"elementor-element elementor-element-1fa636b elementor-widget elementor-widget-heading\" data-id=\"1fa636b\" data-element_type=\"widget\" data-widget_type=\"heading.default\">\n\t\t\t\t<div class=\"elementor-widget-container\">\n\t\t\t<h2 class=\"elementor-heading-title elementor-size-default\">Aqu\u00ed encontrar\u00e1 toda la informaci\u00f3n relacionada con el proceso de Recertificaci\u00f3n M\u00e9dica Voluntaria y podr\u00e1 descargar y diligenciar el formato de inscripci\u00f3n.\nSi tiene alguna inquietud, comun\u00edquese con \n<a href=\"\" style=\"color: #00a6ce;\">recertificacion@acho.com.co <\/a> <\/h2>\t\t<\/div>\n\t\t\t\t<\/div>\n\t\t\t\t\t<\/div>\n\t\t\t\t<\/div>\n\t\t<div class=\"elementor-element elementor-element-233af51 elementor-hidden-tablet elementor-hidden-mobile e-flex e-con-boxed e-con e-parent\" data-id=\"233af51\" data-element_type=\"container\">\n\t\t\t\t\t<div class=\"e-con-inner\">\n\t\t<div class=\"elementor-element elementor-element-86f0d29 e-con-full e-flex e-con e-child\" data-id=\"86f0d29\" data-element_type=\"container\">\n\t\t\t\t<div class=\"elementor-element elementor-element-7279b9a elementor-widget elementor-widget-sina_dynamic_button\" data-id=\"7279b9a\" data-element_type=\"widget\" data-widget_type=\"sina_dynamic_button.default\">\n\t\t\t\t<div class=\"elementor-widget-container\">\n\t\t\t\t\t<div class=\"sina-dynamic-button\">\r\n\t\t\t<a  class=\"sina-dynamic-btn\" href=\"https:\/\/acho.com.co\/wp-content\/uploads\/2024\/07\/Formato-de-Inscripcion-RCMV_V2.pdf\"\r\n\t\t\t\t\t\t\t\t\t\t\t\t>\r\n\t\t\t\t\t\t\tFormato de Inscripci\u00f3n a RCMV\t\t\t\t\t<i class=\"icofont icofont-download sina-icon-right\"><\/i>\r\n\t\t\t\t\t\t<\/a>\r\n\t\t<\/div><!-- .sina-dynamic-button -->\r\n\t\t\t\t<\/div>\n\t\t\t\t<\/div>\n\t\t\t\t<\/div>\n\t\t\t\t\t<\/div>\n\t\t\t\t<\/div>\n\t\t<div class=\"elementor-element elementor-element-a304787 elementor-hidden-desktop e-flex e-con-boxed e-con e-parent\" data-id=\"a304787\" data-element_type=\"container\">\n\t\t\t\t\t<div class=\"e-con-inner\">\n\t\t<div class=\"elementor-element elementor-element-8c4edd9 e-con-full e-flex e-con e-child\" data-id=\"8c4edd9\" data-element_type=\"container\">\n\t\t\t\t<div class=\"elementor-element elementor-element-9472df7 elementor-widget elementor-widget-sina_dynamic_button\" data-id=\"9472df7\" data-element_type=\"widget\" data-widget_type=\"sina_dynamic_button.default\">\n\t\t\t\t<div class=\"elementor-widget-container\">\n\t\t\t\t\t<div class=\"sina-dynamic-button\">\r\n\t\t\t<a  class=\"sina-dynamic-btn\" href=\"https:\/\/acho.com.co\/wp-content\/uploads\/2024\/07\/Formato-de-Inscripcion-RCMV_V2.pdf\"\r\n\t\t\t\t\t\t\t\t\t\t\t\t>\r\n\t\t\t\t\t\t\tFormato de Inscripci\u00f3n a RCMV\t\t\t\t\t<i class=\"icofont icofont-download sina-icon-right\"><\/i>\r\n\t\t\t\t\t\t<\/a>\r\n\t\t<\/div><!-- .sina-dynamic-button -->\r\n\t\t\t\t<\/div>\n\t\t\t\t<\/div>\n\t\t\t\t<\/div>\n\t\t\t\t\t<\/div>\n\t\t\t\t<\/div>\n\t\t<div class=\"elementor-element elementor-element-ab908cd elementor-hidden-tablet elementor-hidden-mobile e-flex e-con-boxed e-con e-parent\" data-id=\"ab908cd\" data-element_type=\"container\">\n\t\t\t\t\t<div class=\"e-con-inner\">\n\t\t\t\t<div class=\"elementor-element elementor-element-155b359 elementor-widget elementor-widget-image\" data-id=\"155b359\" data-element_type=\"widget\" data-widget_type=\"image.default\">\n\t\t\t\t<div class=\"elementor-widget-container\">\n\t\t\t\t\t\t\t\t\t\t\t\t\t<img loading=\"lazy\" decoding=\"async\" width=\"1080\" height=\"711\" src=\"https:\/\/acho.com.co\/wp-content\/uploads\/2025\/06\/Proceso-2025-ACHO-V3.png\" class=\"attachment-full size-full wp-image-8507\" alt=\"\" srcset=\"https:\/\/acho.com.co\/wp-content\/uploads\/2025\/06\/Proceso-2025-ACHO-V3.png 1080w, https:\/\/acho.com.co\/wp-content\/uploads\/2025\/06\/Proceso-2025-ACHO-V3-300x198.png 300w, https:\/\/acho.com.co\/wp-content\/uploads\/2025\/06\/Proceso-2025-ACHO-V3-1024x674.png 1024w, https:\/\/acho.com.co\/wp-content\/uploads\/2025\/06\/Proceso-2025-ACHO-V3-768x506.png 768w\" sizes=\"(max-width: 1080px) 100vw, 1080px\" \/>\t\t\t\t\t\t\t\t\t\t\t\t\t<\/div>\n\t\t\t\t<\/div>\n\t\t\t\t<div class=\"elementor-element elementor-element-4f642d1 elementor-widget elementor-widget-image\" data-id=\"4f642d1\" data-element_type=\"widget\" data-widget_type=\"image.default\">\n\t\t\t\t<div class=\"elementor-widget-container\">\n\t\t\t\t\t\t\t\t\t\t\t\t\t<img loading=\"lazy\" decoding=\"async\" width=\"1920\" height=\"800\" src=\"https:\/\/acho.com.co\/wp-content\/uploads\/2025\/06\/Miembros-CAR.jpg\" class=\"attachment-full size-full wp-image-8516\" alt=\"\" srcset=\"https:\/\/acho.com.co\/wp-content\/uploads\/2025\/06\/Miembros-CAR.jpg 1920w, https:\/\/acho.com.co\/wp-content\/uploads\/2025\/06\/Miembros-CAR-300x125.jpg 300w, https:\/\/acho.com.co\/wp-content\/uploads\/2025\/06\/Miembros-CAR-1024x427.jpg 1024w, https:\/\/acho.com.co\/wp-content\/uploads\/2025\/06\/Miembros-CAR-768x320.jpg 768w, https:\/\/acho.com.co\/wp-content\/uploads\/2025\/06\/Miembros-CAR-1536x640.jpg 1536w\" sizes=\"(max-width: 1920px) 100vw, 1920px\" \/>\t\t\t\t\t\t\t\t\t\t\t\t\t<\/div>\n\t\t\t\t<\/div>\n\t\t\t\t\t<\/div>\n\t\t\t\t<\/div>\n\t\t<div class=\"elementor-element elementor-element-a61af49 elementor-hidden-desktop e-flex e-con-boxed e-con e-parent\" data-id=\"a61af49\" data-element_type=\"container\">\n\t\t\t\t\t<div class=\"e-con-inner\">\n\t\t\t\t<div class=\"elementor-element elementor-element-8fde31d elementor-widget elementor-widget-image\" data-id=\"8fde31d\" data-element_type=\"widget\" data-widget_type=\"image.default\">\n\t\t\t\t<div class=\"elementor-widget-container\">\n\t\t\t\t\t\t\t\t\t\t\t\t\t<img loading=\"lazy\" decoding=\"async\" width=\"360\" height=\"1183\" src=\"https:\/\/acho.com.co\/wp-content\/uploads\/2025\/06\/Proceso-2025-ACHO-responsive-V3.png\" class=\"attachment-full size-full wp-image-8511\" alt=\"\" srcset=\"https:\/\/acho.com.co\/wp-content\/uploads\/2025\/06\/Proceso-2025-ACHO-responsive-V3.png 360w, https:\/\/acho.com.co\/wp-content\/uploads\/2025\/06\/Proceso-2025-ACHO-responsive-V3-91x300.png 91w, https:\/\/acho.com.co\/wp-content\/uploads\/2025\/06\/Proceso-2025-ACHO-responsive-V3-312x1024.png 312w\" sizes=\"(max-width: 360px) 100vw, 360px\" \/>\t\t\t\t\t\t\t\t\t\t\t\t\t<\/div>\n\t\t\t\t<\/div>\n\t\t\t\t<div class=\"elementor-element elementor-element-934eacd elementor-widget elementor-widget-image\" data-id=\"934eacd\" data-element_type=\"widget\" data-widget_type=\"image.default\">\n\t\t\t\t<div class=\"elementor-widget-container\">\n\t\t\t\t\t\t\t\t\t\t\t\t\t<img loading=\"lazy\" decoding=\"async\" width=\"1920\" height=\"800\" src=\"https:\/\/acho.com.co\/wp-content\/uploads\/2025\/06\/Miembros-CAR.jpg\" class=\"attachment-full size-full wp-image-8516\" alt=\"\" srcset=\"https:\/\/acho.com.co\/wp-content\/uploads\/2025\/06\/Miembros-CAR.jpg 1920w, https:\/\/acho.com.co\/wp-content\/uploads\/2025\/06\/Miembros-CAR-300x125.jpg 300w, https:\/\/acho.com.co\/wp-content\/uploads\/2025\/06\/Miembros-CAR-1024x427.jpg 1024w, https:\/\/acho.com.co\/wp-content\/uploads\/2025\/06\/Miembros-CAR-768x320.jpg 768w, https:\/\/acho.com.co\/wp-content\/uploads\/2025\/06\/Miembros-CAR-1536x640.jpg 1536w\" sizes=\"(max-width: 1920px) 100vw, 1920px\" \/>\t\t\t\t\t\t\t\t\t\t\t\t\t<\/div>\n\t\t\t\t<\/div>\n\t\t\t\t\t<\/div>\n\t\t\t\t<\/div>\n\t\t\t\t<\/div>\n\t\t\n    <div class=\"xs_social_share_widget xs_share_url after_content \t\tmain_content  wslu-style-1 wslu-share-box-shaped wslu-fill-colored wslu-none wslu-share-horizontal wslu-theme-font-no wslu-main_content\">\n\n\t\t\n        <ul>\n\t\t\t        <\/ul>\n    <\/div>","protected":false},"excerpt":{"rendered":"<p>Recertificaci\u00f3n M\u00e9dica Voluntaria Recertificaci\u00f3n M\u00e9dica Voluntaria \u00bfQu\u00e9 es la Recertificaci\u00f3n? La RECERTIFICACI\u00d3N M\u00c9DICA VOLUNTARIA es el proceso a trav\u00e9s del cual se aseguran las competencias y habilidades del talento humano [&hellip;]<\/p>","protected":false},"author":1,"featured_media":0,"parent":0,"menu_order":0,"comment_status":"closed","ping_status":"closed","template":"elementor_header_footer","meta":{"postBodyCss":"","postBodyMargin":[],"postBodyPadding":[],"postBodyBackground":{"backgroundType":"classic","gradient":""},"footnotes":""},"class_list":["post-114","page","type-page","status-publish","hentry"],"_links":{"self":[{"href":"https:\/\/acho.com.co\/en\/wp-json\/wp\/v2\/pages\/114","targetHints":{"allow":["GET"]}}],"collection":[{"href":"https:\/\/acho.com.co\/en\/wp-json\/wp\/v2\/pages"}],"about":[{"href":"https:\/\/acho.com.co\/en\/wp-json\/wp\/v2\/types\/page"}],"author":[{"embeddable":true,"href":"https:\/\/acho.com.co\/en\/wp-json\/wp\/v2\/users\/1"}],"replies":[{"embeddable":true,"href":"https:\/\/acho.com.co\/en\/wp-json\/wp\/v2\/comments?post=114"}],"version-history":[{"count":79,"href":"https:\/\/acho.com.co\/en\/wp-json\/wp\/v2\/pages\/114\/revisions"}],"predecessor-version":[{"id":9552,"href":"https:\/\/acho.com.co\/en\/wp-json\/wp\/v2\/pages\/114\/revisions\/9552"}],"wp:attachment":[{"href":"https:\/\/acho.com.co\/en\/wp-json\/wp\/v2\/media?parent=114"}],"curies":[{"name":"wp","href":"https:\/\/api.w.org\/{rel}","templated":true}]}}