{"id":129,"date":"2024-03-21T09:36:11","date_gmt":"2024-03-21T12:36:11","guid":{"rendered":"https:\/\/acho2.dev.emerald.studio\/?page_id=129"},"modified":"2026-03-09T13:06:37","modified_gmt":"2026-03-09T16:06:37","slug":"quimioterapias","status":"publish","type":"page","link":"https:\/\/acho.com.co\/en\/quimioterapias\/","title":{"rendered":"Quimioterapias"},"content":{"rendered":"<div data-elementor-type=\"wp-page\" data-elementor-id=\"129\" class=\"elementor elementor-129\" data-elementor-post-type=\"page\">\n\t\t\t\t<div class=\"elementor-element elementor-element-e9a6c88 e-con-full e-flex e-con e-parent\" data-id=\"e9a6c88\" data-element_type=\"container\" data-settings=\"{&quot;background_background&quot;:&quot;classic&quot;}\">\n\t\t\t\t<div class=\"elementor-element elementor-element-ff53641 elementor-widget elementor-widget-heading\" data-id=\"ff53641\" data-element_type=\"widget\" data-widget_type=\"heading.default\">\n\t\t\t\t<div class=\"elementor-widget-container\">\n\t\t\t<style>\/*! elementor - v3.23.0 - 05-08-2024 *\/\n.elementor-heading-title{padding:0;margin:0;line-height:1}.elementor-widget-heading .elementor-heading-title[class*=elementor-size-]>a{color:inherit;font-size:inherit;line-height:inherit}.elementor-widget-heading .elementor-heading-title.elementor-size-small{font-size:15px}.elementor-widget-heading .elementor-heading-title.elementor-size-medium{font-size:19px}.elementor-widget-heading .elementor-heading-title.elementor-size-large{font-size:29px}.elementor-widget-heading .elementor-heading-title.elementor-size-xl{font-size:39px}.elementor-widget-heading .elementor-heading-title.elementor-size-xxl{font-size:59px}<\/style><h2 class=\"elementor-heading-title elementor-size-xl\">Quimioterapias<\/h2>\t\t<\/div>\n\t\t\t\t<\/div>\n\t\t\t\t<\/div>\n\t\t<div class=\"elementor-element elementor-element-fe6b392 e-con-full e-flex e-con e-parent\" data-id=\"fe6b392\" data-element_type=\"container\">\n\t\t\t\t<div class=\"elementor-element elementor-element-bc1843a elementor-widget elementor-widget-heading\" data-id=\"bc1843a\" data-element_type=\"widget\" data-widget_type=\"heading.default\">\n\t\t\t\t<div class=\"elementor-widget-container\">\n\t\t\t<h2 class=\"elementor-heading-title elementor-size-default\">En esta secci\u00f3n se encuentran las enfermedades hematol\u00f3gicas benignas, malignas y tumores s\u00f3lidos.\nSeleccione la enfermedad para conocer m\u00e1s informaci\u00f3n sobre los esquemas de tratamiento y c\u00f3digos CUPS.<\/h2>\t\t<\/div>\n\t\t\t\t<\/div>\n\t\t\t\t<\/div>\n\t\t<div class=\"elementor-element elementor-element-649c9da e-flex e-con-boxed e-con e-parent\" data-id=\"649c9da\" data-element_type=\"container\">\n\t\t\t\t\t<div class=\"e-con-inner\">\n\t\t\t\t<div class=\"elementor-element elementor-element-77788fb elementor-widget elementor-widget-heading\" data-id=\"77788fb\" data-element_type=\"widget\" data-widget_type=\"heading.default\">\n\t\t\t\t<div class=\"elementor-widget-container\">\n\t\t\t<h2 class=\"elementor-heading-title elementor-size-default\">Esquemas m\u00e1s recientes<\/h2>\t\t<\/div>\n\t\t\t\t<\/div>\n\t\t\t\t\t<\/div>\n\t\t\t\t<\/div>\n\t\t<div class=\"elementor-element elementor-element-d3b1148 e-flex e-con-boxed e-con e-parent\" data-id=\"d3b1148\" data-element_type=\"container\">\n\t\t\t\t\t<div class=\"e-con-inner\">\n\t\t\t\t<div class=\"elementor-element elementor-element-33b0df9 elementor-widget__width-inherit elementor-widget elementor-widget-sina_blogpost\" data-id=\"33b0df9\" data-element_type=\"widget\" data-widget_type=\"sina_blogpost.default\">\n\t\t\t\t<div class=\"elementor-widget-container\">\n\t\t\t\t\t\t<div class=\"sina-blogpost sina-bp-33b0df9\"\r\n\t\t\tdata-uid=\"33b0df9\"\r\n\t\t\tdata-offset=\"1\"\r\n\t\t\tdata-posts-data='{\"posts_num\":1,\"offset\":1,\"total_posts\":4,\"layout\":\"list\",\"columns\":\"1\",\"layout_type\":\"default\",\"custom_columns\":null,\"categories\":[\"4\"],\"tags\":\"\",\"order_by\":\"date\",\"sort\":\"DESC\",\"posts_text\":\"yes\",\"excerpt\":\"yes\",\"content_length\":50,\"posts_meta\":\"yes\",\"thumb_right\":\"\",\"is_thumb\":null,\"read_more_effect\":\"\",\"read_more_text\":\"\",\"read_more_icon\":\"eicon-share-arrow\",\"read_more_icon_align\":\"right\",\"effects\":\"\",\"cats_position\":null,\"cats_icon\":null,\"posts_avatar\":\"\",\"avatar_size\":null,\"read_btn_bg_layer_effects\":null,\"bg_layer_effects\":\"\"}'>\r\n\t\t\t\t<div class=\"sina-bp-grid\">\r\n\t\t\t\t\t<div class=\"sina-bp-grid-sizer\"><\/div>\r\n\t\t\t\t\t\t\t\t\t\t\t\t<div class=\"sina-bp-col sina-bp-item-1 sina-bp-list\">\r\n\t\t<div class=\"sina-bp\">\r\n\t\t\t<div class=\"sina-bg-thumb sina-bg-cover\"\r\n\t\t\t\t\t\t\t\t\tstyle=\"background-image: url(https:\/\/acho.com.co\/wp-content\/uploads\/2024\/03\/Rectangle-23791-6.png);\"\r\n\t\t\t\t>\r\n\t\t\t\t<div class=\"sina-overlay\">\r\n\t\t\t\t\t<a href=\"https:\/\/acho.com.co\/en\/2026\/03\/09\/cancer-de-mama\/\"><\/a>\r\n\t\t\t\t<\/div>\r\n\t\t\t<\/div>\r\n\t\t\t<div class=\"sina-bp-content\">\r\n\t\t\t\t<div class=\"sina-pb-inner-content\">\r\n\t\t\t\t\t\t\t\t\t\t<h2 class=\"sina-bp-title\">\r\n\t\t\t\t\t\t<a href=\"https:\/\/acho.com.co\/en\/2026\/03\/09\/cancer-de-mama\/\">C\u00e1ncer de Mama<\/a>\r\n\t\t\t\t\t<\/h2>\r\n\t\t\t\t\t\r\n\t\t\t\t\t\t\t\t\t\t\t<div class=\"sina-bp-text\">\r\n\t\t\t\t\t\t\tQuimioterapias Panel de Contenido ESQUEMA ABEMACICLIB ESQUEMA CAPECITABINA \/ LAPATINIB ESQUEMA CICLOFOSFAMIDA \/ DOXORRUBICINA LIPOSOMAL ESQUEMA DOXORUBICINA LIPOSOMAL PEGILADA ESQUEMA GEMCITABINA \/ CISPLATINO ESQUEMA Nab PACLITAXEL ESQUEMA PACLITAXEL \/ TRASTUZUMAB ESQUEMA PALBOCICLIB C\u00c1NCER DE MAMA Publicaciones relacionadas ESQUEMA ABEMACICLIB Indicaci\u00f3n INVIMA:\u00a0C\u00e1ncer de mama temprano, receptor hormonal positivo, HER2 negativo yalto&hellip;\t\t\t\t\t\t<\/div>\r\n\t\t\t\t\t\r\n\t\t\t\t\t\t\t\t\t<\/div>\r\n\t\t\t\t\t\t\t\t\t<div class=\"sina-bp-meta\">\r\n\t\t\t\t\t\t\t\t\t\t\t\t\tby\t\t\t\t\t\t\t\t\t\t\t\t<a href=\"https:\/\/acho.com.co\/en\/author\/administradoracho2\/\" title=\"Posts by administradoracho2\" rel=\"author\">administradoracho2<\/a>\t\t\t\t\t\t|\r\n\t\t\t\t\t\t9 March, 2026\t\t\t\t\t<\/div>\r\n\t\t\t\t\t\t\t<\/div>\r\n\t\t<\/div>\r\n\t<\/div>\r\n\t\t\t\t\t\t\t\t\t\t\t\t\t\t<\/div>\r\n\r\n\t\t\t\t\r\n\t\t\t\t\t\t\t\t<input type=\"hidden\" id=\"sina_load_more_posts33b0df9\" name=\"sina_load_more_posts33b0df9\" value=\"bc5ac95e74\" \/><input type=\"hidden\" name=\"_wp_http_referer\" value=\"\/en\/wp-json\/wp\/v2\/pages\/129\" \/>\t\t\t<\/div><!-- .sina-blogpost -->\r\n\t\t\t\t\t<\/div>\n\t\t\t\t<\/div>\n\t\t\t\t\t<\/div>\n\t\t\t\t<\/div>\n\t\t<div class=\"elementor-element elementor-element-d935d5f e-flex e-con-boxed e-con e-parent\" data-id=\"d935d5f\" data-element_type=\"container\">\n\t\t\t\t\t<div class=\"e-con-inner\">\n\t\t<div class=\"elementor-element elementor-element-81a1b69 e-con-full e-flex e-con e-child\" data-id=\"81a1b69\" data-element_type=\"container\">\n\t\t\t\t<\/div>\n\t\t\t\t\t<\/div>\n\t\t\t\t<\/div>\n\t\t<div class=\"elementor-element elementor-element-94a51aa e-flex e-con-boxed e-con e-parent\" data-id=\"94a51aa\" data-element_type=\"container\">\n\t\t\t\t\t<div class=\"e-con-inner\">\n\t\t\t\t<div class=\"elementor-element elementor-element-d921621 elementor-posts--align-left elementor-grid-3 elementor-grid-tablet-2 elementor-grid-mobile-1 elementor-posts--thumbnail-top elementor-widget elementor-widget-posts\" data-id=\"d921621\" data-element_type=\"widget\" data-settings=\"{&quot;classic_columns&quot;:&quot;3&quot;,&quot;classic_columns_tablet&quot;:&quot;2&quot;,&quot;classic_columns_mobile&quot;:&quot;1&quot;,&quot;classic_row_gap&quot;:{&quot;unit&quot;:&quot;px&quot;,&quot;size&quot;:35,&quot;sizes&quot;:[]},&quot;classic_row_gap_tablet&quot;:{&quot;unit&quot;:&quot;px&quot;,&quot;size&quot;:&quot;&quot;,&quot;sizes&quot;:[]},&quot;classic_row_gap_mobile&quot;:{&quot;unit&quot;:&quot;px&quot;,&quot;size&quot;:&quot;&quot;,&quot;sizes&quot;:[]}}\" data-widget_type=\"posts.classic\">\n\t\t\t\t<div class=\"elementor-widget-container\">\n\t\t\t<link rel=\"stylesheet\" href=\"https:\/\/acho.com.co\/wp-content\/plugins\/elementor-pro\/assets\/css\/widget-posts.min.css\">\t\t<div class=\"elementor-posts-container elementor-posts elementor-posts--skin-classic elementor-grid\">\n\t\t\t\t<article class=\"elementor-post elementor-grid-item post-354 post type-post status-publish format-standard has-post-thumbnail hentry category-quimioterapias\">\n\t\t\t\t<a class=\"elementor-post__thumbnail__link\" href=\"https:\/\/acho.com.co\/en\/2026\/03\/09\/cancer-de-mama\/\" tabindex=\"-1\" >\n\t\t\t<div class=\"elementor-post__thumbnail\"><img fetchpriority=\"high\" decoding=\"async\" width=\"393\" height=\"225\" src=\"https:\/\/acho.com.co\/wp-content\/uploads\/2024\/03\/Rectangle-23791-6.png\" class=\"attachment-medium_large size-medium_large wp-image-355\" alt=\"\" srcset=\"https:\/\/acho.com.co\/wp-content\/uploads\/2024\/03\/Rectangle-23791-6.png 393w, https:\/\/acho.com.co\/wp-content\/uploads\/2024\/03\/Rectangle-23791-6-300x172.png 300w\" sizes=\"(max-width: 393px) 100vw, 393px\" \/><\/div>\n\t\t<\/a>\n\t\t\t\t<div class=\"elementor-post__text\">\n\t\t\t\t<h3 class=\"elementor-post__title\">\n\t\t\t<a href=\"https:\/\/acho.com.co\/en\/2026\/03\/09\/cancer-de-mama\/\" >\n\t\t\t\tC\u00e1ncer de Mama\t\t\t<\/a>\n\t\t<\/h3>\n\t\t\t\t<div class=\"elementor-post__meta-data\">\n\t\t\t\t\t<span class=\"elementor-post-date\">\n\t\t\t9 March, 2026\t\t<\/span>\n\t\t\t\t<\/div>\n\t\t\t\t<\/div>\n\t\t\t\t<\/article>\n\t\t\t\t<\/div>\n\t\t\n\t\t\t\t<\/div>\n\t\t\t\t<\/div>\n\t\t\t\t\t<\/div>\n\t\t\t\t<\/div>\n\t\t\t\t<\/div>\n\t\t\n    <div class=\"xs_social_share_widget xs_share_url after_content \t\tmain_content  wslu-style-1 wslu-share-box-shaped wslu-fill-colored wslu-none wslu-share-horizontal wslu-theme-font-no wslu-main_content\">\n\n\t\t\n        <ul>\n\t\t\t        <\/ul>\n    <\/div>","protected":false},"excerpt":{"rendered":"<p>Quimioterapias En esta secci\u00f3n se encuentran las enfermedades hematol\u00f3gicas benignas, malignas y tumores s\u00f3lidos. Seleccione la enfermedad para conocer m\u00e1s informaci\u00f3n sobre los esquemas de tratamiento y c\u00f3digos CUPS. Esquemas<\/p>","protected":false},"author":1,"featured_media":0,"parent":0,"menu_order":0,"comment_status":"closed","ping_status":"closed","template":"elementor_header_footer","meta":{"postBodyCss":"","postBodyMargin":[],"postBodyPadding":[],"postBodyBackground":{"backgroundType":"classic","gradient":""},"footnotes":""},"class_list":["post-129","page","type-page","status-publish","hentry"],"_links":{"self":[{"href":"https:\/\/acho.com.co\/en\/wp-json\/wp\/v2\/pages\/129","targetHints":{"allow":["GET"]}}],"collection":[{"href":"https:\/\/acho.com.co\/en\/wp-json\/wp\/v2\/pages"}],"about":[{"href":"https:\/\/acho.com.co\/en\/wp-json\/wp\/v2\/types\/page"}],"author":[{"embeddable":true,"href":"https:\/\/acho.com.co\/en\/wp-json\/wp\/v2\/users\/1"}],"replies":[{"embeddable":true,"href":"https:\/\/acho.com.co\/en\/wp-json\/wp\/v2\/comments?post=129"}],"version-history":[{"count":29,"href":"https:\/\/acho.com.co\/en\/wp-json\/wp\/v2\/pages\/129\/revisions"}],"predecessor-version":[{"id":10107,"href":"https:\/\/acho.com.co\/en\/wp-json\/wp\/v2\/pages\/129\/revisions\/10107"}],"wp:attachment":[{"href":"https:\/\/acho.com.co\/en\/wp-json\/wp\/v2\/media?parent=129"}],"curies":[{"name":"wp","href":"https:\/\/api.w.org\/{rel}","templated":true}]}}