{"id":159,"date":"2024-03-21T09:54:25","date_gmt":"2024-03-21T12:54:25","guid":{"rendered":"https:\/\/acho2.dev.emerald.studio\/?page_id=159"},"modified":"2025-05-16T12:53:11","modified_gmt":"2025-05-16T15:53:11","slug":"guias-y-consensos","status":"publish","type":"page","link":"https:\/\/acho.com.co\/en\/guias-y-consensos\/","title":{"rendered":"Gu\u00edas y Consensos"},"content":{"rendered":"<div data-elementor-type=\"wp-page\" data-elementor-id=\"159\" class=\"elementor elementor-159\" data-elementor-post-type=\"page\">\n\t\t\t\t<div class=\"elementor-element elementor-element-9df32bc e-con-full elementor-hidden-tablet elementor-hidden-mobile e-flex e-con e-parent\" data-id=\"9df32bc\" data-element_type=\"container\" data-settings=\"{&quot;background_background&quot;:&quot;classic&quot;}\">\n\t\t\t\t<div class=\"elementor-element elementor-element-2cc503b elementor-widget elementor-widget-heading\" data-id=\"2cc503b\" data-element_type=\"widget\" data-widget_type=\"heading.default\">\n\t\t\t\t<div class=\"elementor-widget-container\">\n\t\t\t<style>\/*! elementor - v3.23.0 - 05-08-2024 *\/\n.elementor-heading-title{padding:0;margin:0;line-height:1}.elementor-widget-heading .elementor-heading-title[class*=elementor-size-]>a{color:inherit;font-size:inherit;line-height:inherit}.elementor-widget-heading .elementor-heading-title.elementor-size-small{font-size:15px}.elementor-widget-heading .elementor-heading-title.elementor-size-medium{font-size:19px}.elementor-widget-heading .elementor-heading-title.elementor-size-large{font-size:29px}.elementor-widget-heading .elementor-heading-title.elementor-size-xl{font-size:39px}.elementor-widget-heading .elementor-heading-title.elementor-size-xxl{font-size:59px}<\/style><h2 class=\"elementor-heading-title elementor-size-xl\">Gu\u00edas y Consensos<\/h2>\t\t<\/div>\n\t\t\t\t<\/div>\n\t\t\t\t<\/div>\n\t\t<div class=\"elementor-element elementor-element-e762b43 e-con-full elementor-hidden-desktop e-flex e-con e-parent\" data-id=\"e762b43\" data-element_type=\"container\" data-settings=\"{&quot;background_background&quot;:&quot;classic&quot;}\">\n\t\t\t\t<div class=\"elementor-element elementor-element-43d3236 elementor-widget elementor-widget-heading\" data-id=\"43d3236\" data-element_type=\"widget\" data-widget_type=\"heading.default\">\n\t\t\t\t<div class=\"elementor-widget-container\">\n\t\t\t<h2 class=\"elementor-heading-title elementor-size-xl\">Gu\u00edas y Consensos<\/h2>\t\t<\/div>\n\t\t\t\t<\/div>\n\t\t\t\t<\/div>\n\t\t<div class=\"elementor-element elementor-element-4c0340d elementor-hidden-tablet elementor-hidden-mobile e-flex e-con-boxed e-con e-parent\" data-id=\"4c0340d\" data-element_type=\"container\">\n\t\t\t\t\t<div class=\"e-con-inner\">\n\t\t\t\t<div class=\"elementor-element elementor-element-95a7e1a elementor-widget elementor-widget-heading\" data-id=\"95a7e1a\" data-element_type=\"widget\" data-widget_type=\"heading.default\">\n\t\t\t\t<div class=\"elementor-widget-container\">\n\t\t\t<h2 class=\"elementor-heading-title elementor-size-default\">Publicaci\u00f3n m\u00e1s reciente<\/h2>\t\t<\/div>\n\t\t\t\t<\/div>\n\t\t\t\t\t<\/div>\n\t\t\t\t<\/div>\n\t\t<div class=\"elementor-element elementor-element-4bea72b elementor-hidden-desktop e-flex e-con-boxed e-con e-parent\" data-id=\"4bea72b\" data-element_type=\"container\">\n\t\t\t\t\t<div class=\"e-con-inner\">\n\t\t\t\t<div class=\"elementor-element elementor-element-f70c61b elementor-widget elementor-widget-heading\" data-id=\"f70c61b\" data-element_type=\"widget\" data-widget_type=\"heading.default\">\n\t\t\t\t<div class=\"elementor-widget-container\">\n\t\t\t<h2 class=\"elementor-heading-title elementor-size-default\">Publicaci\u00f3n m\u00e1s reciente<\/h2>\t\t<\/div>\n\t\t\t\t<\/div>\n\t\t\t\t\t<\/div>\n\t\t\t\t<\/div>\n\t\t<div class=\"elementor-element elementor-element-98bbad0 elementor-hidden-tablet elementor-hidden-mobile e-flex e-con-boxed e-con e-parent\" data-id=\"98bbad0\" data-element_type=\"container\">\n\t\t\t\t\t<div class=\"e-con-inner\">\n\t\t\t\t<div class=\"elementor-element elementor-element-5f3e489 elementor-widget__width-inherit elementor-widget elementor-widget-sina_blogpost\" data-id=\"5f3e489\" data-element_type=\"widget\" data-widget_type=\"sina_blogpost.default\">\n\t\t\t\t<div class=\"elementor-widget-container\">\n\t\t\t\t\t\t<div class=\"sina-blogpost sina-bp-5f3e489\"\r\n\t\t\tdata-uid=\"5f3e489\"\r\n\t\t\tdata-offset=\"2\"\r\n\t\t\tdata-posts-data='{\"posts_num\":2,\"offset\":2,\"total_posts\":8,\"layout\":\"list\",\"columns\":\"2\",\"layout_type\":\"default\",\"custom_columns\":null,\"categories\":[\"6\"],\"tags\":\"\",\"order_by\":\"date\",\"sort\":\"DESC\",\"posts_text\":\"yes\",\"excerpt\":\"yes\",\"content_length\":30,\"posts_meta\":\"yes\",\"thumb_right\":\"\",\"is_thumb\":null,\"read_more_effect\":\"\",\"read_more_text\":\"\",\"read_more_icon\":\"eicon-share-arrow\",\"read_more_icon_align\":\"right\",\"effects\":\"\",\"cats_position\":null,\"cats_icon\":null,\"posts_avatar\":\"\",\"avatar_size\":null,\"read_btn_bg_layer_effects\":null,\"bg_layer_effects\":\"\"}'>\r\n\t\t\t\t<div class=\"sina-bp-grid\">\r\n\t\t\t\t\t<div class=\"sina-bp-grid-sizer\"><\/div>\r\n\t\t\t\t\t\t\t\t\t\t\t\t<div class=\"sina-bp-col sina-bp-item-2 sina-bp-list\">\r\n\t\t<div class=\"sina-bp\">\r\n\t\t\t<div class=\"sina-bg-thumb sina-bg-cover\"\r\n\t\t\t\t\t\t\t\t\tstyle=\"background-image: url(https:\/\/acho.com.co\/wp-content\/uploads\/2025\/05\/1.png);\"\r\n\t\t\t\t>\r\n\t\t\t\t<div class=\"sina-overlay\">\r\n\t\t\t\t\t<a href=\"https:\/\/acho.com.co\/en\/2025\/05\/16\/consenso-andino-hpn-2025\/\"><\/a>\r\n\t\t\t\t<\/div>\r\n\t\t\t<\/div>\r\n\t\t\t<div class=\"sina-bp-content\">\r\n\t\t\t\t<div class=\"sina-pb-inner-content\">\r\n\t\t\t\t\t\t\t\t\t\t<h2 class=\"sina-bp-title\">\r\n\t\t\t\t\t\t<a href=\"https:\/\/acho.com.co\/en\/2025\/05\/16\/consenso-andino-hpn-2025\/\">Consenso Andino HPN-2025<\/a>\r\n\t\t\t\t\t<\/h2>\r\n\t\t\t\t\t\r\n\t\t\t\t\t\t\t\t\t\t\t<div class=\"sina-bp-text\">\r\n\t\t\t\t\t\t\tConsenso Andino 2025 Construir las recomendaciones para la atenci\u00f3n integral del paciente con diagn\u00f3stico de HPN por consenso de expertos mediante metodolog\u00eda Delphi en el contexto del sistema salud de&hellip;\t\t\t\t\t\t<\/div>\r\n\t\t\t\t\t\r\n\t\t\t\t\t\t\t\t\t<\/div>\r\n\t\t\t\t\t\t\t\t\t<div class=\"sina-bp-meta\">\r\n\t\t\t\t\t\t\t\t\t\t\t\t\tby\t\t\t\t\t\t\t\t\t\t\t\t<a href=\"https:\/\/acho.com.co\/en\/author\/achoadministrador\/\" title=\"Posts by achoadministrador\" rel=\"author\">achoadministrador<\/a>\t\t\t\t\t\t|\r\n\t\t\t\t\t\t16 May, 2025\t\t\t\t\t<\/div>\r\n\t\t\t\t\t\t\t<\/div>\r\n\t\t<\/div>\r\n\t<\/div>\r\n\t<div class=\"sina-bp-col sina-bp-item-2 sina-bp-list\">\r\n\t\t<div class=\"sina-bp\">\r\n\t\t\t<div class=\"sina-bg-thumb sina-bg-cover\"\r\n\t\t\t\t\t\t\t\t\tstyle=\"background-image: url(https:\/\/acho.com.co\/wp-content\/uploads\/2024\/05\/Consenso-Internacional-de-Mat-Primarias-2024-imagen-1.jpeg);\"\r\n\t\t\t\t>\r\n\t\t\t\t<div class=\"sina-overlay\">\r\n\t\t\t\t\t<a href=\"https:\/\/acho.com.co\/en\/2024\/05\/22\/consenso-internacional-de-mat-primarias-2024\/\"><\/a>\r\n\t\t\t\t<\/div>\r\n\t\t\t<\/div>\r\n\t\t\t<div class=\"sina-bp-content\">\r\n\t\t\t\t<div class=\"sina-pb-inner-content\">\r\n\t\t\t\t\t\t\t\t\t\t<h2 class=\"sina-bp-title\">\r\n\t\t\t\t\t\t<a href=\"https:\/\/acho.com.co\/en\/2024\/05\/22\/consenso-internacional-de-mat-primarias-2024\/\">Consenso Internacional de MAT primarias 2024<\/a>\r\n\t\t\t\t\t<\/h2>\r\n\t\t\t\t\t\r\n\t\t\t\t\t\t\t\t\t\t\t<div class=\"sina-bp-text\">\r\n\t\t\t\t\t\t\tConsenso Internacional de MAT primarias 2024 Las microangiopat\u00edas tromb\u00f3ticas (MAT) son una condici\u00f3n de baja prevalencia y de alta variabilidad en la pr\u00e1ctica cl\u00ednica, cuyo manejo requiere de una intensa&hellip;\t\t\t\t\t\t<\/div>\r\n\t\t\t\t\t\r\n\t\t\t\t\t\t\t\t\t<\/div>\r\n\t\t\t\t\t\t\t\t\t<div class=\"sina-bp-meta\">\r\n\t\t\t\t\t\t\t\t\t\t\t\t\tby\t\t\t\t\t\t\t\t\t\t\t\t<a href=\"https:\/\/acho.com.co\/en\/author\/administradoracho2\/\" title=\"Posts by administradoracho2\" rel=\"author\">administradoracho2<\/a>\t\t\t\t\t\t|\r\n\t\t\t\t\t\t22 May, 2024\t\t\t\t\t<\/div>\r\n\t\t\t\t\t\t\t<\/div>\r\n\t\t<\/div>\r\n\t<\/div>\r\n\t\t\t\t\t\t\t\t\t\t\t\t\t\t<\/div>\r\n\r\n\t\t\t\t\r\n\t\t\t\t\t\t\t\t<input type=\"hidden\" id=\"sina_load_more_posts5f3e489\" name=\"sina_load_more_posts5f3e489\" value=\"e021030f67\" \/><input type=\"hidden\" name=\"_wp_http_referer\" value=\"\/en\/wp-json\/wp\/v2\/pages\/159\" \/>\t\t\t<\/div><!-- .sina-blogpost -->\r\n\t\t\t\t\t<\/div>\n\t\t\t\t<\/div>\n\t\t\t\t\t<\/div>\n\t\t\t\t<\/div>\n\t\t<div class=\"elementor-element elementor-element-3510852 elementor-hidden-desktop e-flex e-con-boxed e-con e-parent\" data-id=\"3510852\" data-element_type=\"container\">\n\t\t\t\t\t<div class=\"e-con-inner\">\n\t\t\t\t<div class=\"elementor-element elementor-element-811a452 elementor-widget__width-inherit elementor-hidden-desktop elementor-hidden-mobile elementor-widget elementor-widget-sina_blogpost\" data-id=\"811a452\" data-element_type=\"widget\" data-widget_type=\"sina_blogpost.default\">\n\t\t\t\t<div class=\"elementor-widget-container\">\n\t\t\t\t\t\t<div class=\"sina-blogpost sina-bp-811a452\"\r\n\t\t\tdata-uid=\"811a452\"\r\n\t\t\tdata-offset=\"1\"\r\n\t\t\tdata-posts-data='{\"posts_num\":1,\"offset\":1,\"total_posts\":8,\"layout\":\"list\",\"columns\":\"1\",\"layout_type\":\"default\",\"custom_columns\":null,\"categories\":[\"6\"],\"tags\":\"\",\"order_by\":\"date\",\"sort\":\"DESC\",\"posts_text\":\"yes\",\"excerpt\":\"yes\",\"content_length\":10,\"posts_meta\":\"\",\"thumb_right\":\"\",\"is_thumb\":null,\"read_more_effect\":\"\",\"read_more_text\":\"\",\"read_more_icon\":\"eicon-share-arrow\",\"read_more_icon_align\":\"right\",\"effects\":\"\",\"cats_position\":null,\"cats_icon\":null,\"posts_avatar\":null,\"avatar_size\":null,\"read_btn_bg_layer_effects\":null,\"bg_layer_effects\":\"\"}'>\r\n\t\t\t\t<div class=\"sina-bp-grid\">\r\n\t\t\t\t\t<div class=\"sina-bp-grid-sizer\"><\/div>\r\n\t\t\t\t\t\t\t\t\t\t\t\t<div class=\"sina-bp-col sina-bp-item-1 sina-bp-list\">\r\n\t\t<div class=\"sina-bp\">\r\n\t\t\t<div class=\"sina-bg-thumb sina-bg-cover\"\r\n\t\t\t\t\t\t\t\t\tstyle=\"background-image: url(https:\/\/acho.com.co\/wp-content\/uploads\/2025\/05\/1.png);\"\r\n\t\t\t\t>\r\n\t\t\t\t<div class=\"sina-overlay\">\r\n\t\t\t\t\t<a href=\"https:\/\/acho.com.co\/en\/2025\/05\/16\/consenso-andino-hpn-2025\/\"><\/a>\r\n\t\t\t\t<\/div>\r\n\t\t\t<\/div>\r\n\t\t\t<div class=\"sina-bp-content\">\r\n\t\t\t\t<div class=\"sina-pb-inner-content\">\r\n\t\t\t\t\t\t\t\t\t\t<h2 class=\"sina-bp-title\">\r\n\t\t\t\t\t\t<a href=\"https:\/\/acho.com.co\/en\/2025\/05\/16\/consenso-andino-hpn-2025\/\">Consenso Andino HPN-2025<\/a>\r\n\t\t\t\t\t<\/h2>\r\n\t\t\t\t\t\r\n\t\t\t\t\t\t\t\t\t\t\t<div class=\"sina-bp-text\">\r\n\t\t\t\t\t\t\tConsenso Andino 2025 Construir las recomendaciones para la atenci\u00f3n integral&hellip;\t\t\t\t\t\t<\/div>\r\n\t\t\t\t\t\r\n\t\t\t\t\t\t\t\t\t<\/div>\r\n\t\t\t\t\t\t\t<\/div>\r\n\t\t<\/div>\r\n\t<\/div>\r\n\t\t\t\t\t\t\t\t\t\t\t\t\t\t<\/div>\r\n\r\n\t\t\t\t\r\n\t\t\t\t\t\t\t\t<input type=\"hidden\" id=\"sina_load_more_posts811a452\" name=\"sina_load_more_posts811a452\" value=\"e021030f67\" \/><input type=\"hidden\" name=\"_wp_http_referer\" value=\"\/en\/wp-json\/wp\/v2\/pages\/159\" \/>\t\t\t<\/div><!-- .sina-blogpost -->\r\n\t\t\t\t\t<\/div>\n\t\t\t\t<\/div>\n\t\t\t\t\t<\/div>\n\t\t\t\t<\/div>\n\t\t<div class=\"elementor-element elementor-element-bf2f28a elementor-hidden-tablet elementor-hidden-mobile e-flex e-con-boxed e-con e-parent\" data-id=\"bf2f28a\" data-element_type=\"container\">\n\t\t\t\t\t<div class=\"e-con-inner\">\n\t\t\t\t<div class=\"elementor-element elementor-element-5a3bcea elementor-grid-1 elementor-grid-tablet-2 elementor-grid-mobile-1 elementor-posts--thumbnail-top elementor-widget elementor-widget-posts\" data-id=\"5a3bcea\" data-element_type=\"widget\" data-settings=\"{&quot;classic_columns&quot;:&quot;1&quot;,&quot;classic_row_gap&quot;:{&quot;unit&quot;:&quot;px&quot;,&quot;size&quot;:7,&quot;sizes&quot;:[]},&quot;classic_columns_tablet&quot;:&quot;2&quot;,&quot;classic_columns_mobile&quot;:&quot;1&quot;,&quot;classic_row_gap_tablet&quot;:{&quot;unit&quot;:&quot;px&quot;,&quot;size&quot;:&quot;&quot;,&quot;sizes&quot;:[]},&quot;classic_row_gap_mobile&quot;:{&quot;unit&quot;:&quot;px&quot;,&quot;size&quot;:&quot;&quot;,&quot;sizes&quot;:[]}}\" data-widget_type=\"posts.classic\">\n\t\t\t\t<div class=\"elementor-widget-container\">\n\t\t\t<link rel=\"stylesheet\" href=\"https:\/\/acho.com.co\/wp-content\/plugins\/elementor-pro\/assets\/css\/widget-posts.min.css\">\t\t<div class=\"elementor-posts-container elementor-posts elementor-posts--skin-classic elementor-grid\">\n\t\t\t\t<article class=\"elementor-post elementor-grid-item post-8300 post type-post status-publish format-standard has-post-thumbnail hentry category-guias-y-consensos\">\n\t\t\t\t<a class=\"elementor-post__thumbnail__link\" href=\"https:\/\/acho.com.co\/en\/2025\/05\/16\/consenso-andino-hpn-2025\/\" tabindex=\"-1\" >\n\t\t\t<div class=\"elementor-post__thumbnail\"><img fetchpriority=\"high\" decoding=\"async\" width=\"211\" height=\"300\" src=\"https:\/\/acho.com.co\/wp-content\/uploads\/2025\/05\/1-211x300.png\" class=\"attachment-medium size-medium wp-image-8303\" alt=\"\" srcset=\"https:\/\/acho.com.co\/wp-content\/uploads\/2025\/05\/1-211x300.png 211w, https:\/\/acho.com.co\/wp-content\/uploads\/2025\/05\/1.png 527w\" sizes=\"(max-width: 211px) 100vw, 211px\" \/><\/div>\n\t\t<\/a>\n\t\t\t\t<div class=\"elementor-post__text\">\n\t\t\t\t<h3 class=\"elementor-post__title\">\n\t\t\t<a href=\"https:\/\/acho.com.co\/en\/2025\/05\/16\/consenso-andino-hpn-2025\/\" >\n\t\t\t\tConsenso Andino HPN-2025\t\t\t<\/a>\n\t\t<\/h3>\n\t\t\t\t<div class=\"elementor-post__meta-data\">\n\t\t\t\t\t<span class=\"elementor-post-date\">\n\t\t\t16 May, 2025\t\t<\/span>\n\t\t\t\t<\/div>\n\t\t\t\t<\/div>\n\t\t\t\t<\/article>\n\t\t\t\t<article class=\"elementor-post elementor-grid-item post-4303 post type-post status-publish format-standard has-post-thumbnail hentry category-guias-y-consensos\">\n\t\t\t\t<a class=\"elementor-post__thumbnail__link\" href=\"https:\/\/acho.com.co\/en\/2024\/05\/22\/consenso-internacional-de-mat-primarias-2024\/\" tabindex=\"-1\" >\n\t\t\t<div class=\"elementor-post__thumbnail\"><img decoding=\"async\" width=\"231\" height=\"300\" src=\"https:\/\/acho.com.co\/wp-content\/uploads\/2024\/05\/Consenso-Internacional-de-Mat-Primarias-2024-imagen-1-231x300.jpeg\" class=\"attachment-medium size-medium wp-image-4304\" alt=\"\" srcset=\"https:\/\/acho.com.co\/wp-content\/uploads\/2024\/05\/Consenso-Internacional-de-Mat-Primarias-2024-imagen-1-231x300.jpeg 231w, https:\/\/acho.com.co\/wp-content\/uploads\/2024\/05\/Consenso-Internacional-de-Mat-Primarias-2024-imagen-1-788x1024.jpeg 788w, https:\/\/acho.com.co\/wp-content\/uploads\/2024\/05\/Consenso-Internacional-de-Mat-Primarias-2024-imagen-1-768x998.jpeg 768w, https:\/\/acho.com.co\/wp-content\/uploads\/2024\/05\/Consenso-Internacional-de-Mat-Primarias-2024-imagen-1-1182x1536.jpeg 1182w, https:\/\/acho.com.co\/wp-content\/uploads\/2024\/05\/Consenso-Internacional-de-Mat-Primarias-2024-imagen-1.jpeg 1231w\" sizes=\"(max-width: 231px) 100vw, 231px\" \/><\/div>\n\t\t<\/a>\n\t\t\t\t<div class=\"elementor-post__text\">\n\t\t\t\t<h3 class=\"elementor-post__title\">\n\t\t\t<a href=\"https:\/\/acho.com.co\/en\/2024\/05\/22\/consenso-internacional-de-mat-primarias-2024\/\" >\n\t\t\t\tConsenso Internacional de MAT primarias 2024\t\t\t<\/a>\n\t\t<\/h3>\n\t\t\t\t<div class=\"elementor-post__meta-data\">\n\t\t\t\t\t<span class=\"elementor-post-date\">\n\t\t\t22 May, 2024\t\t<\/span>\n\t\t\t\t<\/div>\n\t\t\t\t<\/div>\n\t\t\t\t<\/article>\n\t\t\t\t<article class=\"elementor-post elementor-grid-item post-419 post type-post status-publish format-standard has-post-thumbnail hentry category-guias-y-consensos\">\n\t\t\t\t<a class=\"elementor-post__thumbnail__link\" href=\"https:\/\/acho.com.co\/en\/2024\/03\/25\/1er-consenso-de-expertos-para-el-diagnostico-y-tratamiento-multidisciplinario-de-melanoma-temprano-y-localmente-avanzado-acho-2020\/\" tabindex=\"-1\" >\n\t\t\t<div class=\"elementor-post__thumbnail\"><img decoding=\"async\" width=\"300\" height=\"198\" src=\"https:\/\/acho.com.co\/wp-content\/uploads\/2024\/03\/Primer-consenso-acho-2020-1-850x560.jpg-1-300x198.webp\" class=\"attachment-medium size-medium wp-image-420\" alt=\"\" srcset=\"https:\/\/acho.com.co\/wp-content\/uploads\/2024\/03\/Primer-consenso-acho-2020-1-850x560.jpg-1-300x198.webp 300w, https:\/\/acho.com.co\/wp-content\/uploads\/2024\/03\/Primer-consenso-acho-2020-1-850x560.jpg-1-768x506.webp 768w, https:\/\/acho.com.co\/wp-content\/uploads\/2024\/03\/Primer-consenso-acho-2020-1-850x560.jpg-1.webp 850w\" sizes=\"(max-width: 300px) 100vw, 300px\" \/><\/div>\n\t\t<\/a>\n\t\t\t\t<div class=\"elementor-post__text\">\n\t\t\t\t<h3 class=\"elementor-post__title\">\n\t\t\t<a href=\"https:\/\/acho.com.co\/en\/2024\/03\/25\/1er-consenso-de-expertos-para-el-diagnostico-y-tratamiento-multidisciplinario-de-melanoma-temprano-y-localmente-avanzado-acho-2020\/\" >\n\t\t\t\t1er consenso de expertos para el diagnostico y tratamiento multidisciplinario de Melanoma temprano y localmente avanzado ACHO 2020\t\t\t<\/a>\n\t\t<\/h3>\n\t\t\t\t<div class=\"elementor-post__meta-data\">\n\t\t\t\t\t<span class=\"elementor-post-date\">\n\t\t\t25 March, 2024\t\t<\/span>\n\t\t\t\t<\/div>\n\t\t\t\t<\/div>\n\t\t\t\t<\/article>\n\t\t\t\t<article class=\"elementor-post elementor-grid-item post-408 post type-post status-publish format-standard has-post-thumbnail hentry category-guias-y-consensos\">\n\t\t\t\t<a class=\"elementor-post__thumbnail__link\" href=\"https:\/\/acho.com.co\/en\/2024\/03\/25\/2do-consenso-de-expertos-acho-para-el-tratamiento-de-cancer-de-pulmon-metastatico-estado-iv\/\" tabindex=\"-1\" >\n\t\t\t<div class=\"elementor-post__thumbnail\"><img loading=\"lazy\" decoding=\"async\" width=\"300\" height=\"196\" src=\"https:\/\/acho.com.co\/wp-content\/uploads\/2024\/03\/2do-Consenso-de-expertos-ACHO-para-el-tratamiento-de-Cancer-de-Pulmon-metastatico-estado-IV.jpeg-1-300x196.webp\" class=\"attachment-medium size-medium wp-image-409\" alt=\"\" srcset=\"https:\/\/acho.com.co\/wp-content\/uploads\/2024\/03\/2do-Consenso-de-expertos-ACHO-para-el-tratamiento-de-Cancer-de-Pulmon-metastatico-estado-IV.jpeg-1-300x196.webp 300w, https:\/\/acho.com.co\/wp-content\/uploads\/2024\/03\/2do-Consenso-de-expertos-ACHO-para-el-tratamiento-de-Cancer-de-Pulmon-metastatico-estado-IV.jpeg-1.webp 710w\" sizes=\"(max-width: 300px) 100vw, 300px\" \/><\/div>\n\t\t<\/a>\n\t\t\t\t<div class=\"elementor-post__text\">\n\t\t\t\t<h3 class=\"elementor-post__title\">\n\t\t\t<a href=\"https:\/\/acho.com.co\/en\/2024\/03\/25\/2do-consenso-de-expertos-acho-para-el-tratamiento-de-cancer-de-pulmon-metastatico-estado-iv\/\" >\n\t\t\t\t2do Consenso de expertos ACHO para el tratamiento de C\u00e1ncer de Pulm\u00f3n metast\u00e1tico (estado IV)\t\t\t<\/a>\n\t\t<\/h3>\n\t\t\t\t<div class=\"elementor-post__meta-data\">\n\t\t\t\t\t<span class=\"elementor-post-date\">\n\t\t\t25 March, 2024\t\t<\/span>\n\t\t\t\t<\/div>\n\t\t\t\t<\/div>\n\t\t\t\t<\/article>\n\t\t\t\t<article class=\"elementor-post elementor-grid-item post-405 post type-post status-publish format-standard has-post-thumbnail hentry category-guias-y-consensos\">\n\t\t\t\t<a class=\"elementor-post__thumbnail__link\" href=\"https:\/\/acho.com.co\/en\/2024\/03\/25\/guia-de-practica-clinica-para-el-tratamiento-del-mieloma-multiple-para-profesionales-de-la-salud\/\" tabindex=\"-1\" >\n\t\t\t<div class=\"elementor-post__thumbnail\"><img loading=\"lazy\" decoding=\"async\" width=\"300\" height=\"198\" src=\"https:\/\/acho.com.co\/wp-content\/uploads\/2024\/03\/guia-practica-mieloma-multiple-para-profesionales-de-la-salud-850x560.jpg-1-300x198.webp\" class=\"attachment-medium size-medium wp-image-406\" alt=\"\" srcset=\"https:\/\/acho.com.co\/wp-content\/uploads\/2024\/03\/guia-practica-mieloma-multiple-para-profesionales-de-la-salud-850x560.jpg-1-300x198.webp 300w, https:\/\/acho.com.co\/wp-content\/uploads\/2024\/03\/guia-practica-mieloma-multiple-para-profesionales-de-la-salud-850x560.jpg-1-768x506.webp 768w, https:\/\/acho.com.co\/wp-content\/uploads\/2024\/03\/guia-practica-mieloma-multiple-para-profesionales-de-la-salud-850x560.jpg-1.webp 850w\" sizes=\"(max-width: 300px) 100vw, 300px\" \/><\/div>\n\t\t<\/a>\n\t\t\t\t<div class=\"elementor-post__text\">\n\t\t\t\t<h3 class=\"elementor-post__title\">\n\t\t\t<a href=\"https:\/\/acho.com.co\/en\/2024\/03\/25\/guia-de-practica-clinica-para-el-tratamiento-del-mieloma-multiple-para-profesionales-de-la-salud\/\" >\n\t\t\t\tGu\u00eda de Pr\u00e1ctica Cl\u00ednica para el tratamiento del Mieloma M\u00faltiple \u2013 Para profesionales de la Salud\t\t\t<\/a>\n\t\t<\/h3>\n\t\t\t\t<div class=\"elementor-post__meta-data\">\n\t\t\t\t\t<span class=\"elementor-post-date\">\n\t\t\t25 March, 2024\t\t<\/span>\n\t\t\t\t<\/div>\n\t\t\t\t<\/div>\n\t\t\t\t<\/article>\n\t\t\t\t<article class=\"elementor-post elementor-grid-item post-398 post type-post status-publish format-standard has-post-thumbnail hentry category-guias-y-consensos\">\n\t\t\t\t<a class=\"elementor-post__thumbnail__link\" href=\"https:\/\/acho.com.co\/en\/2024\/03\/25\/guia-de-practica-clinica-para-el-tratamiento-del-mieloma-multiple\/\" tabindex=\"-1\" >\n\t\t\t<div class=\"elementor-post__thumbnail\"><img loading=\"lazy\" decoding=\"async\" width=\"300\" height=\"198\" src=\"https:\/\/acho.com.co\/wp-content\/uploads\/2024\/03\/guia-practica-mieloma-multiple-850x560.jpg-1-300x198.webp\" class=\"attachment-medium size-medium wp-image-399\" alt=\"\" srcset=\"https:\/\/acho.com.co\/wp-content\/uploads\/2024\/03\/guia-practica-mieloma-multiple-850x560.jpg-1-300x198.webp 300w, https:\/\/acho.com.co\/wp-content\/uploads\/2024\/03\/guia-practica-mieloma-multiple-850x560.jpg-1-768x506.webp 768w, https:\/\/acho.com.co\/wp-content\/uploads\/2024\/03\/guia-practica-mieloma-multiple-850x560.jpg-1.webp 850w\" sizes=\"(max-width: 300px) 100vw, 300px\" \/><\/div>\n\t\t<\/a>\n\t\t\t\t<div class=\"elementor-post__text\">\n\t\t\t\t<h3 class=\"elementor-post__title\">\n\t\t\t<a href=\"https:\/\/acho.com.co\/en\/2024\/03\/25\/guia-de-practica-clinica-para-el-tratamiento-del-mieloma-multiple\/\" >\n\t\t\t\tGu\u00eda de Pr\u00e1ctica Cl\u00ednica para el tratamiento del Mieloma M\u00faltiple.\t\t\t<\/a>\n\t\t<\/h3>\n\t\t\t\t<div class=\"elementor-post__meta-data\">\n\t\t\t\t\t<span class=\"elementor-post-date\">\n\t\t\t25 March, 2024\t\t<\/span>\n\t\t\t\t<\/div>\n\t\t\t\t<\/div>\n\t\t\t\t<\/article>\n\t\t\t\t<\/div>\n\t\t\n\t\t\t\t<\/div>\n\t\t\t\t<\/div>\n\t\t\t\t\t<\/div>\n\t\t\t\t<\/div>\n\t\t<div class=\"elementor-element elementor-element-44540b4 elementor-hidden-desktop e-flex e-con-boxed e-con e-parent\" data-id=\"44540b4\" data-element_type=\"container\">\n\t\t\t\t\t<div class=\"e-con-inner\">\n\t\t\t\t<div class=\"elementor-element elementor-element-3f11b38 elementor-grid-1 elementor-grid-tablet-2 elementor-grid-mobile-1 elementor-posts--thumbnail-top elementor-widget elementor-widget-posts\" data-id=\"3f11b38\" data-element_type=\"widget\" data-settings=\"{&quot;classic_columns&quot;:&quot;1&quot;,&quot;classic_row_gap&quot;:{&quot;unit&quot;:&quot;px&quot;,&quot;size&quot;:7,&quot;sizes&quot;:[]},&quot;classic_row_gap_mobile&quot;:{&quot;unit&quot;:&quot;px&quot;,&quot;size&quot;:40,&quot;sizes&quot;:[]},&quot;classic_columns_tablet&quot;:&quot;2&quot;,&quot;classic_columns_mobile&quot;:&quot;1&quot;,&quot;classic_row_gap_tablet&quot;:{&quot;unit&quot;:&quot;px&quot;,&quot;size&quot;:&quot;&quot;,&quot;sizes&quot;:[]}}\" data-widget_type=\"posts.classic\">\n\t\t\t\t<div class=\"elementor-widget-container\">\n\t\t\t\t\t<div class=\"elementor-posts-container elementor-posts elementor-posts--skin-classic elementor-grid\">\n\t\t\t\t<article class=\"elementor-post elementor-grid-item post-8300 post type-post status-publish format-standard has-post-thumbnail hentry category-guias-y-consensos\">\n\t\t\t\t<a class=\"elementor-post__thumbnail__link\" href=\"https:\/\/acho.com.co\/en\/2025\/05\/16\/consenso-andino-hpn-2025\/\" tabindex=\"-1\" >\n\t\t\t<div class=\"elementor-post__thumbnail\"><img fetchpriority=\"high\" decoding=\"async\" width=\"211\" height=\"300\" src=\"https:\/\/acho.com.co\/wp-content\/uploads\/2025\/05\/1-211x300.png\" class=\"attachment-medium size-medium wp-image-8303\" alt=\"\" srcset=\"https:\/\/acho.com.co\/wp-content\/uploads\/2025\/05\/1-211x300.png 211w, https:\/\/acho.com.co\/wp-content\/uploads\/2025\/05\/1.png 527w\" sizes=\"(max-width: 211px) 100vw, 211px\" \/><\/div>\n\t\t<\/a>\n\t\t\t\t<div class=\"elementor-post__text\">\n\t\t\t\t<h3 class=\"elementor-post__title\">\n\t\t\t<a href=\"https:\/\/acho.com.co\/en\/2025\/05\/16\/consenso-andino-hpn-2025\/\" >\n\t\t\t\tConsenso Andino HPN-2025\t\t\t<\/a>\n\t\t<\/h3>\n\t\t\t\t<div class=\"elementor-post__meta-data\">\n\t\t\t\t\t<span class=\"elementor-post-date\">\n\t\t\t16 May, 2025\t\t<\/span>\n\t\t\t\t<\/div>\n\t\t\t\t<\/div>\n\t\t\t\t<\/article>\n\t\t\t\t<\/div>\n\t\t\n\t\t\t\t<\/div>\n\t\t\t\t<\/div>\n\t\t\t\t\t<\/div>\n\t\t\t\t<\/div>\n\t\t\t\t<\/div>\n\t\t\n    <div class=\"xs_social_share_widget xs_share_url after_content \t\tmain_content  wslu-style-1 wslu-share-box-shaped wslu-fill-colored wslu-none wslu-share-horizontal wslu-theme-font-no wslu-main_content\">\n\n\t\t\n        <ul>\n\t\t\t        <\/ul>\n    <\/div>","protected":false},"excerpt":{"rendered":"<p>Gu\u00edas y Consensos Gu\u00edas y Consensos Publicaci\u00f3n m\u00e1s reciente Publicaci\u00f3n m\u00e1s reciente Consenso Andino HPN-2025 Consenso Andino 2025 Descargar Documento Publicaciones relacionadas by achoadministrador | 16 mayo, 2025 Consenso Internacional<\/p>","protected":false},"author":1,"featured_media":0,"parent":0,"menu_order":0,"comment_status":"closed","ping_status":"closed","template":"elementor_header_footer","meta":{"postBodyCss":"","postBodyMargin":[],"postBodyPadding":[],"postBodyBackground":{"backgroundType":"classic","gradient":""},"footnotes":""},"class_list":["post-159","page","type-page","status-publish","hentry"],"_links":{"self":[{"href":"https:\/\/acho.com.co\/en\/wp-json\/wp\/v2\/pages\/159","targetHints":{"allow":["GET"]}}],"collection":[{"href":"https:\/\/acho.com.co\/en\/wp-json\/wp\/v2\/pages"}],"about":[{"href":"https:\/\/acho.com.co\/en\/wp-json\/wp\/v2\/types\/page"}],"author":[{"embeddable":true,"href":"https:\/\/acho.com.co\/en\/wp-json\/wp\/v2\/users\/1"}],"replies":[{"embeddable":true,"href":"https:\/\/acho.com.co\/en\/wp-json\/wp\/v2\/comments?post=159"}],"version-history":[{"count":49,"href":"https:\/\/acho.com.co\/en\/wp-json\/wp\/v2\/pages\/159\/revisions"}],"predecessor-version":[{"id":8318,"href":"https:\/\/acho.com.co\/en\/wp-json\/wp\/v2\/pages\/159\/revisions\/8318"}],"wp:attachment":[{"href":"https:\/\/acho.com.co\/en\/wp-json\/wp\/v2\/media?parent=159"}],"curies":[{"name":"wp","href":"https:\/\/api.w.org\/{rel}","templated":true}]}}