{"id":164,"date":"2024-03-21T09:56:51","date_gmt":"2024-03-21T12:56:51","guid":{"rendered":"https:\/\/acho2.dev.emerald.studio\/?page_id=164"},"modified":"2025-04-25T22:14:01","modified_gmt":"2025-04-26T01:14:01","slug":"grupos-de-trabajo-ministerio-de-salud","status":"publish","type":"page","link":"https:\/\/acho.com.co\/en\/grupos-de-trabajo-ministerio-de-salud\/","title":{"rendered":"Grupos de Trabajo"},"content":{"rendered":"<div data-elementor-type=\"wp-page\" data-elementor-id=\"164\" class=\"elementor elementor-164\" data-elementor-post-type=\"page\">\n\t\t\t\t<div class=\"elementor-element elementor-element-ffbbd82 e-con-full elementor-hidden-tablet elementor-hidden-mobile e-flex e-con e-parent\" data-id=\"ffbbd82\" data-element_type=\"container\" data-settings=\"{&quot;background_background&quot;:&quot;classic&quot;}\">\n\t\t\t\t<div class=\"elementor-element elementor-element-8d821f5 elementor-widget elementor-widget-heading\" data-id=\"8d821f5\" data-element_type=\"widget\" data-widget_type=\"heading.default\">\n\t\t\t\t<div class=\"elementor-widget-container\">\n\t\t\t<style>\/*! elementor - v3.23.0 - 05-08-2024 *\/\n.elementor-heading-title{padding:0;margin:0;line-height:1}.elementor-widget-heading .elementor-heading-title[class*=elementor-size-]>a{color:inherit;font-size:inherit;line-height:inherit}.elementor-widget-heading .elementor-heading-title.elementor-size-small{font-size:15px}.elementor-widget-heading .elementor-heading-title.elementor-size-medium{font-size:19px}.elementor-widget-heading .elementor-heading-title.elementor-size-large{font-size:29px}.elementor-widget-heading .elementor-heading-title.elementor-size-xl{font-size:39px}.elementor-widget-heading .elementor-heading-title.elementor-size-xxl{font-size:59px}<\/style><h2 class=\"elementor-heading-title elementor-size-xl\">GRUPOS DE TRABAJO<\/h2>\t\t<\/div>\n\t\t\t\t<\/div>\n\t\t\t\t<\/div>\n\t\t<div class=\"elementor-element elementor-element-f2cea1d e-con-full elementor-hidden-desktop e-flex e-con e-parent\" data-id=\"f2cea1d\" data-element_type=\"container\" data-settings=\"{&quot;background_background&quot;:&quot;classic&quot;}\">\n\t\t\t\t<div class=\"elementor-element elementor-element-bb5b3a9 elementor-widget elementor-widget-heading\" data-id=\"bb5b3a9\" data-element_type=\"widget\" data-widget_type=\"heading.default\">\n\t\t\t\t<div class=\"elementor-widget-container\">\n\t\t\t<h2 class=\"elementor-heading-title elementor-size-xl\">GRUPOS DE TRABAJO<\/h2>\t\t<\/div>\n\t\t\t\t<\/div>\n\t\t\t\t<\/div>\n\t\t<div class=\"elementor-element elementor-element-c9b1024 elementor-hidden-tablet elementor-hidden-mobile e-flex e-con-boxed e-con e-parent\" data-id=\"c9b1024\" data-element_type=\"container\">\n\t\t\t\t\t<div class=\"e-con-inner\">\n\t\t<div class=\"elementor-element elementor-element-1b0b356 e-con-full e-flex e-con e-child\" data-id=\"1b0b356\" data-element_type=\"container\">\n\t\t\t\t<div class=\"elementor-element elementor-element-6138ed6 elementor-widget elementor-widget-heading\" data-id=\"6138ed6\" data-element_type=\"widget\" data-widget_type=\"heading.default\">\n\t\t\t\t<div class=\"elementor-widget-container\">\n\t\t\t<h2 class=\"elementor-heading-title elementor-size-default\">Grupo de\u00a0Humanizaci\u00f3n en Hematolog\u00eda y Oncolog\u00eda<\/h2>\t\t<\/div>\n\t\t\t\t<\/div>\n\t\t\t\t<div class=\"elementor-element elementor-element-2d28bea elementor-widget elementor-widget-text-editor\" data-id=\"2d28bea\" data-element_type=\"widget\" data-widget_type=\"text-editor.default\">\n\t\t\t\t<div class=\"elementor-widget-container\">\n\t\t\t<style>\/*! elementor - v3.23.0 - 05-08-2024 *\/\n.elementor-widget-text-editor.elementor-drop-cap-view-stacked .elementor-drop-cap{background-color:#69727d;color:#fff}.elementor-widget-text-editor.elementor-drop-cap-view-framed .elementor-drop-cap{color:#69727d;border:3px solid;background-color:transparent}.elementor-widget-text-editor:not(.elementor-drop-cap-view-default) .elementor-drop-cap{margin-top:8px}.elementor-widget-text-editor:not(.elementor-drop-cap-view-default) .elementor-drop-cap-letter{width:1em;height:1em}.elementor-widget-text-editor .elementor-drop-cap{float:left;text-align:center;line-height:1;font-size:50px}.elementor-widget-text-editor .elementor-drop-cap-letter{display:inline-block}<\/style>\t\t\t\t<table width=\"300\"><tbody><tr><td>L\u00edder Principal Dr. Javier Godoy<\/td><\/tr><tr><td>Dr. Guillermo Herrera<\/td><\/tr><tr><td width=\"300\">Dr. Haroldo Estrada<\/td><\/tr><tr><td>Dr. Jorge Duque<\/td><\/tr><\/tbody><\/table>\t\t\t\t\t\t<\/div>\n\t\t\t\t<\/div>\n\t\t\t\t<\/div>\n\t\t<div class=\"elementor-element elementor-element-52bdf83 e-con-full e-flex e-con e-child\" data-id=\"52bdf83\" data-element_type=\"container\">\n\t\t\t\t<div class=\"elementor-element elementor-element-df4c034 elementor-widget elementor-widget-heading\" data-id=\"df4c034\" data-element_type=\"widget\" data-widget_type=\"heading.default\">\n\t\t\t\t<div class=\"elementor-widget-container\">\n\t\t\t<h2 class=\"elementor-heading-title elementor-size-default\">Grupo de Administraci\u00f3n, econom\u00eda de la salud y an\u00e1lisis sectorial<\/h2>\t\t<\/div>\n\t\t\t\t<\/div>\n\t\t\t\t<div class=\"elementor-element elementor-element-e17426d elementor-widget elementor-widget-text-editor\" data-id=\"e17426d\" data-element_type=\"widget\" data-widget_type=\"text-editor.default\">\n\t\t\t\t<div class=\"elementor-widget-container\">\n\t\t\t\t\t\t\t<table width=\"307\"><tbody><tr><td>L\u00edder Principal Dr. Giovanny Rinc\u00f3n<\/td><\/tr><tr><td>Dr. Carlos Portilla<\/td><\/tr><tr><td width=\"307\">Dr. Iv\u00e1n Pisciotti<\/td><\/tr><tr><td>Dr. Mario Correa<\/td><\/tr><tr><td>Dr. Maycos Zapata<\/td><\/tr><\/tbody><\/table>\t\t\t\t\t\t<\/div>\n\t\t\t\t<\/div>\n\t\t\t\t<\/div>\n\t\t\t\t\t<\/div>\n\t\t\t\t<\/div>\n\t\t<div class=\"elementor-element elementor-element-7d8404a elementor-hidden-tablet elementor-hidden-mobile e-flex e-con-boxed e-con e-parent\" data-id=\"7d8404a\" data-element_type=\"container\">\n\t\t\t\t\t<div class=\"e-con-inner\">\n\t\t<div class=\"elementor-element elementor-element-d53389b e-con-full e-flex e-con e-child\" data-id=\"d53389b\" data-element_type=\"container\">\n\t\t\t\t<div class=\"elementor-element elementor-element-0cd5c14 elementor-widget elementor-widget-heading\" data-id=\"0cd5c14\" data-element_type=\"widget\" data-widget_type=\"heading.default\">\n\t\t\t\t<div class=\"elementor-widget-container\">\n\t\t\t<h2 class=\"elementor-heading-title elementor-size-default\">Grupo de Bio\u00e9tica\t\n<\/h2>\t\t<\/div>\n\t\t\t\t<\/div>\n\t\t\t\t<div class=\"elementor-element elementor-element-5406311 elementor-widget elementor-widget-text-editor\" data-id=\"5406311\" data-element_type=\"widget\" data-widget_type=\"text-editor.default\">\n\t\t\t\t<div class=\"elementor-widget-container\">\n\t\t\t\t\t\t\t<table width=\"300\"><tbody><tr><td>L\u00edder Principal Dr. Carlos Ram\u00edrez<\/td><\/tr><tr><td>Dra. Ana Francisca Ram\u00edrez<\/td><\/tr><tr><td width=\"300\">Dr. Giovanny Rinc\u00f3n<\/td><\/tr><tr><td>Dr. Haroldo Estrada<\/td><\/tr><tr><td>Dr. Javier Godoy<\/td><\/tr><tr><td>Dr. Jes\u00fas Insuasty<\/td><\/tr><tr><td>Dr. Le\u00f3n Dar\u00edo Ortiz<\/td><\/tr><\/tbody><\/table>\t\t\t\t\t\t<\/div>\n\t\t\t\t<\/div>\n\t\t\t\t<\/div>\n\t\t<div class=\"elementor-element elementor-element-32461cd e-con-full e-flex e-con e-child\" data-id=\"32461cd\" data-element_type=\"container\">\n\t\t\t\t<div class=\"elementor-element elementor-element-6017f00 elementor-widget elementor-widget-heading\" data-id=\"6017f00\" data-element_type=\"widget\" data-widget_type=\"heading.default\">\n\t\t\t\t<div class=\"elementor-widget-container\">\n\t\t\t<h2 class=\"elementor-heading-title elementor-size-default\">Grupo de Profesionales J\u00f3venes\t\n<\/h2>\t\t<\/div>\n\t\t\t\t<\/div>\n\t\t\t\t<div class=\"elementor-element elementor-element-804d6fa elementor-widget elementor-widget-text-editor\" data-id=\"804d6fa\" data-element_type=\"widget\" data-widget_type=\"text-editor.default\">\n\t\t\t\t<div class=\"elementor-widget-container\">\n\t\t\t\t\t\t\t<table width=\"307\">\n<tbody>\n<tr>\n<td>L\u00edder Principal Dr. Diego Ball\u00e9n<\/td>\n<\/tr>\n<tr>\n<td width=\"307\">Dr. \u00c1lvaro Mondrag\u00f3n<\/td>\n<\/tr>\n<tr>\n<td>Dra. Angela Luna Mesa<\/td>\n<\/tr>\n<tr>\n<td>Dr. Camilo C\u00e1ceres<\/td>\n<\/tr>\n<tr>\n<td>Dr. Luis Parra<\/td>\n<\/tr>\n<tr>\n<td>Dr. Maycos Zapata<\/td>\n<\/tr>\n<tr>\n<td>Dr. Sergio Cifuentes<\/td>\n<\/tr>\n<\/tbody>\n<\/table>\t\t\t\t\t\t<\/div>\n\t\t\t\t<\/div>\n\t\t\t\t<\/div>\n\t\t\t\t\t<\/div>\n\t\t\t\t<\/div>\n\t\t<div class=\"elementor-element elementor-element-18a1083 elementor-hidden-tablet elementor-hidden-mobile e-flex e-con-boxed e-con e-parent\" data-id=\"18a1083\" data-element_type=\"container\">\n\t\t\t\t\t<div class=\"e-con-inner\">\n\t\t<div class=\"elementor-element elementor-element-33969cc e-con-full e-flex e-con e-child\" data-id=\"33969cc\" data-element_type=\"container\">\n\t\t\t\t<div class=\"elementor-element elementor-element-1ae64e6 elementor-widget elementor-widget-heading\" data-id=\"1ae64e6\" data-element_type=\"widget\" data-widget_type=\"heading.default\">\n\t\t\t\t<div class=\"elementor-widget-container\">\n\t\t\t<h2 class=\"elementor-heading-title elementor-size-default\">Grupo de Medicina Integrativa\n<\/h2>\t\t<\/div>\n\t\t\t\t<\/div>\n\t\t\t\t<div class=\"elementor-element elementor-element-37b5263 elementor-widget elementor-widget-text-editor\" data-id=\"37b5263\" data-element_type=\"widget\" data-widget_type=\"text-editor.default\">\n\t\t\t\t<div class=\"elementor-widget-container\">\n\t\t\t\t\t\t\t<table width=\"300\"><tbody><tr><td>L\u00edder Dr. Miguel Saavedra<\/td><\/tr><tr><td>Dr. Eduardo Beltran<\/td><\/tr><tr><td width=\"300\">Dr. Erick Cantor<\/td><\/tr><tr><td>Dr. Jaime Valdes<\/td><\/tr><tr><td>Dr. Jes\u00fas Ardila<\/td><\/tr><tr><td>Dr. Jorge Duque<\/td><\/tr><tr><td>Dra. Ana Maria Castellanos<\/td><\/tr><tr><td>Dra. Angela Esparza<\/td><\/tr><tr><td>Dra. Jorleth Agudelo<\/td><\/tr><tr><td>Dra. Lisbeth Ramirez<\/td><\/tr><tr><td>Dra. Raquel Sandoval<\/td><\/tr><\/tbody><\/table>\t\t\t\t\t\t<\/div>\n\t\t\t\t<\/div>\n\t\t\t\t<\/div>\n\t\t<div class=\"elementor-element elementor-element-e89b4b8 e-con-full e-flex e-con e-child\" data-id=\"e89b4b8\" data-element_type=\"container\">\n\t\t\t\t<\/div>\n\t\t\t\t\t<\/div>\n\t\t\t\t<\/div>\n\t\t<div class=\"elementor-element elementor-element-a72372c elementor-hidden-desktop e-flex e-con-boxed e-con e-parent\" data-id=\"a72372c\" data-element_type=\"container\">\n\t\t\t\t\t<div class=\"e-con-inner\">\n\t\t<div class=\"elementor-element elementor-element-389c39e e-con-full e-flex e-con e-child\" data-id=\"389c39e\" data-element_type=\"container\">\n\t\t\t\t<div class=\"elementor-element elementor-element-bc02004 elementor-widget elementor-widget-heading\" data-id=\"bc02004\" data-element_type=\"widget\" data-widget_type=\"heading.default\">\n\t\t\t\t<div class=\"elementor-widget-container\">\n\t\t\t<h2 class=\"elementor-heading-title elementor-size-default\">Grupo de\u00a0Humanizaci\u00f3n en Hematolog\u00eda y Oncolog\u00eda<\/h2>\t\t<\/div>\n\t\t\t\t<\/div>\n\t\t\t\t<div class=\"elementor-element elementor-element-5337e9a elementor-widget elementor-widget-text-editor\" data-id=\"5337e9a\" data-element_type=\"widget\" data-widget_type=\"text-editor.default\">\n\t\t\t\t<div class=\"elementor-widget-container\">\n\t\t\t\t\t\t\t<ul><li>L\u00edder Dr. Javier Godoy<\/li><li>Dr. Guillermo Herrera<\/li><li>Dr. Haroldo Estrada<\/li><li>Dr. Jorge Duque<\/li><\/ul>\t\t\t\t\t\t<\/div>\n\t\t\t\t<\/div>\n\t\t\t\t<\/div>\n\t\t<div class=\"elementor-element elementor-element-eb8d6c0 e-con-full e-flex e-con e-child\" data-id=\"eb8d6c0\" data-element_type=\"container\">\n\t\t\t\t<div class=\"elementor-element elementor-element-a87f242 elementor-widget elementor-widget-heading\" data-id=\"a87f242\" data-element_type=\"widget\" data-widget_type=\"heading.default\">\n\t\t\t\t<div class=\"elementor-widget-container\">\n\t\t\t<h2 class=\"elementor-heading-title elementor-size-default\">Grupo de Administraci\u00f3n, econom\u00eda de la salud y an\u00e1lisis sectorial<\/h2>\t\t<\/div>\n\t\t\t\t<\/div>\n\t\t\t\t<div class=\"elementor-element elementor-element-41997c0 elementor-widget elementor-widget-text-editor\" data-id=\"41997c0\" data-element_type=\"widget\" data-widget_type=\"text-editor.default\">\n\t\t\t\t<div class=\"elementor-widget-container\">\n\t\t\t\t\t\t\t<ul><li>L\u00edder Dr. Giovanny Rinc\u00f3n<\/li><li>Dr. Carlos Portilla<\/li><li>Dr. Iv\u00e1n Pisciotti<\/li><li>Dr. Mario Correa<\/li><li>Dr. Maycos Zapata<\/li><\/ul>\t\t\t\t\t\t<\/div>\n\t\t\t\t<\/div>\n\t\t\t\t<\/div>\n\t\t\t\t\t<\/div>\n\t\t\t\t<\/div>\n\t\t<div class=\"elementor-element elementor-element-ccdcf2c elementor-hidden-desktop e-flex e-con-boxed e-con e-parent\" data-id=\"ccdcf2c\" data-element_type=\"container\">\n\t\t\t\t\t<div class=\"e-con-inner\">\n\t\t<div class=\"elementor-element elementor-element-0ad8771 e-con-full e-flex e-con e-child\" data-id=\"0ad8771\" data-element_type=\"container\">\n\t\t\t\t<div class=\"elementor-element elementor-element-ef4f6c5 elementor-widget elementor-widget-heading\" data-id=\"ef4f6c5\" data-element_type=\"widget\" data-widget_type=\"heading.default\">\n\t\t\t\t<div class=\"elementor-widget-container\">\n\t\t\t<h2 class=\"elementor-heading-title elementor-size-default\">Grupo de Bio\u00e9tica\t<\/h2>\t\t<\/div>\n\t\t\t\t<\/div>\n\t\t\t\t<div class=\"elementor-element elementor-element-1f1973f elementor-widget elementor-widget-text-editor\" data-id=\"1f1973f\" data-element_type=\"widget\" data-widget_type=\"text-editor.default\">\n\t\t\t\t<div class=\"elementor-widget-container\">\n\t\t\t\t\t\t\t<ul><li>L\u00edder Dr. Carlos Ram\u00edrez<\/li><li>Dra. Ana Francisca Ram\u00edrez\u00a0<\/li><li>Dr. Giovanny Rinc\u00f3n<\/li><li>Dr. Haroldo Estrada<\/li><li>Dr. Javier Godoy<\/li><li>Dr. Jes\u00fas Insuasty<\/li><li>Dr. Le\u00f3n Dar\u00edo Ortiz<\/li><\/ul>\t\t\t\t\t\t<\/div>\n\t\t\t\t<\/div>\n\t\t\t\t<\/div>\n\t\t<div class=\"elementor-element elementor-element-028bfbe e-con-full e-flex e-con e-child\" data-id=\"028bfbe\" data-element_type=\"container\">\n\t\t\t\t<div class=\"elementor-element elementor-element-f441c9d elementor-widget elementor-widget-heading\" data-id=\"f441c9d\" data-element_type=\"widget\" data-widget_type=\"heading.default\">\n\t\t\t\t<div class=\"elementor-widget-container\">\n\t\t\t<h2 class=\"elementor-heading-title elementor-size-default\">Grupo de Profesionales J\u00f3venes<\/h2>\t\t<\/div>\n\t\t\t\t<\/div>\n\t\t\t\t<div class=\"elementor-element elementor-element-abda38b elementor-widget elementor-widget-text-editor\" data-id=\"abda38b\" data-element_type=\"widget\" data-widget_type=\"text-editor.default\">\n\t\t\t\t<div class=\"elementor-widget-container\">\n\t\t\t\t\t\t\t<ul>\n<li>L\u00edder Principal Dr. Diego Ball\u00e9n\n<li>Dr. \u00c1lvaro Mondrag\u00f3n\n<li>Dra. Angela Luna Mesa\n<li>Dr. Camilo C\u00e1ceres\n<li>Dr. Luis Parra\n<li>Dr. Maycos Zapata\n<li>Dr. Sergio Cifuentes<\/li>\n<\/ul>\t\t\t\t\t\t<\/div>\n\t\t\t\t<\/div>\n\t\t\t\t<\/div>\n\t\t\t\t\t<\/div>\n\t\t\t\t<\/div>\n\t\t<div class=\"elementor-element elementor-element-eb763ae elementor-hidden-desktop e-flex e-con-boxed e-con e-parent\" data-id=\"eb763ae\" data-element_type=\"container\">\n\t\t\t\t\t<div class=\"e-con-inner\">\n\t\t<div class=\"elementor-element elementor-element-48b977a e-con-full e-flex e-con e-child\" data-id=\"48b977a\" data-element_type=\"container\">\n\t\t\t\t<div class=\"elementor-element elementor-element-d8beeef elementor-widget elementor-widget-heading\" data-id=\"d8beeef\" data-element_type=\"widget\" data-widget_type=\"heading.default\">\n\t\t\t\t<div class=\"elementor-widget-container\">\n\t\t\t<h2 class=\"elementor-heading-title elementor-size-default\">Grupo de Medicina Integrativa<\/h2>\t\t<\/div>\n\t\t\t\t<\/div>\n\t\t\t\t<div class=\"elementor-element elementor-element-81fd622 elementor-widget elementor-widget-text-editor\" data-id=\"81fd622\" data-element_type=\"widget\" data-widget_type=\"text-editor.default\">\n\t\t\t\t<div class=\"elementor-widget-container\">\n\t\t\t\t\t\t\t<ul><li>L\u00edder Dr. Miguel Saavedra<\/li><li>Dr. Eduardo Beltran<\/li><li>Dr. Erick Cantor<\/li><li>Dr. Jaime Valdes<\/li><li>Dr. Jes\u00fas Ardila<\/li><li>Dr. Jorge Duque<\/li><li>Dra. Ana Maria Castellanos<\/li><li>Dra. Angela Esparza<\/li><li>Dra. Jorleth Agudelo<\/li><li>Dra. Lisbeth Ramirez<\/li><li>Dra. Raquel Sandoval<\/li><\/ul>\t\t\t\t\t\t<\/div>\n\t\t\t\t<\/div>\n\t\t\t\t<\/div>\n\t\t<div class=\"elementor-element elementor-element-479e983 e-con-full e-flex e-con e-child\" data-id=\"479e983\" data-element_type=\"container\">\n\t\t\t\t<\/div>\n\t\t\t\t\t<\/div>\n\t\t\t\t<\/div>\n\t\t\t\t<\/div>\n\t\t\n    <div class=\"xs_social_share_widget xs_share_url after_content \t\tmain_content  wslu-style-1 wslu-share-box-shaped wslu-fill-colored wslu-none wslu-share-horizontal wslu-theme-font-no wslu-main_content\">\n\n\t\t\n        <ul>\n\t\t\t        <\/ul>\n    <\/div>","protected":false},"excerpt":{"rendered":"<p>GRUPOS DE TRABAJO GRUPOS DE TRABAJO Grupo de\u00a0Humanizaci\u00f3n en Hematolog\u00eda y Oncolog\u00eda L\u00edder Principal Dr. Javier Godoy Dr. Guillermo Herrera Dr. Haroldo Estrada Dr. Jorge Duque Grupo de Administraci\u00f3n, econom\u00eda [&hellip;]<\/p>","protected":false},"author":1,"featured_media":0,"parent":0,"menu_order":0,"comment_status":"closed","ping_status":"closed","template":"elementor_header_footer","meta":{"postBodyCss":"","postBodyMargin":[],"postBodyPadding":[],"postBodyBackground":{"backgroundType":"classic","gradient":""},"footnotes":""},"class_list":["post-164","page","type-page","status-publish","hentry"],"_links":{"self":[{"href":"https:\/\/acho.com.co\/en\/wp-json\/wp\/v2\/pages\/164","targetHints":{"allow":["GET"]}}],"collection":[{"href":"https:\/\/acho.com.co\/en\/wp-json\/wp\/v2\/pages"}],"about":[{"href":"https:\/\/acho.com.co\/en\/wp-json\/wp\/v2\/types\/page"}],"author":[{"embeddable":true,"href":"https:\/\/acho.com.co\/en\/wp-json\/wp\/v2\/users\/1"}],"replies":[{"embeddable":true,"href":"https:\/\/acho.com.co\/en\/wp-json\/wp\/v2\/comments?post=164"}],"version-history":[{"count":85,"href":"https:\/\/acho.com.co\/en\/wp-json\/wp\/v2\/pages\/164\/revisions"}],"predecessor-version":[{"id":8152,"href":"https:\/\/acho.com.co\/en\/wp-json\/wp\/v2\/pages\/164\/revisions\/8152"}],"wp:attachment":[{"href":"https:\/\/acho.com.co\/en\/wp-json\/wp\/v2\/media?parent=164"}],"curies":[{"name":"wp","href":"https:\/\/api.w.org\/{rel}","templated":true}]}}