{"id":213,"date":"2024-03-21T10:09:17","date_gmt":"2024-03-21T13:09:17","guid":{"rendered":"https:\/\/acho2.dev.emerald.studio\/?page_id=213"},"modified":"2024-11-12T14:23:47","modified_gmt":"2024-11-12T17:23:47","slug":"becas-acho","status":"publish","type":"page","link":"https:\/\/acho.com.co\/en\/becas-acho\/","title":{"rendered":"Becas ACHO"},"content":{"rendered":"<div data-elementor-type=\"wp-page\" data-elementor-id=\"213\" class=\"elementor elementor-213\" data-elementor-post-type=\"page\">\n\t\t\t\t<div class=\"elementor-element elementor-element-17ab7ae e-con-full elementor-hidden-tablet elementor-hidden-mobile e-flex e-con e-child\" data-id=\"17ab7ae\" data-element_type=\"container\" data-settings=\"{&quot;background_background&quot;:&quot;classic&quot;}\">\n\t\t\t\t<div class=\"elementor-element elementor-element-2c7db57 elementor-widget elementor-widget-heading\" data-id=\"2c7db57\" data-element_type=\"widget\" data-widget_type=\"heading.default\">\n\t\t\t\t<div class=\"elementor-widget-container\">\n\t\t\t<style>\/*! elementor - v3.23.0 - 05-08-2024 *\/\n.elementor-heading-title{padding:0;margin:0;line-height:1}.elementor-widget-heading .elementor-heading-title[class*=elementor-size-]>a{color:inherit;font-size:inherit;line-height:inherit}.elementor-widget-heading .elementor-heading-title.elementor-size-small{font-size:15px}.elementor-widget-heading .elementor-heading-title.elementor-size-medium{font-size:19px}.elementor-widget-heading .elementor-heading-title.elementor-size-large{font-size:29px}.elementor-widget-heading .elementor-heading-title.elementor-size-xl{font-size:39px}.elementor-widget-heading .elementor-heading-title.elementor-size-xxl{font-size:59px}<\/style><h2 class=\"elementor-heading-title elementor-size-xl\">Becas ACHO<\/h2>\t\t<\/div>\n\t\t\t\t<\/div>\n\t\t\t\t<\/div>\n\t\t<div class=\"elementor-element elementor-element-74f3b1d e-con-full elementor-hidden-desktop e-flex e-con e-child\" data-id=\"74f3b1d\" data-element_type=\"container\" data-settings=\"{&quot;background_background&quot;:&quot;classic&quot;}\">\n\t\t\t\t<div class=\"elementor-element elementor-element-72bd398 elementor-widget elementor-widget-heading\" data-id=\"72bd398\" data-element_type=\"widget\" data-widget_type=\"heading.default\">\n\t\t\t\t<div class=\"elementor-widget-container\">\n\t\t\t<h2 class=\"elementor-heading-title elementor-size-xl\">Becas ACHO<\/h2>\t\t<\/div>\n\t\t\t\t<\/div>\n\t\t\t\t<\/div>\n\t\t<div class=\"elementor-element elementor-element-332d950 elementor-hidden-tablet elementor-hidden-mobile e-flex e-con-boxed e-con e-parent\" data-id=\"332d950\" data-element_type=\"container\">\n\t\t\t\t\t<div class=\"e-con-inner\">\n\t\t<div class=\"elementor-element elementor-element-6bccb78 e-con-full e-flex e-con e-child\" data-id=\"6bccb78\" data-element_type=\"container\">\n\t\t\t\t<div class=\"elementor-element elementor-element-3d295fa elementor-widget elementor-widget-image\" data-id=\"3d295fa\" data-element_type=\"widget\" data-widget_type=\"image.default\">\n\t\t\t\t<div class=\"elementor-widget-container\">\n\t\t\t<style>\/*! elementor - v3.23.0 - 05-08-2024 *\/\n.elementor-widget-image{text-align:center}.elementor-widget-image a{display:inline-block}.elementor-widget-image a img[src$=\".svg\"]{width:48px}.elementor-widget-image img{vertical-align:middle;display:inline-block}<\/style>\t\t\t\t\t\t\t\t\t\t<img fetchpriority=\"high\" decoding=\"async\" width=\"469\" height=\"379\" src=\"https:\/\/acho.com.co\/wp-content\/uploads\/2024\/11\/foto-becas.png\" class=\"attachment-large size-large wp-image-5990\" alt=\"\" srcset=\"https:\/\/acho.com.co\/wp-content\/uploads\/2024\/11\/foto-becas.png 469w, https:\/\/acho.com.co\/wp-content\/uploads\/2024\/11\/foto-becas-300x242.png 300w\" sizes=\"(max-width: 469px) 100vw, 469px\" \/>\t\t\t\t\t\t\t\t\t\t\t\t\t<\/div>\n\t\t\t\t<\/div>\n\t\t\t\t<\/div>\n\t\t<div class=\"elementor-element elementor-element-a078ff0 e-con-full e-flex e-con e-child\" data-id=\"a078ff0\" data-element_type=\"container\">\n\t\t\t\t<div class=\"elementor-element elementor-element-884738c elementor-widget elementor-widget-heading\" data-id=\"884738c\" data-element_type=\"widget\" data-widget_type=\"heading.default\">\n\t\t\t\t<div class=\"elementor-widget-container\">\n\t\t\t<h2 class=\"elementor-heading-title elementor-size-default\">\u00bfQ\u00fae es la Beca ACHO?<\/h2>\t\t<\/div>\n\t\t\t\t<\/div>\n\t\t\t\t<div class=\"elementor-element elementor-element-54a120f elementor-widget elementor-widget-heading\" data-id=\"54a120f\" data-element_type=\"widget\" data-widget_type=\"heading.default\">\n\t\t\t\t<div class=\"elementor-widget-container\">\n\t\t\t<h2 class=\"elementor-heading-title elementor-size-default\">Es el patrocinio econ\u00f3mico que la ACHO ofrece a sus Miembros Activos para rotaciones extramurales en el exterior, estudios de maestr\u00eda, doctorados y postgrados o formaciones acad\u00e9micas formales dentro y fuera del pa\u00eds, en Hematolog\u00eda y Oncolog\u00eda.<\/h2>\t\t<\/div>\n\t\t\t\t<\/div>\n\t\t\t\t<div class=\"elementor-element elementor-element-6e4f696 elementor-widget elementor-widget-heading\" data-id=\"6e4f696\" data-element_type=\"widget\" data-widget_type=\"heading.default\">\n\t\t\t\t<div class=\"elementor-widget-container\">\n\t\t\t<h2 class=\"elementor-heading-title elementor-size-default\">\u00a1No dejen pasar esta oportunidad! Juntos, podemos hacer posible que sus sue\u00f1os acad\u00e9micos se conviertan en realidad.<\/h2>\t\t<\/div>\n\t\t\t\t<\/div>\n\t\t\t\t<\/div>\n\t\t\t\t\t<\/div>\n\t\t\t\t<\/div>\n\t\t<div class=\"elementor-element elementor-element-6e2077b elementor-hidden-desktop e-flex e-con-boxed e-con e-parent\" data-id=\"6e2077b\" data-element_type=\"container\">\n\t\t\t\t\t<div class=\"e-con-inner\">\n\t\t<div class=\"elementor-element elementor-element-6cd3f74 e-con-full e-flex e-con e-child\" data-id=\"6cd3f74\" data-element_type=\"container\">\n\t\t\t\t<div class=\"elementor-element elementor-element-2714523 elementor-widget elementor-widget-image\" data-id=\"2714523\" data-element_type=\"widget\" data-widget_type=\"image.default\">\n\t\t\t\t<div class=\"elementor-widget-container\">\n\t\t\t\t\t\t\t\t\t\t\t\t\t<img fetchpriority=\"high\" decoding=\"async\" width=\"469\" height=\"379\" src=\"https:\/\/acho.com.co\/wp-content\/uploads\/2024\/11\/foto-becas.png\" class=\"attachment-large size-large wp-image-5990\" alt=\"\" srcset=\"https:\/\/acho.com.co\/wp-content\/uploads\/2024\/11\/foto-becas.png 469w, https:\/\/acho.com.co\/wp-content\/uploads\/2024\/11\/foto-becas-300x242.png 300w\" sizes=\"(max-width: 469px) 100vw, 469px\" \/>\t\t\t\t\t\t\t\t\t\t\t\t\t<\/div>\n\t\t\t\t<\/div>\n\t\t\t\t<\/div>\n\t\t<div class=\"elementor-element elementor-element-5f89289 e-con-full e-flex e-con e-child\" data-id=\"5f89289\" data-element_type=\"container\">\n\t\t\t\t<div class=\"elementor-element elementor-element-712ab6a elementor-widget elementor-widget-heading\" data-id=\"712ab6a\" data-element_type=\"widget\" data-widget_type=\"heading.default\">\n\t\t\t\t<div class=\"elementor-widget-container\">\n\t\t\t<h2 class=\"elementor-heading-title elementor-size-default\">\u00bfQ\u00fae es la Beca ACHO?<\/h2>\t\t<\/div>\n\t\t\t\t<\/div>\n\t\t\t\t<div class=\"elementor-element elementor-element-12ceda7 elementor-widget elementor-widget-heading\" data-id=\"12ceda7\" data-element_type=\"widget\" data-widget_type=\"heading.default\">\n\t\t\t\t<div class=\"elementor-widget-container\">\n\t\t\t<h2 class=\"elementor-heading-title elementor-size-default\">Es el patrocinio econ\u00f3mico que la ACHO ofrece a sus Miembros Activos para rotaciones extramurales en el exterior, estudios de maestr\u00eda, doctorados y postgrados o formaciones acad\u00e9micas formales dentro y fuera del pa\u00eds, en Hematolog\u00eda y Oncolog\u00eda.<\/h2>\t\t<\/div>\n\t\t\t\t<\/div>\n\t\t\t\t<div class=\"elementor-element elementor-element-3c1cb0b elementor-widget elementor-widget-heading\" data-id=\"3c1cb0b\" data-element_type=\"widget\" data-widget_type=\"heading.default\">\n\t\t\t\t<div class=\"elementor-widget-container\">\n\t\t\t<h2 class=\"elementor-heading-title elementor-size-default\">\u00a1No dejen pasar esta oportunidad! Juntos, podemos hacer posible que sus sue\u00f1os acad\u00e9micos se conviertan en realidad.<\/h2>\t\t<\/div>\n\t\t\t\t<\/div>\n\t\t\t\t<\/div>\n\t\t\t\t\t<\/div>\n\t\t\t\t<\/div>\n\t\t<div class=\"elementor-element elementor-element-5a919dc e-con-full elementor-hidden-tablet elementor-hidden-mobile e-flex e-con e-parent\" data-id=\"5a919dc\" data-element_type=\"container\" data-settings=\"{&quot;background_background&quot;:&quot;classic&quot;}\">\n\t\t\t\t<\/div>\n\t\t<div class=\"elementor-element elementor-element-4cc57cb e-con-full elementor-hidden-desktop e-flex e-con e-parent\" data-id=\"4cc57cb\" data-element_type=\"container\" data-settings=\"{&quot;background_background&quot;:&quot;classic&quot;}\">\n\t\t\t\t<\/div>\n\t\t<div class=\"elementor-element elementor-element-6fc3e58 elementor-hidden-tablet elementor-hidden-mobile e-flex e-con-boxed e-con e-parent\" data-id=\"6fc3e58\" data-element_type=\"container\">\n\t\t\t\t\t<div class=\"e-con-inner\">\n\t\t<div class=\"elementor-element elementor-element-99822a0 e-con-full e-flex e-con e-child\" data-id=\"99822a0\" data-element_type=\"container\">\n\t\t\t\t<div class=\"elementor-element elementor-element-a7edfca elementor-widget elementor-widget-heading\" data-id=\"a7edfca\" data-element_type=\"widget\" data-widget_type=\"heading.default\">\n\t\t\t\t<div class=\"elementor-widget-container\">\n\t\t\t<h2 class=\"elementor-heading-title elementor-size-default\">Objetivos Becas ACHO<\/h2>\t\t<\/div>\n\t\t\t\t<\/div>\n\t\t<div class=\"elementor-element elementor-element-4562baf e-flex e-con-boxed e-con e-child\" data-id=\"4562baf\" data-element_type=\"container\">\n\t\t\t\t\t<div class=\"e-con-inner\">\n\t\t<div class=\"elementor-element elementor-element-0d41dbd e-con-full e-flex e-con e-child\" data-id=\"0d41dbd\" data-element_type=\"container\">\n\t\t\t\t<div class=\"elementor-element elementor-element-c872ef0 elementor-widget elementor-widget-image\" data-id=\"c872ef0\" data-element_type=\"widget\" data-widget_type=\"image.default\">\n\t\t\t\t<div class=\"elementor-widget-container\">\n\t\t\t\t\t\t\t\t\t\t\t\t\t<img decoding=\"async\" width=\"30\" height=\"30\" src=\"https:\/\/acho.com.co\/wp-content\/uploads\/2024\/03\/lets-icons_check-fill-2.png\" class=\"attachment-large size-large wp-image-86\" alt=\"\" \/>\t\t\t\t\t\t\t\t\t\t\t\t\t<\/div>\n\t\t\t\t<\/div>\n\t\t\t\t<\/div>\n\t\t<div class=\"elementor-element elementor-element-edb9505 e-flex e-con-boxed e-con e-child\" data-id=\"edb9505\" data-element_type=\"container\">\n\t\t\t\t\t<div class=\"e-con-inner\">\n\t\t\t\t<div class=\"elementor-element elementor-element-0981885 elementor-widget elementor-widget-heading\" data-id=\"0981885\" data-element_type=\"widget\" data-widget_type=\"heading.default\">\n\t\t\t\t<div class=\"elementor-widget-container\">\n\t\t\t<h2 class=\"elementor-heading-title elementor-size-default\">Garantizar la educaci\u00f3n m\u00e9dica continuada de los miembros ACHO.<\/h2>\t\t<\/div>\n\t\t\t\t<\/div>\n\t\t\t\t\t<\/div>\n\t\t\t\t<\/div>\n\t\t\t\t\t<\/div>\n\t\t\t\t<\/div>\n\t\t<div class=\"elementor-element elementor-element-65cdfd0 e-con-full e-flex e-con e-child\" data-id=\"65cdfd0\" data-element_type=\"container\">\n\t\t<div class=\"elementor-element elementor-element-ea03d70 e-con-full e-flex e-con e-child\" data-id=\"ea03d70\" data-element_type=\"container\">\n\t\t\t\t<div class=\"elementor-element elementor-element-f06360f elementor-widget elementor-widget-image\" data-id=\"f06360f\" data-element_type=\"widget\" data-widget_type=\"image.default\">\n\t\t\t\t<div class=\"elementor-widget-container\">\n\t\t\t\t\t\t\t\t\t\t\t\t\t<img decoding=\"async\" width=\"30\" height=\"30\" src=\"https:\/\/acho.com.co\/wp-content\/uploads\/2024\/03\/lets-icons_check-fill-2.png\" class=\"attachment-large size-large wp-image-86\" alt=\"\" \/>\t\t\t\t\t\t\t\t\t\t\t\t\t<\/div>\n\t\t\t\t<\/div>\n\t\t\t\t<\/div>\n\t\t<div class=\"elementor-element elementor-element-38d2b04 e-flex e-con-boxed e-con e-child\" data-id=\"38d2b04\" data-element_type=\"container\">\n\t\t\t\t\t<div class=\"e-con-inner\">\n\t\t\t\t<div class=\"elementor-element elementor-element-eb2b9e4 elementor-widget elementor-widget-heading\" data-id=\"eb2b9e4\" data-element_type=\"widget\" data-widget_type=\"heading.default\">\n\t\t\t\t<div class=\"elementor-widget-container\">\n\t\t\t<h2 class=\"elementor-heading-title elementor-size-default\">Patrocinar a los especialistas en entrenamiento para la realizaci\u00f3n de rotaciones extramurales en instituciones acad\u00e9micamente reconocidas a nivel mundial.<\/h2>\t\t<\/div>\n\t\t\t\t<\/div>\n\t\t\t\t\t<\/div>\n\t\t\t\t<\/div>\n\t\t\t\t<\/div>\n\t\t<div class=\"elementor-element elementor-element-5a3e251 e-flex e-con-boxed e-con e-child\" data-id=\"5a3e251\" data-element_type=\"container\">\n\t\t\t\t\t<div class=\"e-con-inner\">\n\t\t<div class=\"elementor-element elementor-element-22f95d2 e-con-full e-flex e-con e-child\" data-id=\"22f95d2\" data-element_type=\"container\">\n\t\t\t\t<div class=\"elementor-element elementor-element-7032241 elementor-widget elementor-widget-image\" data-id=\"7032241\" data-element_type=\"widget\" data-widget_type=\"image.default\">\n\t\t\t\t<div class=\"elementor-widget-container\">\n\t\t\t\t\t\t\t\t\t\t\t\t\t<img decoding=\"async\" width=\"30\" height=\"30\" src=\"https:\/\/acho.com.co\/wp-content\/uploads\/2024\/03\/lets-icons_check-fill-2.png\" class=\"attachment-large size-large wp-image-86\" alt=\"\" \/>\t\t\t\t\t\t\t\t\t\t\t\t\t<\/div>\n\t\t\t\t<\/div>\n\t\t\t\t<\/div>\n\t\t<div class=\"elementor-element elementor-element-9622598 e-flex e-con-boxed e-con e-child\" data-id=\"9622598\" data-element_type=\"container\">\n\t\t\t\t\t<div class=\"e-con-inner\">\n\t\t\t\t<div class=\"elementor-element elementor-element-56c7416 elementor-widget elementor-widget-heading\" data-id=\"56c7416\" data-element_type=\"widget\" data-widget_type=\"heading.default\">\n\t\t\t\t<div class=\"elementor-widget-container\">\n\t\t\t<h2 class=\"elementor-heading-title elementor-size-default\">Patrocinar a los miembros para la realizaci\u00f3n de estudios de profundizaci\u00f3n en Oncologia y\/o Hematolog\u00eda, aportando as\u00ed al pa\u00eds especialistas con la mayor formaci\u00f3n posible en campos espec\u00edficos del quehacer de las especialidades en beneficio de los pacientes y cumpliendo con nuestra labor misional.<\/h2>\t\t<\/div>\n\t\t\t\t<\/div>\n\t\t\t\t\t<\/div>\n\t\t\t\t<\/div>\n\t\t\t\t\t<\/div>\n\t\t\t\t<\/div>\n\t\t\t\t<\/div>\n\t\t<div class=\"elementor-element elementor-element-764a356 e-con-full e-flex e-con e-child\" data-id=\"764a356\" data-element_type=\"container\">\n\t\t<div class=\"elementor-element elementor-element-bcbfb53 e-flex e-con-boxed e-con e-child\" data-id=\"bcbfb53\" data-element_type=\"container\" data-settings=\"{&quot;background_background&quot;:&quot;classic&quot;}\">\n\t\t\t\t\t<div class=\"e-con-inner\">\n\t\t\t\t\t<\/div>\n\t\t\t\t<\/div>\n\t\t<div class=\"elementor-element elementor-element-43074f1 e-con-full e-flex e-con e-child\" data-id=\"43074f1\" data-element_type=\"container\" data-settings=\"{&quot;background_background&quot;:&quot;classic&quot;}\">\n\t\t\t\t<div class=\"elementor-element elementor-element-a326eeb elementor-widget__width-inherit elementor-widget elementor-widget-heading\" data-id=\"a326eeb\" data-element_type=\"widget\" data-widget_type=\"heading.default\">\n\t\t\t\t<div class=\"elementor-widget-container\">\n\t\t\t<h2 class=\"elementor-heading-title elementor-size-default\">Convocatoria y Requisitos<\/h2>\t\t<\/div>\n\t\t\t\t<\/div>\n\t\t\t\t<div class=\"elementor-element elementor-element-3b4e69b elementor-widget elementor-widget-heading\" data-id=\"3b4e69b\" data-element_type=\"widget\" data-widget_type=\"heading.default\">\n\t\t\t\t<div class=\"elementor-widget-container\">\n\t\t\t<h2 class=\"elementor-heading-title elementor-size-default\">Para rotaci\u00f3n extramural en el exterior y estudios de profundizaci\u00f3n en hematolog\u00eda y\/o oncolog\u00eda para miembros ACHO<\/h2>\t\t<\/div>\n\t\t\t\t<\/div>\n\t\t\t\t<div class=\"elementor-element elementor-element-8e17582 elementor-widget elementor-widget-sina_dynamic_button\" data-id=\"8e17582\" data-element_type=\"widget\" data-widget_type=\"sina_dynamic_button.default\">\n\t\t\t\t<div class=\"elementor-widget-container\">\n\t\t\t\t\t<div class=\"sina-dynamic-button\">\r\n\t\t\t<a  class=\"sina-dynamic-btn\" href=\"https:\/\/acho.com.co\/wp-content\/uploads\/2024\/07\/CONVOCATORIA-BECAS-ACHO-2024.pdf\"\r\n\t\t\t\t\t\t\t\t\t\t\t\t>\r\n\t\t\t\t\t\t\tDescargar convocatoria\t\t\t\t\t<i class=\"icofont icofont-download sina-icon-right\"><\/i>\r\n\t\t\t\t\t\t<\/a>\r\n\t\t<\/div><!-- .sina-dynamic-button -->\r\n\t\t\t\t<\/div>\n\t\t\t\t<\/div>\n\t\t\t\t<\/div>\n\t\t\t\t<\/div>\n\t\t\t\t\t<\/div>\n\t\t\t\t<\/div>\n\t\t<div class=\"elementor-element elementor-element-3305486 elementor-hidden-desktop e-flex e-con-boxed e-con e-parent\" data-id=\"3305486\" data-element_type=\"container\">\n\t\t\t\t\t<div class=\"e-con-inner\">\n\t\t<div class=\"elementor-element elementor-element-0a579c9 e-con-full e-flex e-con e-child\" data-id=\"0a579c9\" data-element_type=\"container\">\n\t\t\t\t<div class=\"elementor-element elementor-element-570172d elementor-widget elementor-widget-heading\" data-id=\"570172d\" data-element_type=\"widget\" data-widget_type=\"heading.default\">\n\t\t\t\t<div class=\"elementor-widget-container\">\n\t\t\t<h2 class=\"elementor-heading-title elementor-size-default\">Objetivos Becas ACHO<\/h2>\t\t<\/div>\n\t\t\t\t<\/div>\n\t\t<div class=\"elementor-element elementor-element-a2074ff e-flex e-con-boxed e-con e-child\" data-id=\"a2074ff\" data-element_type=\"container\">\n\t\t\t\t\t<div class=\"e-con-inner\">\n\t\t<div class=\"elementor-element elementor-element-3939f99 e-con-full e-flex e-con e-child\" data-id=\"3939f99\" data-element_type=\"container\">\n\t\t\t\t<div class=\"elementor-element elementor-element-8c25082 elementor-widget elementor-widget-image\" data-id=\"8c25082\" data-element_type=\"widget\" data-widget_type=\"image.default\">\n\t\t\t\t<div class=\"elementor-widget-container\">\n\t\t\t\t\t\t\t\t\t\t\t\t\t<img decoding=\"async\" width=\"30\" height=\"30\" src=\"https:\/\/acho.com.co\/wp-content\/uploads\/2024\/03\/lets-icons_check-fill-2.png\" class=\"attachment-large size-large wp-image-86\" alt=\"\" \/>\t\t\t\t\t\t\t\t\t\t\t\t\t<\/div>\n\t\t\t\t<\/div>\n\t\t\t\t<\/div>\n\t\t<div class=\"elementor-element elementor-element-3cffc11 e-con-full e-flex e-con e-child\" data-id=\"3cffc11\" data-element_type=\"container\">\n\t\t\t\t<div class=\"elementor-element elementor-element-166d274 elementor-widget elementor-widget-heading\" data-id=\"166d274\" data-element_type=\"widget\" data-widget_type=\"heading.default\">\n\t\t\t\t<div class=\"elementor-widget-container\">\n\t\t\t<h2 class=\"elementor-heading-title elementor-size-default\">Garantizar la educaci\u00f3n m\u00e9dica continuada de los miembros ACHO.<\/h2>\t\t<\/div>\n\t\t\t\t<\/div>\n\t\t\t\t<\/div>\n\t\t\t\t\t<\/div>\n\t\t\t\t<\/div>\n\t\t<div class=\"elementor-element elementor-element-93134f7 e-con-full e-flex e-con e-child\" data-id=\"93134f7\" data-element_type=\"container\">\n\t\t<div class=\"elementor-element elementor-element-aef2e05 e-con-full e-flex e-con e-child\" data-id=\"aef2e05\" data-element_type=\"container\">\n\t\t\t\t<div class=\"elementor-element elementor-element-610c24b elementor-widget elementor-widget-image\" data-id=\"610c24b\" data-element_type=\"widget\" data-widget_type=\"image.default\">\n\t\t\t\t<div class=\"elementor-widget-container\">\n\t\t\t\t\t\t\t\t\t\t\t\t\t<img decoding=\"async\" width=\"30\" height=\"30\" src=\"https:\/\/acho.com.co\/wp-content\/uploads\/2024\/03\/lets-icons_check-fill-2.png\" class=\"attachment-large size-large wp-image-86\" alt=\"\" \/>\t\t\t\t\t\t\t\t\t\t\t\t\t<\/div>\n\t\t\t\t<\/div>\n\t\t\t\t<\/div>\n\t\t<div class=\"elementor-element elementor-element-e08dba5 e-con-full e-flex e-con e-child\" data-id=\"e08dba5\" data-element_type=\"container\">\n\t\t\t\t<div class=\"elementor-element elementor-element-dd71e2b elementor-widget elementor-widget-heading\" data-id=\"dd71e2b\" data-element_type=\"widget\" data-widget_type=\"heading.default\">\n\t\t\t\t<div class=\"elementor-widget-container\">\n\t\t\t<h2 class=\"elementor-heading-title elementor-size-default\">Patrocinar a los especialistas en entrenamiento para la realizaci\u00f3n de rotaciones extramurales en instituciones acad\u00e9micamente reconocidas a nivel mundial.<\/h2>\t\t<\/div>\n\t\t\t\t<\/div>\n\t\t\t\t<\/div>\n\t\t\t\t<\/div>\n\t\t<div class=\"elementor-element elementor-element-36e9d41 e-flex e-con-boxed e-con e-child\" data-id=\"36e9d41\" data-element_type=\"container\">\n\t\t\t\t\t<div class=\"e-con-inner\">\n\t\t<div class=\"elementor-element elementor-element-98e0cce e-con-full e-flex e-con e-child\" data-id=\"98e0cce\" data-element_type=\"container\">\n\t\t\t\t<div class=\"elementor-element elementor-element-19817f6 elementor-widget elementor-widget-image\" data-id=\"19817f6\" data-element_type=\"widget\" data-widget_type=\"image.default\">\n\t\t\t\t<div class=\"elementor-widget-container\">\n\t\t\t\t\t\t\t\t\t\t\t\t\t<img decoding=\"async\" width=\"30\" height=\"30\" src=\"https:\/\/acho.com.co\/wp-content\/uploads\/2024\/03\/lets-icons_check-fill-2.png\" class=\"attachment-large size-large wp-image-86\" alt=\"\" \/>\t\t\t\t\t\t\t\t\t\t\t\t\t<\/div>\n\t\t\t\t<\/div>\n\t\t\t\t<\/div>\n\t\t<div class=\"elementor-element elementor-element-9dc16c3 e-con-full e-flex e-con e-child\" data-id=\"9dc16c3\" data-element_type=\"container\">\n\t\t\t\t<div class=\"elementor-element elementor-element-13d3072 elementor-widget elementor-widget-heading\" data-id=\"13d3072\" data-element_type=\"widget\" data-widget_type=\"heading.default\">\n\t\t\t\t<div class=\"elementor-widget-container\">\n\t\t\t<h2 class=\"elementor-heading-title elementor-size-default\">Patrocinar a los miembros para la realizaci\u00f3n de estudios de profundizaci\u00f3n en Oncologia y\/o Hematolog\u00eda, aportando as\u00ed al pa\u00eds especialistas con la mayor formaci\u00f3n posible en campos espec\u00edficos del quehacer de las especialidades en beneficio de los pacientes y cumpliendo con nuestra labor misional.<\/h2>\t\t<\/div>\n\t\t\t\t<\/div>\n\t\t\t\t<\/div>\n\t\t\t\t\t<\/div>\n\t\t\t\t<\/div>\n\t\t\t\t<\/div>\n\t\t<div class=\"elementor-element elementor-element-3d82436 e-con-full e-flex e-con e-child\" data-id=\"3d82436\" data-element_type=\"container\">\n\t\t<div class=\"elementor-element elementor-element-d76b39f e-flex e-con-boxed e-con e-child\" data-id=\"d76b39f\" data-element_type=\"container\" data-settings=\"{&quot;background_background&quot;:&quot;classic&quot;}\">\n\t\t\t\t\t<div class=\"e-con-inner\">\n\t\t\t\t\t<\/div>\n\t\t\t\t<\/div>\n\t\t<div class=\"elementor-element elementor-element-ee60180 e-con-full e-flex e-con e-child\" data-id=\"ee60180\" data-element_type=\"container\" data-settings=\"{&quot;background_background&quot;:&quot;classic&quot;}\">\n\t\t\t\t<div class=\"elementor-element elementor-element-1771925 elementor-widget__width-inherit elementor-widget elementor-widget-heading\" data-id=\"1771925\" data-element_type=\"widget\" data-widget_type=\"heading.default\">\n\t\t\t\t<div class=\"elementor-widget-container\">\n\t\t\t<h2 class=\"elementor-heading-title elementor-size-default\">Convocatoria y Requisitos<\/h2>\t\t<\/div>\n\t\t\t\t<\/div>\n\t\t\t\t<div class=\"elementor-element elementor-element-caf68a6 elementor-widget elementor-widget-heading\" data-id=\"caf68a6\" data-element_type=\"widget\" data-widget_type=\"heading.default\">\n\t\t\t\t<div class=\"elementor-widget-container\">\n\t\t\t<h2 class=\"elementor-heading-title elementor-size-default\">Para rotaci\u00f3n extramural en el exterior y estudios de profundizaci\u00f3n en hematolog\u00eda y\/o oncolog\u00eda para miembros ACHO<\/h2>\t\t<\/div>\n\t\t\t\t<\/div>\n\t\t\t\t<div class=\"elementor-element elementor-element-8a04c6a elementor-widget elementor-widget-sina_dynamic_button\" data-id=\"8a04c6a\" data-element_type=\"widget\" data-widget_type=\"sina_dynamic_button.default\">\n\t\t\t\t<div class=\"elementor-widget-container\">\n\t\t\t\t\t<div class=\"sina-dynamic-button\">\r\n\t\t\t<a  class=\"sina-dynamic-btn\" href=\"https:\/\/drive.google.com\/file\/d\/18ui-rP10p_bU8xVz-pWEFZCpO5gdpbXA\/view\"\r\n\t\t\t\t\t\t\t\t\t\t\t\t>\r\n\t\t\t\t\t\t\tDescargar convocatoria\t\t\t\t\t<i class=\"icofont icofont-download sina-icon-right\"><\/i>\r\n\t\t\t\t\t\t<\/a>\r\n\t\t<\/div><!-- .sina-dynamic-button -->\r\n\t\t\t\t<\/div>\n\t\t\t\t<\/div>\n\t\t\t\t<\/div>\n\t\t\t\t<\/div>\n\t\t\t\t\t<\/div>\n\t\t\t\t<\/div>\n\t\t\t\t<\/div>\n\t\t\n    <div class=\"xs_social_share_widget xs_share_url after_content \t\tmain_content  wslu-style-1 wslu-share-box-shaped wslu-fill-colored wslu-none wslu-share-horizontal wslu-theme-font-no wslu-main_content\">\n\n\t\t\n        <ul>\n\t\t\t        <\/ul>\n    <\/div>","protected":false},"excerpt":{"rendered":"<p>Becas ACHO Becas ACHO \u00bfQ\u00fae es la Beca ACHO? Es el patrocinio econ\u00f3mico que la ACHO ofrece a sus Miembros Activos para rotaciones extramurales en el exterior, estudios de maestr\u00eda, [&hellip;]<\/p>","protected":false},"author":1,"featured_media":0,"parent":0,"menu_order":0,"comment_status":"closed","ping_status":"closed","template":"elementor_header_footer","meta":{"postBodyCss":"","postBodyMargin":[],"postBodyPadding":[],"postBodyBackground":{"backgroundType":"classic","gradient":""},"footnotes":""},"class_list":["post-213","page","type-page","status-publish","hentry"],"_links":{"self":[{"href":"https:\/\/acho.com.co\/en\/wp-json\/wp\/v2\/pages\/213","targetHints":{"allow":["GET"]}}],"collection":[{"href":"https:\/\/acho.com.co\/en\/wp-json\/wp\/v2\/pages"}],"about":[{"href":"https:\/\/acho.com.co\/en\/wp-json\/wp\/v2\/types\/page"}],"author":[{"embeddable":true,"href":"https:\/\/acho.com.co\/en\/wp-json\/wp\/v2\/users\/1"}],"replies":[{"embeddable":true,"href":"https:\/\/acho.com.co\/en\/wp-json\/wp\/v2\/comments?post=213"}],"version-history":[{"count":67,"href":"https:\/\/acho.com.co\/en\/wp-json\/wp\/v2\/pages\/213\/revisions"}],"predecessor-version":[{"id":5993,"href":"https:\/\/acho.com.co\/en\/wp-json\/wp\/v2\/pages\/213\/revisions\/5993"}],"wp:attachment":[{"href":"https:\/\/acho.com.co\/en\/wp-json\/wp\/v2\/media?parent=213"}],"curies":[{"name":"wp","href":"https:\/\/api.w.org\/{rel}","templated":true}]}}