{"id":4327,"date":"2024-06-14T14:50:48","date_gmt":"2024-06-14T17:50:48","guid":{"rendered":"https:\/\/acho.com.co\/?page_id=4327"},"modified":"2025-07-02T11:11:27","modified_gmt":"2025-07-02T14:11:27","slug":"registro-web-esal","status":"publish","type":"page","link":"https:\/\/acho.com.co\/en\/registro-web-esal\/","title":{"rendered":"Registro\u00a0web &#8211; ESAL"},"content":{"rendered":"<div data-elementor-type=\"wp-page\" data-elementor-id=\"4327\" class=\"elementor elementor-4327\" data-elementor-post-type=\"page\">\n\t\t\t\t<div class=\"elementor-element elementor-element-99d36d8 e-con-full elementor-hidden-tablet elementor-hidden-mobile e-flex e-con e-parent\" data-id=\"99d36d8\" data-element_type=\"container\" data-settings=\"{&quot;background_background&quot;:&quot;classic&quot;}\">\n\t\t\t\t<div class=\"elementor-element elementor-element-523fa18 elementor-widget elementor-widget-heading\" data-id=\"523fa18\" data-element_type=\"widget\" data-widget_type=\"heading.default\">\n\t\t\t\t<div class=\"elementor-widget-container\">\n\t\t\t<style>\/*! elementor - v3.23.0 - 05-08-2024 *\/\n.elementor-heading-title{padding:0;margin:0;line-height:1}.elementor-widget-heading .elementor-heading-title[class*=elementor-size-]>a{color:inherit;font-size:inherit;line-height:inherit}.elementor-widget-heading .elementor-heading-title.elementor-size-small{font-size:15px}.elementor-widget-heading .elementor-heading-title.elementor-size-medium{font-size:19px}.elementor-widget-heading .elementor-heading-title.elementor-size-large{font-size:29px}.elementor-widget-heading .elementor-heading-title.elementor-size-xl{font-size:39px}.elementor-widget-heading .elementor-heading-title.elementor-size-xxl{font-size:59px}<\/style><h2 class=\"elementor-heading-title elementor-size-xl\">R\u00e9gimen Tributario Especial<\/h2>\t\t<\/div>\n\t\t\t\t<\/div>\n\t\t\t\t<\/div>\n\t\t<div class=\"elementor-element elementor-element-5a3cdef e-flex e-con-boxed e-con e-parent\" data-id=\"5a3cdef\" data-element_type=\"container\">\n\t\t\t\t\t<div class=\"e-con-inner\">\n\t\t\t\t<div class=\"elementor-element elementor-element-8b69d80 elementor-widget elementor-widget-heading\" data-id=\"8b69d80\" data-element_type=\"widget\" data-widget_type=\"heading.default\">\n\t\t\t\t<div class=\"elementor-widget-container\">\n\t\t\t<h2 class=\"elementor-heading-title elementor-size-default\">ACTUALIZACI\u00d3N REGISTRO WEB \u2013 REGIMEN TRIBUTARIO ESPECIAL-  ESAL -DIAN 2025<\/h2>\t\t<\/div>\n\t\t\t\t<\/div>\n\t\t\t\t<div class=\"elementor-element elementor-element-f54618d elementor-widget elementor-widget-heading\" data-id=\"f54618d\" data-element_type=\"widget\" data-widget_type=\"heading.default\">\n\t\t\t\t<div class=\"elementor-widget-container\">\n\t\t\t<h2 class=\"elementor-heading-title elementor-size-default\">La <strong>ASOCIACI\u00d3N COLOMBIANA DE HEMATOLOG\u00cdA Y ONCOLOG\u00cdA- ACHO<\/strong>, entidad sin \u00e1nimo de lucro, conforme a lo establecido en el decreto 2150 del 20 de diciembre de 2017, ha presentado la actualizaci\u00f3n en r\u00e9gimen tributario especial RTE ante la DIAN. A continuaci\u00f3n, se encuentran publicados los documentos exigidos para el efecto.<\/h2>\t\t<\/div>\n\t\t\t\t<\/div>\n\t\t\t\t\t<\/div>\n\t\t\t\t<\/div>\n\t\t<div class=\"elementor-element elementor-element-75c7872 e-flex e-con-boxed e-con e-parent\" data-id=\"75c7872\" data-element_type=\"container\">\n\t\t\t\t\t<div class=\"e-con-inner\">\n\t\t<div class=\"elementor-element elementor-element-c3cd0b5 e-con-full e-flex e-con e-child\" data-id=\"c3cd0b5\" data-element_type=\"container\">\n\t\t\t\t<div class=\"elementor-element elementor-element-bf1047a elementor-widget__width-initial elementor-widget elementor-widget-image\" data-id=\"bf1047a\" data-element_type=\"widget\" data-widget_type=\"image.default\">\n\t\t\t\t<div class=\"elementor-widget-container\">\n\t\t\t<style>\/*! elementor - v3.23.0 - 05-08-2024 *\/\n.elementor-widget-image{text-align:center}.elementor-widget-image a{display:inline-block}.elementor-widget-image a img[src$=\".svg\"]{width:48px}.elementor-widget-image img{vertical-align:middle;display:inline-block}<\/style>\t\t\t\t\t\t\t\t\t\t\t<a href=\"https:\/\/drive.google.com\/file\/d\/1Qt3WfrnOj6BxpmTojwbvnzMKiD9fNnn-\/view?usp=sharing\">\n\t\t\t\t\t\t\t<img decoding=\"async\" width=\"40\" height=\"35\" src=\"https:\/\/acho.com.co\/wp-content\/uploads\/2024\/03\/Boton-6.png\" class=\"attachment-full size-full wp-image-89\" alt=\"\" \/>\t\t\t\t\t\t\t\t<\/a>\n\t\t\t\t\t\t\t\t\t\t\t\t\t<\/div>\n\t\t\t\t<\/div>\n\t\t\t\t<div class=\"elementor-element elementor-element-9727e9d elementor-widget__width-initial elementor-widget elementor-widget-sina_dynamic_button\" data-id=\"9727e9d\" data-element_type=\"widget\" data-widget_type=\"sina_dynamic_button.default\">\n\t\t\t\t<div class=\"elementor-widget-container\">\n\t\t\t\t\t<div class=\"sina-dynamic-button\">\r\n\t\t\t<a  class=\"sina-dynamic-btn\" href=\"https:\/\/acho.com.co\/wp-content\/uploads\/2024\/06\/1.-INFORME-DE-GESTION-2023.pdf\"\r\n\t\t\t\t\t\t\t\t\t\t\t\t>\r\n\t\t\t\t\t\t\t1.     Informe anual de resultados o de gesti\u00f3n que prevea datos sobre sus proyectos en curso y los finalizados, los ingresos, los contratos realizados, subsidios y aportes recibidos, as\u00ed como las metas logradas en beneficio de la comunidad.\t\t\t\t\t<\/a>\r\n\t\t<\/div><!-- .sina-dynamic-button -->\r\n\t\t\t\t<\/div>\n\t\t\t\t<\/div>\n\t\t\t\t<\/div>\n\t\t<div class=\"elementor-element elementor-element-13044bf e-con-full e-flex e-con e-child\" data-id=\"13044bf\" data-element_type=\"container\">\n\t\t\t\t<div class=\"elementor-element elementor-element-a94e39d elementor-widget__width-initial elementor-widget elementor-widget-image\" data-id=\"a94e39d\" data-element_type=\"widget\" data-widget_type=\"image.default\">\n\t\t\t\t<div class=\"elementor-widget-container\">\n\t\t\t\t\t\t\t\t\t\t\t\t\t\t<a href=\"https:\/\/drive.google.com\/file\/d\/16CmCvbbia7rC_uFqrZmHASt-uT4AMadm\/view?usp=sharing\">\n\t\t\t\t\t\t\t<img decoding=\"async\" width=\"40\" height=\"35\" src=\"https:\/\/acho.com.co\/wp-content\/uploads\/2024\/03\/Boton-6.png\" class=\"attachment-full size-full wp-image-89\" alt=\"\" \/>\t\t\t\t\t\t\t\t<\/a>\n\t\t\t\t\t\t\t\t\t\t\t\t\t<\/div>\n\t\t\t\t<\/div>\n\t\t\t\t<div class=\"elementor-element elementor-element-1afcf8e elementor-widget__width-initial elementor-widget elementor-widget-sina_dynamic_button\" data-id=\"1afcf8e\" data-element_type=\"widget\" data-widget_type=\"sina_dynamic_button.default\">\n\t\t\t\t<div class=\"elementor-widget-container\">\n\t\t\t\t\t<div class=\"sina-dynamic-button\">\r\n\t\t\t<a  class=\"sina-dynamic-btn\" href=\"https:\/\/acho.com.co\/wp-content\/uploads\/2024\/06\/2.ESTADOS-FINANCIEROS-CON-NOTAS-A-31-DICIEMBRE-2023-2022-ACHO.pdf\"\r\n\t\t\t\t\t\t\t\t\t\t\t\t>\r\n\t\t\t\t\t\t\t2.     Los estados financieros de la entidad del a\u00f1o inmediatamente anterior debidamente aprobados por el m\u00e1ximo \u00f3rgano de administraci\u00f3n.\t\t\t\t\t<\/a>\r\n\t\t<\/div><!-- .sina-dynamic-button -->\r\n\t\t\t\t<\/div>\n\t\t\t\t<\/div>\n\t\t\t\t<\/div>\n\t\t<div class=\"elementor-element elementor-element-8e82108 e-con-full e-flex e-con e-child\" data-id=\"8e82108\" data-element_type=\"container\">\n\t\t\t\t<div class=\"elementor-element elementor-element-539d341 elementor-widget__width-initial elementor-widget elementor-widget-image\" data-id=\"539d341\" data-element_type=\"widget\" data-widget_type=\"image.default\">\n\t\t\t\t<div class=\"elementor-widget-container\">\n\t\t\t\t\t\t\t\t\t\t\t\t\t\t<a href=\"https:\/\/drive.google.com\/file\/d\/1DwEKhmrhpXPqa3czXla4iW_F9uWSvDnC\/view?usp=sharing\">\n\t\t\t\t\t\t\t<img decoding=\"async\" width=\"40\" height=\"35\" src=\"https:\/\/acho.com.co\/wp-content\/uploads\/2024\/03\/Boton-6.png\" class=\"attachment-full size-full wp-image-89\" alt=\"\" \/>\t\t\t\t\t\t\t\t<\/a>\n\t\t\t\t\t\t\t\t\t\t\t\t\t<\/div>\n\t\t\t\t<\/div>\n\t\t\t\t<div class=\"elementor-element elementor-element-c73c683 elementor-widget__width-initial elementor-widget elementor-widget-sina_dynamic_button\" data-id=\"c73c683\" data-element_type=\"widget\" data-widget_type=\"sina_dynamic_button.default\">\n\t\t\t\t<div class=\"elementor-widget-container\">\n\t\t\t\t\t<div class=\"sina-dynamic-button\">\r\n\t\t\t<a  class=\"sina-dynamic-btn\" href=\"https:\/\/acho.com.co\/wp-content\/uploads\/2024\/06\/3.-CERTIFICACION-DE-CUMPLIMIENTO-DE-REQUISITOS-PARA-PERMANECER-RTE-ANO-2023.pdf\"\r\n\t\t\t\t\t\t\t\t\t\t\t\t>\r\n\t\t\t\t\t\t\t3.     Certificaci\u00f3n de Requisitos del representante legal o revisor fiscal en el que evidencia que han cumplido con todos los requisitos durante el respectivo a\u00f1o del respectivo a\u00f1o, conforme lo ordena el numeral 13 del par\u00e1grafo 2 del art\u00edculo 364-5 E.T.\t\t\t\t\t<\/a>\r\n\t\t<\/div><!-- .sina-dynamic-button -->\r\n\t\t\t\t<\/div>\n\t\t\t\t<\/div>\n\t\t\t\t<\/div>\n\t\t<div class=\"elementor-element elementor-element-01af352 e-con-full e-flex e-con e-child\" data-id=\"01af352\" data-element_type=\"container\">\n\t\t\t\t<div class=\"elementor-element elementor-element-b80c15d elementor-widget__width-initial elementor-widget elementor-widget-image\" data-id=\"b80c15d\" data-element_type=\"widget\" data-widget_type=\"image.default\">\n\t\t\t\t<div class=\"elementor-widget-container\">\n\t\t\t\t\t\t\t\t\t\t\t\t\t\t<a href=\"https:\/\/drive.google.com\/file\/d\/1RGm0Ll5xUe0uqVG9NUM8sQZxfim7ub_i\/view?usp=sharing\">\n\t\t\t\t\t\t\t<img decoding=\"async\" width=\"40\" height=\"35\" src=\"https:\/\/acho.com.co\/wp-content\/uploads\/2024\/03\/Boton-6.png\" class=\"attachment-full size-full wp-image-89\" alt=\"\" \/>\t\t\t\t\t\t\t\t<\/a>\n\t\t\t\t\t\t\t\t\t\t\t\t\t<\/div>\n\t\t\t\t<\/div>\n\t\t\t\t<div class=\"elementor-element elementor-element-803d207 elementor-widget__width-initial elementor-widget elementor-widget-sina_dynamic_button\" data-id=\"803d207\" data-element_type=\"widget\" data-widget_type=\"sina_dynamic_button.default\">\n\t\t\t\t<div class=\"elementor-widget-container\">\n\t\t\t\t\t<div class=\"sina-dynamic-button\">\r\n\t\t\t<a  class=\"sina-dynamic-btn\" href=\"https:\/\/acho.com.co\/wp-content\/uploads\/2024\/06\/4.-ACTA-CONSTITUCION-ACHO.pdf\"\r\n\t\t\t\t\t\t\t\t\t\t\t\t>\r\n\t\t\t\t\t\t\t4.     Copia de la escritura p\u00fablica, documento privado o acta de constituci\u00f3n en donde conste que est\u00e1 legalmente constituida. Solo si se modifica con relaci\u00f3n a la presentada anteriormente.\t\t\t\t\t<\/a>\r\n\t\t<\/div><!-- .sina-dynamic-button -->\r\n\t\t\t\t<\/div>\n\t\t\t\t<\/div>\n\t\t\t\t<\/div>\n\t\t<div class=\"elementor-element elementor-element-620801c e-con-full e-flex e-con e-child\" data-id=\"620801c\" data-element_type=\"container\">\n\t\t\t\t<div class=\"elementor-element elementor-element-6f97c41 elementor-widget__width-initial elementor-widget elementor-widget-image\" data-id=\"6f97c41\" data-element_type=\"widget\" data-widget_type=\"image.default\">\n\t\t\t\t<div class=\"elementor-widget-container\">\n\t\t\t\t\t\t\t\t\t\t\t\t\t\t<a href=\"https:\/\/drive.google.com\/file\/d\/1_KNb7gIVAkjhsbuN26f55m7-1b_fULbT\/view?usp=sharing\">\n\t\t\t\t\t\t\t<img decoding=\"async\" width=\"40\" height=\"35\" src=\"https:\/\/acho.com.co\/wp-content\/uploads\/2024\/03\/Boton-6.png\" class=\"attachment-full size-full wp-image-89\" alt=\"\" \/>\t\t\t\t\t\t\t\t<\/a>\n\t\t\t\t\t\t\t\t\t\t\t\t\t<\/div>\n\t\t\t\t<\/div>\n\t\t\t\t<div class=\"elementor-element elementor-element-10ff2c3 elementor-widget__width-initial elementor-widget elementor-widget-sina_dynamic_button\" data-id=\"10ff2c3\" data-element_type=\"widget\" data-widget_type=\"sina_dynamic_button.default\">\n\t\t\t\t<div class=\"elementor-widget-container\">\n\t\t\t\t\t<div class=\"sina-dynamic-button\">\r\n\t\t\t<a  class=\"sina-dynamic-btn\" href=\"https:\/\/acho.com.co\/wp-content\/uploads\/2024\/06\/5-CERTIFICADO-DE-EXISTENCIA-CCB-ACHO.pdf\"\r\n\t\t\t\t\t\t\t\t\t\t\t\t>\r\n\t\t\t\t\t\t\t5.     Certificado de existencia y representaci\u00f3n legal expedido por la autoridad competente, en el cual figuren sus administradores, representantes y miembros del consejo u \u00f3rgano directivo cuando hubiere lugar a ello.\t\t\t\t\t<\/a>\r\n\t\t<\/div><!-- .sina-dynamic-button -->\r\n\t\t\t\t<\/div>\n\t\t\t\t<\/div>\n\t\t\t\t<\/div>\n\t\t<div class=\"elementor-element elementor-element-2884197 e-con-full e-flex e-con e-child\" data-id=\"2884197\" data-element_type=\"container\">\n\t\t\t\t<div class=\"elementor-element elementor-element-49ec4fc elementor-widget__width-initial elementor-widget elementor-widget-image\" data-id=\"49ec4fc\" data-element_type=\"widget\" data-widget_type=\"image.default\">\n\t\t\t\t<div class=\"elementor-widget-container\">\n\t\t\t\t\t\t\t\t\t\t\t\t\t\t<a href=\"https:\/\/drive.google.com\/file\/d\/18MQG-g51o7tkgMhC97Xz6PGl5BHyXE7o\/view?usp=sharing\">\n\t\t\t\t\t\t\t<img decoding=\"async\" width=\"40\" height=\"35\" src=\"https:\/\/acho.com.co\/wp-content\/uploads\/2024\/03\/Boton-6.png\" class=\"attachment-full size-full wp-image-89\" alt=\"\" \/>\t\t\t\t\t\t\t\t<\/a>\n\t\t\t\t\t\t\t\t\t\t\t\t\t<\/div>\n\t\t\t\t<\/div>\n\t\t\t\t<div class=\"elementor-element elementor-element-ed35951 elementor-widget__width-initial elementor-widget elementor-widget-sina_dynamic_button\" data-id=\"ed35951\" data-element_type=\"widget\" data-widget_type=\"sina_dynamic_button.default\">\n\t\t\t\t<div class=\"elementor-widget-container\">\n\t\t\t\t\t<div class=\"sina-dynamic-button\">\r\n\t\t\t<a  class=\"sina-dynamic-btn\" href=\"https:\/\/acho.com.co\/wp-content\/uploads\/2024\/06\/6-CERTIFICACION-ANTECEDENTES-JUDICIALES-Y-CADUCIDAD-DE-CONTRATOS-ACHO-2024.pdf\"\r\n\t\t\t\t\t\t\t\t\t\t\t\t>\r\n\t\t\t\t\t\t\t6.     Certificaci\u00f3n del Representante Legal de los antecedentes judiciales y declaraci\u00f3n de caducidad de contratos estatales de los miembros de la junta directiva, fundadores, representantes legales o miembros de los \u00f3rganos de direcci\u00f3n de conformidad con el numeral 3 art\u00edculo 364-3 E.T.\t\t\t\t\t<\/a>\r\n\t\t<\/div><!-- .sina-dynamic-button -->\r\n\t\t\t\t<\/div>\n\t\t\t\t<\/div>\n\t\t\t\t<\/div>\n\t\t<div class=\"elementor-element elementor-element-e830201 e-con-full e-flex e-con e-child\" data-id=\"e830201\" data-element_type=\"container\">\n\t\t\t\t<div class=\"elementor-element elementor-element-72fc852 elementor-widget__width-initial elementor-widget elementor-widget-image\" data-id=\"72fc852\" data-element_type=\"widget\" data-widget_type=\"image.default\">\n\t\t\t\t<div class=\"elementor-widget-container\">\n\t\t\t\t\t\t\t\t\t\t\t\t\t\t<a href=\"https:\/\/drive.google.com\/file\/d\/187FZr1X01UrRonXyDEEIh56FSk_ljl8X\/view?usp=sharing\">\n\t\t\t\t\t\t\t<img decoding=\"async\" width=\"40\" height=\"35\" src=\"https:\/\/acho.com.co\/wp-content\/uploads\/2024\/03\/Boton-6.png\" class=\"attachment-full size-full wp-image-89\" alt=\"\" \/>\t\t\t\t\t\t\t\t<\/a>\n\t\t\t\t\t\t\t\t\t\t\t\t\t<\/div>\n\t\t\t\t<\/div>\n\t\t\t\t<div class=\"elementor-element elementor-element-010e7b3 elementor-widget__width-initial elementor-widget elementor-widget-sina_dynamic_button\" data-id=\"010e7b3\" data-element_type=\"widget\" data-widget_type=\"sina_dynamic_button.default\">\n\t\t\t\t<div class=\"elementor-widget-container\">\n\t\t\t\t\t<div class=\"sina-dynamic-button\">\r\n\t\t\t<a  class=\"sina-dynamic-btn\" href=\"https:\/\/acho.com.co\/wp-content\/uploads\/2024\/06\/7-y-9-ACTA-ASAMBLEA-ORDINARIA-MARZO-2024.pdf\"\r\n\t\t\t\t\t\t\t\t\t\t\t\t>\r\n\t\t\t\t\t\t\t7.     Acta de la asamblea o m\u00e1ximo \u00f3rgano de direcci\u00f3n que indica el estado de las asignaciones permanentes de los a\u00f1os gravables anteriores de conformidad con el art\u00edculo 1.2.1.5.1.27 del Decreto 1625 de 2016. Solo aplica cuando haya lugar a ello.\t\t\t\t\t<\/a>\r\n\t\t<\/div><!-- .sina-dynamic-button -->\r\n\t\t\t\t<\/div>\n\t\t\t\t<\/div>\n\t\t\t\t<\/div>\n\t\t<div class=\"elementor-element elementor-element-5ffb132 e-con-full e-flex e-con e-child\" data-id=\"5ffb132\" data-element_type=\"container\">\n\t\t\t\t<div class=\"elementor-element elementor-element-9b92ae1 elementor-widget__width-initial elementor-widget elementor-widget-image\" data-id=\"9b92ae1\" data-element_type=\"widget\" data-widget_type=\"image.default\">\n\t\t\t\t<div class=\"elementor-widget-container\">\n\t\t\t\t\t\t\t\t\t\t\t\t\t\t<a href=\"https:\/\/drive.google.com\/file\/d\/1AK5COuMbnew3p-d0aOERyI72DUfRUx45\/view?usp=sharing\">\n\t\t\t\t\t\t\t<img decoding=\"async\" width=\"40\" height=\"35\" src=\"https:\/\/acho.com.co\/wp-content\/uploads\/2024\/03\/Boton-6.png\" class=\"attachment-full size-full wp-image-89\" alt=\"\" \/>\t\t\t\t\t\t\t\t<\/a>\n\t\t\t\t\t\t\t\t\t\t\t\t\t<\/div>\n\t\t\t\t<\/div>\n\t\t\t\t<div class=\"elementor-element elementor-element-69c5395 elementor-widget__width-initial elementor-widget elementor-widget-sina_dynamic_button\" data-id=\"69c5395\" data-element_type=\"widget\" data-widget_type=\"sina_dynamic_button.default\">\n\t\t\t\t<div class=\"elementor-widget-container\">\n\t\t\t\t\t<div class=\"sina-dynamic-button\">\r\n\t\t\t<a  class=\"sina-dynamic-btn\" href=\"https:\/\/acho.com.co\/wp-content\/uploads\/2024\/06\/8.-REFORMA-ESTATUTARIA-ACHO-2024.pdf\"\r\n\t\t\t\t\t\t\t\t\t\t\t\t>\r\n\t\t\t\t\t\t\t8.     Copia de los estatutos  \t\t\t\t\t<\/a>\r\n\t\t<\/div><!-- .sina-dynamic-button -->\r\n\t\t\t\t<\/div>\n\t\t\t\t<\/div>\n\t\t\t\t<\/div>\n\t\t<div class=\"elementor-element elementor-element-3d45b74 e-con-full e-flex e-con e-child\" data-id=\"3d45b74\" data-element_type=\"container\">\n\t\t\t\t<div class=\"elementor-element elementor-element-d13d5a3 elementor-widget__width-initial elementor-widget elementor-widget-image\" data-id=\"d13d5a3\" data-element_type=\"widget\" data-widget_type=\"image.default\">\n\t\t\t\t<div class=\"elementor-widget-container\">\n\t\t\t\t\t\t\t\t\t\t\t\t\t\t<a href=\"https:\/\/drive.google.com\/file\/d\/187FZr1X01UrRonXyDEEIh56FSk_ljl8X\/view?usp=sharing\">\n\t\t\t\t\t\t\t<img decoding=\"async\" width=\"40\" height=\"35\" src=\"https:\/\/acho.com.co\/wp-content\/uploads\/2024\/03\/Boton-6.png\" class=\"attachment-full size-full wp-image-89\" alt=\"\" \/>\t\t\t\t\t\t\t\t<\/a>\n\t\t\t\t\t\t\t\t\t\t\t\t\t<\/div>\n\t\t\t\t<\/div>\n\t\t\t\t<div class=\"elementor-element elementor-element-4008275 elementor-widget__width-initial elementor-widget elementor-widget-sina_dynamic_button\" data-id=\"4008275\" data-element_type=\"widget\" data-widget_type=\"sina_dynamic_button.default\">\n\t\t\t\t<div class=\"elementor-widget-container\">\n\t\t\t\t\t<div class=\"sina-dynamic-button\">\r\n\t\t\t<a  class=\"sina-dynamic-btn\" href=\"https:\/\/acho.com.co\/wp-content\/uploads\/2024\/06\/7-y-9-ACTA-ASAMBLEA-ORDINARIA-MARZO-2024.pdf\"\r\n\t\t\t\t\t\t\t\t\t\t\t\t>\r\n\t\t\t\t\t\t\t9.     Acta de la Asamblea General o m\u00e1ximo \u00f3rgano de direcci\u00f3n en el que se aprob\u00f3 la distribuci\u00f3n del beneficio neto o excedente del respectivo a\u00f1o gravable. Numeral 3, Par\u00e1grafo 2\u00b0 del art\u00edculo 364-5 ET.\t\t\t\t\t<\/a>\r\n\t\t<\/div><!-- .sina-dynamic-button -->\r\n\t\t\t\t<\/div>\n\t\t\t\t<\/div>\n\t\t\t\t<\/div>\n\t\t<div class=\"elementor-element elementor-element-83a536f e-con-full e-flex e-con e-child\" data-id=\"83a536f\" data-element_type=\"container\">\n\t\t\t\t<div class=\"elementor-element elementor-element-532f74d elementor-widget__width-initial elementor-widget elementor-widget-image\" data-id=\"532f74d\" data-element_type=\"widget\" data-widget_type=\"image.default\">\n\t\t\t\t<div class=\"elementor-widget-container\">\n\t\t\t\t\t\t\t\t\t\t\t\t\t\t<a href=\"https:\/\/drive.google.com\/file\/d\/1s9BZYStepWFNyDGaUzQXTwLi5HwJ_rKY\/view?usp=sharing\">\n\t\t\t\t\t\t\t<img decoding=\"async\" width=\"40\" height=\"35\" src=\"https:\/\/acho.com.co\/wp-content\/uploads\/2024\/03\/Boton-6.png\" class=\"attachment-full size-full wp-image-89\" alt=\"\" \/>\t\t\t\t\t\t\t\t<\/a>\n\t\t\t\t\t\t\t\t\t\t\t\t\t<\/div>\n\t\t\t\t<\/div>\n\t\t\t\t<div class=\"elementor-element elementor-element-78866b5 elementor-widget__width-initial elementor-widget elementor-widget-sina_dynamic_button\" data-id=\"78866b5\" data-element_type=\"widget\" data-widget_type=\"sina_dynamic_button.default\">\n\t\t\t\t<div class=\"elementor-widget-container\">\n\t\t\t\t\t<div class=\"sina-dynamic-button\">\r\n\t\t\t<a  class=\"sina-dynamic-btn\" href=\"https:\/\/acho.com.co\/wp-content\/uploads\/2024\/06\/10.-CERTIFICACION-DE-CARGOS-DIRECTIVOS-Y-GERENCIALES-ANO-2023-ACHO.pdf\"\r\n\t\t\t\t\t\t\t\t\t\t\t\t>\r\n\t\t\t\t\t\t\t10. Certificaci\u00f3n donde se indiquen los nombres e identificaci\u00f3n de los cargos directivos y gerenciales, y de manera global el concepto y valor de la remuneraci\u00f3n de dichos cargos.\t\t\t\t\t<\/a>\r\n\t\t<\/div><!-- .sina-dynamic-button -->\r\n\t\t\t\t<\/div>\n\t\t\t\t<\/div>\n\t\t\t\t<\/div>\n\t\t<div class=\"elementor-element elementor-element-23dadb8 e-con-full e-flex e-con e-child\" data-id=\"23dadb8\" data-element_type=\"container\">\n\t\t\t\t<div class=\"elementor-element elementor-element-35abbb1 elementor-widget__width-initial elementor-widget elementor-widget-image\" data-id=\"35abbb1\" data-element_type=\"widget\" data-widget_type=\"image.default\">\n\t\t\t\t<div class=\"elementor-widget-container\">\n\t\t\t\t\t\t\t\t\t\t\t\t\t\t<a href=\"https:\/\/drive.google.com\/file\/d\/1ta85S4cFHYCSEfkdrY-Ip0Z2prL2iJpa\/view?usp=sharing\">\n\t\t\t\t\t\t\t<img decoding=\"async\" width=\"40\" height=\"35\" src=\"https:\/\/acho.com.co\/wp-content\/uploads\/2024\/03\/Boton-6.png\" class=\"attachment-full size-full wp-image-89\" alt=\"\" \/>\t\t\t\t\t\t\t\t<\/a>\n\t\t\t\t\t\t\t\t\t\t\t\t\t<\/div>\n\t\t\t\t<\/div>\n\t\t\t\t<div class=\"elementor-element elementor-element-60404ae elementor-widget__width-initial elementor-widget elementor-widget-sina_dynamic_button\" data-id=\"60404ae\" data-element_type=\"widget\" data-widget_type=\"sina_dynamic_button.default\">\n\t\t\t\t<div class=\"elementor-widget-container\">\n\t\t\t\t\t<div class=\"sina-dynamic-button\">\r\n\t\t\t<a  class=\"sina-dynamic-btn\" href=\"https:\/\/acho.com.co\/wp-content\/uploads\/2024\/06\/11.FORMATO-5245-Presentacion-Actualizacion-RTE-ACHO-2024.pdf\"\r\n\t\t\t\t\t\t\t\t\t\t\t\t>\r\n\t\t\t\t\t\t\t11. Formulario 5245 Solicitud R\u00e9gimen Tributario Especial Asociaci\u00f3n Colombiana De Hematolog\u00eda y Oncolog\u00eda\t\t\t\t\t<\/a>\r\n\t\t<\/div><!-- .sina-dynamic-button -->\r\n\t\t\t\t<\/div>\n\t\t\t\t<\/div>\n\t\t\t\t<\/div>\n\t\t<div class=\"elementor-element elementor-element-ae7d99f e-con-full e-flex e-con e-child\" data-id=\"ae7d99f\" data-element_type=\"container\">\n\t\t\t\t<div class=\"elementor-element elementor-element-cc5b37e elementor-widget__width-initial elementor-widget elementor-widget-image\" data-id=\"cc5b37e\" data-element_type=\"widget\" data-widget_type=\"image.default\">\n\t\t\t\t<div class=\"elementor-widget-container\">\n\t\t\t\t\t\t\t\t\t\t\t\t\t\t<a href=\"https:\/\/drive.google.com\/file\/d\/1-uUCeQ1bXJXn8JdL5rfYSFCqKhZFYfvI\/view?usp=sharing\">\n\t\t\t\t\t\t\t<img decoding=\"async\" width=\"40\" height=\"35\" src=\"https:\/\/acho.com.co\/wp-content\/uploads\/2024\/03\/Boton-6.png\" class=\"attachment-full size-full wp-image-89\" alt=\"\" \/>\t\t\t\t\t\t\t\t<\/a>\n\t\t\t\t\t\t\t\t\t\t\t\t\t<\/div>\n\t\t\t\t<\/div>\n\t\t\t\t<div class=\"elementor-element elementor-element-aff6fb9 elementor-widget__width-initial elementor-widget elementor-widget-sina_dynamic_button\" data-id=\"aff6fb9\" data-element_type=\"widget\" data-widget_type=\"sina_dynamic_button.default\">\n\t\t\t\t<div class=\"elementor-widget-container\">\n\t\t\t\t\t<div class=\"sina-dynamic-button\">\r\n\t\t\t<a  class=\"sina-dynamic-btn\" href=\"https:\/\/acho.com.co\/wp-content\/uploads\/2024\/06\/12.-Memoria-Economica-ACHO-Ano-2023.pdf\"\r\n\t\t\t\t\t\t\t\t\t\t\t\t>\r\n\t\t\t\t\t\t\t12. Memoria econ\u00f3mica\t\t\t\t\t<\/a>\r\n\t\t<\/div><!-- .sina-dynamic-button -->\r\n\t\t\t\t<\/div>\n\t\t\t\t<\/div>\n\t\t\t\t<\/div>\n\t\t\t\t\t<\/div>\n\t\t\t\t<\/div>\n\t\t\t\t<\/div>\n\t\t\n    <div class=\"xs_social_share_widget xs_share_url after_content \t\tmain_content  wslu-style-1 wslu-share-box-shaped wslu-fill-colored wslu-none wslu-share-horizontal wslu-theme-font-no wslu-main_content\">\n\n\t\t\n        <ul>\n\t\t\t        <\/ul>\n    <\/div>","protected":false},"excerpt":{"rendered":"<p>R\u00e9gimen Tributario Especial ACTUALIZACI\u00d3N REGISTRO WEB \u2013 REGIMEN TRIBUTARIO ESPECIAL- ESAL -DIAN 2025 La ASOCIACI\u00d3N COLOMBIANA DE HEMATOLOG\u00cdA Y ONCOLOG\u00cdA- ACHO, entidad sin \u00e1nimo de lucro, conforme a lo establecido [&hellip;]<\/p>","protected":false},"author":1,"featured_media":0,"parent":0,"menu_order":0,"comment_status":"closed","ping_status":"closed","template":"elementor_header_footer","meta":{"postBodyCss":"","postBodyMargin":[],"postBodyPadding":[],"postBodyBackground":{"backgroundType":"classic","gradient":""},"footnotes":""},"class_list":["post-4327","page","type-page","status-publish","hentry"],"_links":{"self":[{"href":"https:\/\/acho.com.co\/en\/wp-json\/wp\/v2\/pages\/4327","targetHints":{"allow":["GET"]}}],"collection":[{"href":"https:\/\/acho.com.co\/en\/wp-json\/wp\/v2\/pages"}],"about":[{"href":"https:\/\/acho.com.co\/en\/wp-json\/wp\/v2\/types\/page"}],"author":[{"embeddable":true,"href":"https:\/\/acho.com.co\/en\/wp-json\/wp\/v2\/users\/1"}],"replies":[{"embeddable":true,"href":"https:\/\/acho.com.co\/en\/wp-json\/wp\/v2\/comments?post=4327"}],"version-history":[{"count":136,"href":"https:\/\/acho.com.co\/en\/wp-json\/wp\/v2\/pages\/4327\/revisions"}],"predecessor-version":[{"id":8667,"href":"https:\/\/acho.com.co\/en\/wp-json\/wp\/v2\/pages\/4327\/revisions\/8667"}],"wp:attachment":[{"href":"https:\/\/acho.com.co\/en\/wp-json\/wp\/v2\/media?parent=4327"}],"curies":[{"name":"wp","href":"https:\/\/api.w.org\/{rel}","templated":true}]}}