{"id":5646,"date":"2024-10-10T16:20:15","date_gmt":"2024-10-10T19:20:15","guid":{"rendered":"https:\/\/acho.com.co\/?page_id=5646"},"modified":"2024-10-10T17:20:26","modified_gmt":"2024-10-10T20:20:26","slug":"cups-sistema-reproductor","status":"publish","type":"page","link":"https:\/\/acho.com.co\/en\/cups-sistema-reproductor\/","title":{"rendered":"CUPS &#8211; Sistema Reproductor"},"content":{"rendered":"<div data-elementor-type=\"wp-page\" data-elementor-id=\"5646\" class=\"elementor elementor-5646\" data-elementor-post-type=\"page\">\n\t\t\t\t<div class=\"elementor-element elementor-element-8d0eceb e-con-full e-flex e-con e-parent\" data-id=\"8d0eceb\" data-element_type=\"container\" data-settings=\"{&quot;background_background&quot;:&quot;classic&quot;}\">\n\t\t\t\t<div class=\"elementor-element elementor-element-bd81d93 elementor-widget elementor-widget-heading\" data-id=\"bd81d93\" data-element_type=\"widget\" data-widget_type=\"heading.default\">\n\t\t\t\t<div class=\"elementor-widget-container\">\n\t\t\t<style>\/*! elementor - v3.23.0 - 05-08-2024 *\/\n.elementor-heading-title{padding:0;margin:0;line-height:1}.elementor-widget-heading .elementor-heading-title[class*=elementor-size-]>a{color:inherit;font-size:inherit;line-height:inherit}.elementor-widget-heading .elementor-heading-title.elementor-size-small{font-size:15px}.elementor-widget-heading .elementor-heading-title.elementor-size-medium{font-size:19px}.elementor-widget-heading .elementor-heading-title.elementor-size-large{font-size:29px}.elementor-widget-heading .elementor-heading-title.elementor-size-xl{font-size:39px}.elementor-widget-heading .elementor-heading-title.elementor-size-xxl{font-size:59px}<\/style><h2 class=\"elementor-heading-title elementor-size-xl\">CUPS - SISTEMA REPRODUCTOR<\/h2>\t\t<\/div>\n\t\t\t\t<\/div>\n\t\t\t\t<\/div>\n\t\t<div class=\"elementor-element elementor-element-d5f291f e-flex e-con-boxed e-con e-parent\" data-id=\"d5f291f\" data-element_type=\"container\">\n\t\t\t\t\t<div class=\"e-con-inner\">\n\t\t\t\t<div class=\"elementor-element elementor-element-76ca026 elementor-widget elementor-widget-heading\" data-id=\"76ca026\" data-element_type=\"widget\" data-widget_type=\"heading.default\">\n\t\t\t\t<div class=\"elementor-widget-container\">\n\t\t\t<h2 class=\"elementor-heading-title elementor-size-default\">PROCEDIMIENTOS DIAGN\u00d3STICOS EN SISTEMA REPRODUCTOR<\/h2>\t\t<\/div>\n\t\t\t\t<\/div>\n\t\t\t\t<div class=\"elementor-element elementor-element-d876a8f elementor-widget elementor-widget-heading\" data-id=\"d876a8f\" data-element_type=\"widget\" data-widget_type=\"heading.default\">\n\t\t\t\t<div class=\"elementor-widget-container\">\n\t\t\t<h2 class=\"elementor-heading-title elementor-size-default\">En esta secci\u00f3n se encuentran procedimientos de frecuente uso para confirmar o descartar malignidad del sistema reproductor, con sus respectivos c\u00f3digos CUPS Actualizaci\u00f3n 2024<\/h2>\t\t<\/div>\n\t\t\t\t<\/div>\n\t\t\t\t\t<\/div>\n\t\t\t\t<\/div>\n\t\t<div class=\"elementor-element elementor-element-45d5045 e-flex e-con-boxed e-con e-parent\" data-id=\"45d5045\" data-element_type=\"container\">\n\t\t\t\t\t<div class=\"e-con-inner\">\n\t\t\t\t<div class=\"elementor-element elementor-element-ac8102b elementor-widget__width-inherit elementor-widget elementor-widget-toggle\" data-id=\"ac8102b\" data-element_type=\"widget\" data-widget_type=\"toggle.default\">\n\t\t\t\t<div class=\"elementor-widget-container\">\n\t\t\t<style>\/*! elementor - v3.23.0 - 05-08-2024 *\/\n.elementor-toggle{text-align:start}.elementor-toggle .elementor-tab-title{font-weight:700;line-height:1;margin:0;padding:15px;border-bottom:1px solid #d5d8dc;cursor:pointer;outline:none}.elementor-toggle .elementor-tab-title .elementor-toggle-icon{display:inline-block;width:1em}.elementor-toggle .elementor-tab-title .elementor-toggle-icon svg{margin-inline-start:-5px;width:1em;height:1em}.elementor-toggle .elementor-tab-title .elementor-toggle-icon.elementor-toggle-icon-right{float:right;text-align:right}.elementor-toggle .elementor-tab-title .elementor-toggle-icon.elementor-toggle-icon-left{float:left;text-align:left}.elementor-toggle .elementor-tab-title .elementor-toggle-icon .elementor-toggle-icon-closed{display:block}.elementor-toggle .elementor-tab-title .elementor-toggle-icon .elementor-toggle-icon-opened{display:none}.elementor-toggle .elementor-tab-title.elementor-active{border-bottom:none}.elementor-toggle .elementor-tab-title.elementor-active .elementor-toggle-icon-closed{display:none}.elementor-toggle .elementor-tab-title.elementor-active .elementor-toggle-icon-opened{display:block}.elementor-toggle .elementor-tab-content{padding:15px;border-bottom:1px solid #d5d8dc;display:none}@media (max-width:767px){.elementor-toggle .elementor-tab-title{padding:12px}.elementor-toggle .elementor-tab-content{padding:12px 10px}}.e-con-inner>.elementor-widget-toggle,.e-con>.elementor-widget-toggle{width:var(--container-widget-width);--flex-grow:var(--container-widget-flex-grow)}<\/style>\t\t<div class=\"elementor-toggle\">\n\t\t\t\t\t\t\t<div class=\"elementor-toggle-item\">\n\t\t\t\t\t<h5 id=\"elementor-tab-title-1801\" class=\"elementor-tab-title\" data-tab=\"1\" role=\"button\" aria-controls=\"elementor-tab-content-1801\" aria-expanded=\"false\">\n\t\t\t\t\t\t\t\t\t\t\t\t<span class=\"elementor-toggle-icon elementor-toggle-icon-left\" aria-hidden=\"true\">\n\t\t\t\t\t\t\t\t\t\t\t\t\t\t\t<span class=\"elementor-toggle-icon-closed\"><svg class=\"e-font-icon-svg e-fas-chevron-down\" viewbox=\"0 0 448 512\" xmlns=\"http:\/\/www.w3.org\/2000\/svg\"><path d=\"M207.029 381.476L12.686 187.132c-9.373-9.373-9.373-24.569 0-33.941l22.667-22.667c9.357-9.357 24.522-9.375 33.901-.04L224 284.505l154.745-154.021c9.379-9.335 24.544-9.317 33.901.04l22.667 22.667c9.373 9.373 9.373 24.569 0 33.941L240.971 381.476c-9.373 9.372-24.569 9.372-33.942 0z\"><\/path><\/svg><\/span>\n\t\t\t\t\t\t\t\t<span class=\"elementor-toggle-icon-opened\"><svg class=\"elementor-toggle-icon-opened e-font-icon-svg e-fas-briefcase-medical\" viewbox=\"0 0 512 512\" xmlns=\"http:\/\/www.w3.org\/2000\/svg\"><path d=\"M464 128h-80V80c0-26.5-21.5-48-48-48H176c-26.5 0-48 21.5-48 48v48H48c-26.5 0-48 21.5-48 48v288c0 26.5 21.5 48 48 48h416c26.5 0 48-21.5 48-48V176c0-26.5-21.5-48-48-48zM192 96h128v32H192V96zm160 248c0 4.4-3.6 8-8 8h-56v56c0 4.4-3.6 8-8 8h-48c-4.4 0-8-3.6-8-8v-56h-56c-4.4 0-8-3.6-8-8v-48c0-4.4 3.6-8 8-8h56v-56c0-4.4 3.6-8 8-8h48c4.4 0 8 3.6 8 8v56h56c4.4 0 8 3.6 8 8v48z\"><\/path><\/svg><\/span>\n\t\t\t\t\t\t\t\t\t\t\t\t\t<\/span>\n\t\t\t\t\t\t\t\t\t\t\t\t<a class=\"elementor-toggle-title\" tabindex=\"0\">PROCEDIMIENTOS DIAGN\u00d3STICOS EN SISTEMA REPRODUCTOR MASCULINO<\/a>\n\t\t\t\t\t<\/h5>\n\n\t\t\t\t\t<div id=\"elementor-tab-content-1801\" class=\"elementor-tab-content elementor-clearfix\" data-tab=\"1\" role=\"region\" aria-labelledby=\"elementor-tab-title-1801\"><p><img fetchpriority=\"high\" decoding=\"async\" class=\"aligncenter wp-image-5653 size-full\" src=\"https:\/\/acho.com.co\/wp-content\/uploads\/2024\/10\/CUPS_Sistema-reproductor-2024_page-0001.jpg\" alt=\"\" width=\"924\" height=\"521\" srcset=\"https:\/\/acho.com.co\/wp-content\/uploads\/2024\/10\/CUPS_Sistema-reproductor-2024_page-0001.jpg 924w, https:\/\/acho.com.co\/wp-content\/uploads\/2024\/10\/CUPS_Sistema-reproductor-2024_page-0001-300x169.jpg 300w, https:\/\/acho.com.co\/wp-content\/uploads\/2024\/10\/CUPS_Sistema-reproductor-2024_page-0001-768x433.jpg 768w\" sizes=\"(max-width: 924px) 100vw, 924px\" \/><\/p><\/div>\n\t\t\t\t<\/div>\n\t\t\t\t\t\t\t<div class=\"elementor-toggle-item\">\n\t\t\t\t\t<h5 id=\"elementor-tab-title-1802\" class=\"elementor-tab-title\" data-tab=\"2\" role=\"button\" aria-controls=\"elementor-tab-content-1802\" aria-expanded=\"false\">\n\t\t\t\t\t\t\t\t\t\t\t\t<span class=\"elementor-toggle-icon elementor-toggle-icon-left\" aria-hidden=\"true\">\n\t\t\t\t\t\t\t\t\t\t\t\t\t\t\t<span class=\"elementor-toggle-icon-closed\"><svg class=\"e-font-icon-svg e-fas-chevron-down\" viewbox=\"0 0 448 512\" xmlns=\"http:\/\/www.w3.org\/2000\/svg\"><path d=\"M207.029 381.476L12.686 187.132c-9.373-9.373-9.373-24.569 0-33.941l22.667-22.667c9.357-9.357 24.522-9.375 33.901-.04L224 284.505l154.745-154.021c9.379-9.335 24.544-9.317 33.901.04l22.667 22.667c9.373 9.373 9.373 24.569 0 33.941L240.971 381.476c-9.373 9.372-24.569 9.372-33.942 0z\"><\/path><\/svg><\/span>\n\t\t\t\t\t\t\t\t<span class=\"elementor-toggle-icon-opened\"><svg class=\"elementor-toggle-icon-opened e-font-icon-svg e-fas-briefcase-medical\" viewbox=\"0 0 512 512\" xmlns=\"http:\/\/www.w3.org\/2000\/svg\"><path d=\"M464 128h-80V80c0-26.5-21.5-48-48-48H176c-26.5 0-48 21.5-48 48v48H48c-26.5 0-48 21.5-48 48v288c0 26.5 21.5 48 48 48h416c26.5 0 48-21.5 48-48V176c0-26.5-21.5-48-48-48zM192 96h128v32H192V96zm160 248c0 4.4-3.6 8-8 8h-56v56c0 4.4-3.6 8-8 8h-48c-4.4 0-8-3.6-8-8v-56h-56c-4.4 0-8-3.6-8-8v-48c0-4.4 3.6-8 8-8h56v-56c0-4.4 3.6-8 8-8h48c4.4 0 8 3.6 8 8v56h56c4.4 0 8 3.6 8 8v48z\"><\/path><\/svg><\/span>\n\t\t\t\t\t\t\t\t\t\t\t\t\t<\/span>\n\t\t\t\t\t\t\t\t\t\t\t\t<a class=\"elementor-toggle-title\" tabindex=\"0\">PROCEDIMIENTOS DIAGN\u00d3STICOS EN SISTEMA REPRODUCTOR FEMENINO<\/a>\n\t\t\t\t\t<\/h5>\n\n\t\t\t\t\t<div id=\"elementor-tab-content-1802\" class=\"elementor-tab-content elementor-clearfix\" data-tab=\"2\" role=\"region\" aria-labelledby=\"elementor-tab-title-1802\"><p><img decoding=\"async\" class=\"aligncenter wp-image-5652 size-full\" src=\"https:\/\/acho.com.co\/wp-content\/uploads\/2024\/10\/CUPS_Sistema-reproductor-2024_page-0001-copia.jpg\" alt=\"\" width=\"927\" height=\"601\" srcset=\"https:\/\/acho.com.co\/wp-content\/uploads\/2024\/10\/CUPS_Sistema-reproductor-2024_page-0001-copia.jpg 927w, https:\/\/acho.com.co\/wp-content\/uploads\/2024\/10\/CUPS_Sistema-reproductor-2024_page-0001-copia-300x194.jpg 300w, https:\/\/acho.com.co\/wp-content\/uploads\/2024\/10\/CUPS_Sistema-reproductor-2024_page-0001-copia-768x498.jpg 768w\" sizes=\"(max-width: 927px) 100vw, 927px\" \/><\/p><\/div>\n\t\t\t\t<\/div>\n\t\t\t\t\t\t\t\t<\/div>\n\t\t\t\t<\/div>\n\t\t\t\t<\/div>\n\t\t\t\t\t<\/div>\n\t\t\t\t<\/div>\n\t\t<div class=\"elementor-element elementor-element-b77cd95 e-flex e-con-boxed e-con e-parent\" data-id=\"b77cd95\" data-element_type=\"container\">\n\t\t\t\t\t<div class=\"e-con-inner\">\n\t\t\t\t<div class=\"elementor-element elementor-element-7ed9726 elementor-widget elementor-widget-heading\" data-id=\"7ed9726\" data-element_type=\"widget\" data-widget_type=\"heading.default\">\n\t\t\t\t<div class=\"elementor-widget-container\">\n\t\t\t<h2 class=\"elementor-heading-title elementor-size-default\">PROCEDIMIENTOS QUIR\u00daRGICOS EN SISTEMA REPRODUCTOR<\/h2>\t\t<\/div>\n\t\t\t\t<\/div>\n\t\t\t\t<div class=\"elementor-element elementor-element-aabf28c elementor-widget elementor-widget-heading\" data-id=\"aabf28c\" data-element_type=\"widget\" data-widget_type=\"heading.default\">\n\t\t\t\t<div class=\"elementor-widget-container\">\n\t\t\t<h2 class=\"elementor-heading-title elementor-size-default\">En esta secci\u00f3n se encuentran procedimientos quir\u00fargicos de frecuente uso en malignidad del sistema reproductor, con sus respectivos c\u00f3digos CUPS\nActualizaci\u00f3n 2024<\/h2>\t\t<\/div>\n\t\t\t\t<\/div>\n\t\t\t\t\t<\/div>\n\t\t\t\t<\/div>\n\t\t<div class=\"elementor-element elementor-element-f9ebd24 e-flex e-con-boxed e-con e-parent\" data-id=\"f9ebd24\" data-element_type=\"container\">\n\t\t\t\t\t<div class=\"e-con-inner\">\n\t\t\t\t<div class=\"elementor-element elementor-element-76881ff elementor-widget__width-inherit elementor-widget elementor-widget-toggle\" data-id=\"76881ff\" data-element_type=\"widget\" data-widget_type=\"toggle.default\">\n\t\t\t\t<div class=\"elementor-widget-container\">\n\t\t\t\t\t<div class=\"elementor-toggle\">\n\t\t\t\t\t\t\t<div class=\"elementor-toggle-item\">\n\t\t\t\t\t<h5 id=\"elementor-tab-title-1241\" class=\"elementor-tab-title\" data-tab=\"1\" role=\"button\" aria-controls=\"elementor-tab-content-1241\" aria-expanded=\"false\">\n\t\t\t\t\t\t\t\t\t\t\t\t<span class=\"elementor-toggle-icon elementor-toggle-icon-left\" aria-hidden=\"true\">\n\t\t\t\t\t\t\t\t\t\t\t\t\t\t\t<span class=\"elementor-toggle-icon-closed\"><svg class=\"e-font-icon-svg e-fas-chevron-down\" viewbox=\"0 0 448 512\" xmlns=\"http:\/\/www.w3.org\/2000\/svg\"><path d=\"M207.029 381.476L12.686 187.132c-9.373-9.373-9.373-24.569 0-33.941l22.667-22.667c9.357-9.357 24.522-9.375 33.901-.04L224 284.505l154.745-154.021c9.379-9.335 24.544-9.317 33.901.04l22.667 22.667c9.373 9.373 9.373 24.569 0 33.941L240.971 381.476c-9.373 9.372-24.569 9.372-33.942 0z\"><\/path><\/svg><\/span>\n\t\t\t\t\t\t\t\t<span class=\"elementor-toggle-icon-opened\"><svg class=\"elementor-toggle-icon-opened e-font-icon-svg e-fas-briefcase-medical\" viewbox=\"0 0 512 512\" xmlns=\"http:\/\/www.w3.org\/2000\/svg\"><path d=\"M464 128h-80V80c0-26.5-21.5-48-48-48H176c-26.5 0-48 21.5-48 48v48H48c-26.5 0-48 21.5-48 48v288c0 26.5 21.5 48 48 48h416c26.5 0 48-21.5 48-48V176c0-26.5-21.5-48-48-48zM192 96h128v32H192V96zm160 248c0 4.4-3.6 8-8 8h-56v56c0 4.4-3.6 8-8 8h-48c-4.4 0-8-3.6-8-8v-56h-56c-4.4 0-8-3.6-8-8v-48c0-4.4 3.6-8 8-8h56v-56c0-4.4 3.6-8 8-8h48c4.4 0 8 3.6 8 8v56h56c4.4 0 8 3.6 8 8v48z\"><\/path><\/svg><\/span>\n\t\t\t\t\t\t\t\t\t\t\t\t\t<\/span>\n\t\t\t\t\t\t\t\t\t\t\t\t<a class=\"elementor-toggle-title\" tabindex=\"0\">PROCEDIMIENTOS QUIR\u00daRGICOS EN SISTEMA REPRODUCTOR MASCULINO<\/a>\n\t\t\t\t\t<\/h5>\n\n\t\t\t\t\t<div id=\"elementor-tab-content-1241\" class=\"elementor-tab-content elementor-clearfix\" data-tab=\"1\" role=\"region\" aria-labelledby=\"elementor-tab-title-1241\"><p><img decoding=\"async\" class=\"aligncenter wp-image-5650 size-full\" src=\"https:\/\/acho.com.co\/wp-content\/uploads\/2024\/10\/CUPS_Sistema-reproductor-2024_page-0002.jpg\" alt=\"\" width=\"923\" height=\"621\" srcset=\"https:\/\/acho.com.co\/wp-content\/uploads\/2024\/10\/CUPS_Sistema-reproductor-2024_page-0002.jpg 923w, https:\/\/acho.com.co\/wp-content\/uploads\/2024\/10\/CUPS_Sistema-reproductor-2024_page-0002-300x202.jpg 300w, https:\/\/acho.com.co\/wp-content\/uploads\/2024\/10\/CUPS_Sistema-reproductor-2024_page-0002-768x517.jpg 768w\" sizes=\"(max-width: 923px) 100vw, 923px\" \/><\/p><\/div>\n\t\t\t\t<\/div>\n\t\t\t\t\t\t\t<div class=\"elementor-toggle-item\">\n\t\t\t\t\t<h5 id=\"elementor-tab-title-1242\" class=\"elementor-tab-title\" data-tab=\"2\" role=\"button\" aria-controls=\"elementor-tab-content-1242\" aria-expanded=\"false\">\n\t\t\t\t\t\t\t\t\t\t\t\t<span class=\"elementor-toggle-icon elementor-toggle-icon-left\" aria-hidden=\"true\">\n\t\t\t\t\t\t\t\t\t\t\t\t\t\t\t<span class=\"elementor-toggle-icon-closed\"><svg class=\"e-font-icon-svg e-fas-chevron-down\" viewbox=\"0 0 448 512\" xmlns=\"http:\/\/www.w3.org\/2000\/svg\"><path d=\"M207.029 381.476L12.686 187.132c-9.373-9.373-9.373-24.569 0-33.941l22.667-22.667c9.357-9.357 24.522-9.375 33.901-.04L224 284.505l154.745-154.021c9.379-9.335 24.544-9.317 33.901.04l22.667 22.667c9.373 9.373 9.373 24.569 0 33.941L240.971 381.476c-9.373 9.372-24.569 9.372-33.942 0z\"><\/path><\/svg><\/span>\n\t\t\t\t\t\t\t\t<span class=\"elementor-toggle-icon-opened\"><svg class=\"elementor-toggle-icon-opened e-font-icon-svg e-fas-briefcase-medical\" viewbox=\"0 0 512 512\" xmlns=\"http:\/\/www.w3.org\/2000\/svg\"><path d=\"M464 128h-80V80c0-26.5-21.5-48-48-48H176c-26.5 0-48 21.5-48 48v48H48c-26.5 0-48 21.5-48 48v288c0 26.5 21.5 48 48 48h416c26.5 0 48-21.5 48-48V176c0-26.5-21.5-48-48-48zM192 96h128v32H192V96zm160 248c0 4.4-3.6 8-8 8h-56v56c0 4.4-3.6 8-8 8h-48c-4.4 0-8-3.6-8-8v-56h-56c-4.4 0-8-3.6-8-8v-48c0-4.4 3.6-8 8-8h56v-56c0-4.4 3.6-8 8-8h48c4.4 0 8 3.6 8 8v56h56c4.4 0 8 3.6 8 8v48z\"><\/path><\/svg><\/span>\n\t\t\t\t\t\t\t\t\t\t\t\t\t<\/span>\n\t\t\t\t\t\t\t\t\t\t\t\t<a class=\"elementor-toggle-title\" tabindex=\"0\">PROCEDIMIENTOS QUIR\u00daRGICOS EN SISTEMA REPRODUCTOR FEMENINO<\/a>\n\t\t\t\t\t<\/h5>\n\n\t\t\t\t\t<div id=\"elementor-tab-content-1242\" class=\"elementor-tab-content elementor-clearfix\" data-tab=\"2\" role=\"region\" aria-labelledby=\"elementor-tab-title-1242\"><p><img loading=\"lazy\" decoding=\"async\" class=\"aligncenter wp-image-5651 size-full\" src=\"https:\/\/acho.com.co\/wp-content\/uploads\/2024\/10\/CUPS_Sistema-reproductor-2024_page-0003.jpg\" alt=\"\" width=\"719\" height=\"1368\" srcset=\"https:\/\/acho.com.co\/wp-content\/uploads\/2024\/10\/CUPS_Sistema-reproductor-2024_page-0003.jpg 719w, https:\/\/acho.com.co\/wp-content\/uploads\/2024\/10\/CUPS_Sistema-reproductor-2024_page-0003-158x300.jpg 158w, https:\/\/acho.com.co\/wp-content\/uploads\/2024\/10\/CUPS_Sistema-reproductor-2024_page-0003-538x1024.jpg 538w\" sizes=\"(max-width: 719px) 100vw, 719px\" \/><\/p><\/div>\n\t\t\t\t<\/div>\n\t\t\t\t\t\t\t\t<\/div>\n\t\t\t\t<\/div>\n\t\t\t\t<\/div>\n\t\t\t\t\t<\/div>\n\t\t\t\t<\/div>\n\t\t\t\t<\/div>\n\t\t\n    <div class=\"xs_social_share_widget xs_share_url after_content \t\tmain_content  wslu-style-1 wslu-share-box-shaped wslu-fill-colored wslu-none wslu-share-horizontal wslu-theme-font-no wslu-main_content\">\n\n\t\t\n        <ul>\n\t\t\t        <\/ul>\n    <\/div>","protected":false},"excerpt":{"rendered":"<p>CUPS &#8211; SISTEMA REPRODUCTOR PROCEDIMIENTOS DIAGN\u00d3STICOS EN SISTEMA REPRODUCTOR En esta secci\u00f3n se encuentran procedimientos de frecuente uso para confirmar o descartar malignidad del sistema reproductor, con sus respectivos c\u00f3digos [&hellip;]<\/p>","protected":false},"author":2,"featured_media":0,"parent":0,"menu_order":0,"comment_status":"closed","ping_status":"closed","template":"","meta":{"postBodyCss":"","postBodyMargin":[],"postBodyPadding":[],"postBodyBackground":{"backgroundType":"classic","gradient":""},"footnotes":""},"class_list":["post-5646","page","type-page","status-publish","hentry"],"_links":{"self":[{"href":"https:\/\/acho.com.co\/en\/wp-json\/wp\/v2\/pages\/5646","targetHints":{"allow":["GET"]}}],"collection":[{"href":"https:\/\/acho.com.co\/en\/wp-json\/wp\/v2\/pages"}],"about":[{"href":"https:\/\/acho.com.co\/en\/wp-json\/wp\/v2\/types\/page"}],"author":[{"embeddable":true,"href":"https:\/\/acho.com.co\/en\/wp-json\/wp\/v2\/users\/2"}],"replies":[{"embeddable":true,"href":"https:\/\/acho.com.co\/en\/wp-json\/wp\/v2\/comments?post=5646"}],"version-history":[{"count":7,"href":"https:\/\/acho.com.co\/en\/wp-json\/wp\/v2\/pages\/5646\/revisions"}],"predecessor-version":[{"id":5667,"href":"https:\/\/acho.com.co\/en\/wp-json\/wp\/v2\/pages\/5646\/revisions\/5667"}],"wp:attachment":[{"href":"https:\/\/acho.com.co\/en\/wp-json\/wp\/v2\/media?parent=5646"}],"curies":[{"name":"wp","href":"https:\/\/api.w.org\/{rel}","templated":true}]}}